{"id":1312,"date":"2022-10-20T09:47:54","date_gmt":"2022-10-20T06:47:54","guid":{"rendered":"https:\/\/nesugalvotinorai.lt\/?page_id=1312"},"modified":"2023-09-15T21:56:18","modified_gmt":"2023-09-15T18:56:18","slug":"pirkimo-taisykles","status":"publish","type":"page","link":"https:\/\/nesugalvotinorai.lt\/index.php\/pirkimo-taisykles\/","title":{"rendered":"Preki\u0173 pirkimo internetin\u0117je parduotuv\u0117je taisykl\u0117s"},"content":{"rendered":"\t\t<div data-elementor-type=\"wp-page\" data-elementor-id=\"1312\" class=\"elementor elementor-1312\" data-elementor-post-type=\"page\">\n\t\t\t\t<section class=\"elementor-section elementor-top-section elementor-element elementor-element-e88faa3 elementor-section-boxed elementor-section-height-default elementor-section-height-default\" data-id=\"e88faa3\" data-element_type=\"section\">\n\t\t\t\t\t\t<div class=\"elementor-container elementor-column-gap-default\">\n\t\t\t\t\t<div class=\"elementor-column elementor-col-100 elementor-top-column elementor-element elementor-element-12b3c964\" data-id=\"12b3c964\" data-element_type=\"column\">\n\t\t\t<div class=\"elementor-widget-wrap elementor-element-populated\">\n\t\t\t\t\t\t<div class=\"elementor-element elementor-element-6036723c elementor-widget elementor-widget-text-editor\" data-id=\"6036723c\" data-element_type=\"widget\" data-widget_type=\"text-editor.default\">\n\t\t\t\t<div class=\"elementor-widget-container\">\n\t\t\t\t\t\t\t\t\t<p><\/p>\n<p>1. Bendrosios nuostatos<\/p>\n<p>1.1. \u0160ios preki\u0173 pirkimo taisykl\u0117s (toliau \u201eTaisykl\u0117s\u201c), jas patvirtinus Pirk\u0117jui (susipa\u017einus su Taisykl\u0117mis bei pa\u017eym\u0117jus varnel\u0119 prie teiginio \u201eSusipa\u017einau su nesugalvotinorai.lt\u00a0taisykl\u0117mis ir su jomis sutinku\u201c), yra privalomas teisinis dokumentas, kuriame nustatomos Pirk\u0117jo ir Pardav\u0117jo teis\u0117s bei pareigos, preki\u0173 \u012fsigijimo bei apmok\u0117jimo u\u017e jas s\u0105lygos, preki\u0173 pristatymo ir gr\u0105\u017einimo tvarka, \u0161ali\u0173 atsakomyb\u0117 bei kitos su preki\u0173 pirkimu\u2013pardavimu nesugalvotinorai.lt\u00a0internetin\u0117je parduotuv\u0117je susijusios nuostatos.<\/p>\n<p>1.2. Pardav\u0117jas pasilieka teis\u0119 pakeisti, pataisyti ar papildyti Taisykles. Pirk\u0117jas, kiekvieno prisijungimo prie puslapio metu, prival\u0117s i\u0161 naujo patvirtinti Taisykles.<\/p>\n<p>1.3. Pirkti parduotuv\u0117je turi teis\u0119 visi veiksn\u016bs fiziniai asmenys ir juridiniai asmenys.<\/p>\n<p>2. Asmens duomen\u0173 apsauga<\/p>\n<p>2.1. nesugalvotinorai.lt\u00a0turi teis\u0119 rinkti asmens duomenis, kuriuos Pirk\u0117jas pateik\u0117 nesugalvotinorai.lt\u00a0ir atskleisti juos tretiesiems asmenims, jeigu tai b\u016btina u\u017esakymo \u012fvykdymui. Pirk\u0117jo duomenys gali b\u016bti panaudoti informacijai tik gavus Pirk\u0117jo sutikim\u0105 (susipa\u017einus su Taisykl\u0117mis bei pa\u017eym\u0117jus varnel\u0119 prie teiginio \u201ePerskai\u010diau ir sutinku su Taisykl\u0117mis ir s\u0105lygomis\u201c). Pirk\u0117jas turi teis\u0119 bet kuriuo metu u\u017edrausti jo asmens duomen\u0173 rinkim\u0105 ir apdorojim\u0105, i\u0161skyrus atvejus, kai tai b\u016btina reikalavim\u0173, kylan\u010di\u0173 i\u0161 pirkimo \u2013 pardavimo sutarties, \u012fvykdymui arba u\u017esakymo \u012fvykdymui. Pardav\u0117jas \u012fsipareigoja apsaugoti nuo tre\u010di\u0173j\u0173 asmen\u0173 duomenis apie internetin\u0117s parduotuv\u0117s nesugalvotinorai.lt\u00a0pirk\u0117j\u0105.<\/p>\n<p>3. Pirkimo \u2013 pardavimo sutarties \u012fsigaliojimas<\/p>\n<p>3.1. Sutartis tarp Pirk\u0117jo ir Pardav\u0117jo laikoma sudaryta nuo to momento, kai Pirk\u0117jas, suformuoja preki\u0173 krep\u0161el\u012f ir u\u017e j\u012f apmoka.<\/p>\n<p>4. Pirk\u0117jo teis\u0117s<\/p>\n<p>4.1. Pirk\u0117jas turi teis\u0119 pirkti prekes nesugalvotinorai.lt\u00a0internetin\u0117je parduotuv\u0117je \u0161i\u0173 Taisykli\u0173 nustatyta tvarka.<\/p>\n<p>4.2. Pirk\u0117jas turi teis\u0119 atsisakyti preki\u0173 pirkimo\u2013pardavimo sutarties, sudarytos su nesugalvotinorai.lt\u00a0internetine parduotuve, prane\u0161damas apie tai Pardav\u0117jui ra\u0161tu (elektroniniu pa\u0161tu, nurodant pageidaujam\u0105 gr\u0105\u017einti prek\u0119 ne v\u0117liau kaip per 7 (septynias) darbo dienas nuo daikto pristatymo dienos (\u0161is reikalavimas netaikomas kokyb\u0117s reikalavim\u0173 neatitinkantiems gaminiams).<\/p>\n<p>4.3. Numatyta teise Pirk\u0117jas gali pasinaudoti tik tuo atveju, jeigu prek\u0117 nebuvo sugadinta arba i\u0161 esm\u0117s nepasikeit\u0117 jos i\u0161vaizda, taip pat ji nebuvo naudojama.<\/p>\n<p>5. Pirk\u0117jo \u012fsipareigojimai<\/p>\n<p>5.1. Pirk\u0117jas privalo priimti prekes \u0161i\u0173 Taisykli\u0173 nustatyta tvarka ir sumok\u0117ti u\u017e jas sutart\u0105 sum\u0105.<\/p>\n<p>5.2. Jeigu pasikei\u010dia Pirk\u0117jo registracijos formoje pateikti duomenys, jis privalo nedelsdamas juos atnaujinti.<\/p>\n<p>5.3. Pirk\u0117jas, naudodamasis nesugalvotinorai.lt internetine parduotuve, \u012fsipareigoja laikytis \u0161i\u0173 Taisykli\u0173, bei nepa\u017eeisti Lietuvos Respublikos teis\u0117s akt\u0173.<\/p>\n<p>5.4. Jei Pirk\u0117jas preki\u0173 pristatymo metu be svarbi\u0173 prie\u017eas\u010di\u0173 atsisako priimti prekes, Pirk\u0117jas privalo padengti preki\u0173 pristatymo i\u0161laidas.<\/p>\n<p>6. Pardav\u0117jo teis\u0117s<\/p>\n<p>6.1. Susidarius svarbioms aplinkyb\u0117ms, Pardav\u0117jas gali laikinai arba i\u0161 viso nutraukti internetin\u0117s parduotuv\u0117s veikl\u0105, apie tai i\u0161 anksto neprane\u0161\u0119 Pirk\u0117jui.<\/p>\n<p>6.2. Pardav\u0117jas turi teis\u0119 i\u0161 anksto neprane\u0161\u0119s Pirk\u0117jui anuliuoti jo u\u017esakym\u0105, jeigu Pirk\u0117jas, pasirink\u0119s atsiskaitymo ne grynaisiais pinigais numatytus apmok\u0117jimo b\u016bdus, nesumoka u\u017e prekes per 5 (penkias) darbo dienas.<\/p>\n<p>6.3. nesugalvotinorai.lt\u00a0turi teis\u0119 atsisakyti sudarytos pirkimo\u2013pardavimo sutarties, jei baig\u0117si sutartyje nurodyt\u0173 preki\u0173 atsargos.<\/p>\n<p>7. Pardav\u0117jo \u012fsipareigojimai<\/p>\n<p>7.1. Pardav\u0117jas \u012fsipareigoja \u0161iose Taisykl\u0117se ir internetin\u0117je parduotuv\u0117je nustatytomis s\u0105lygomis sudaryti Pirk\u0117jui galimyb\u0119 naudotis internetin\u0117s parduotuv\u0117s nesugalvotinorai.lt\u00a0teikiamomis paslaugomis.<\/p>\n<p>7.2. Pardav\u0117jas \u012fsipareigoja pristatyti Pirk\u0117jo u\u017esakytas prekes jo nurodytu adresu ir \u0161iose Taisykl\u0117se nurodytomis s\u0105lygomis.<\/p>\n<p>7.3. Pardav\u0117jas, d\u0117l svarbi\u0173 aplinkybi\u0173 negal\u0117damas pristatyti Pirk\u0117jui u\u017esakytos prek\u0117s, \u012fsipareigoja gr\u0105\u017einti Pirk\u0117jui sumok\u0117tus pinigus per 3 (tris) darbo dienas, jeigu buvo atliktas i\u0161ankstinis apmok\u0117jimas.<\/p>\n<p>7.4. Pardav\u0117jas \u012fsipareigoja gerbti Pirk\u0117jo privatumo teis\u0119 \u012f jo asmenin\u0119 informacij\u0105, nurodyt\u0105 internetin\u0117s parduotuv\u0117s registracijos formoje, i\u0161skyrus Lietuvos Respublikos \u012fstatymuose nustatytus atvejus.<\/p>\n<p>8. Preki\u0173 kainos ir apmok\u0117jimo tvarka<\/p>\n<p>8.1. Preki\u0173 kainos internetin\u0117je parduotuv\u0117je ir suformuotame u\u017esakyme nurodomos eurais su PVM. nesugalvotinorai.lt\u00a0pasilieka teis\u0119 keisti preki\u0173 kainas.<\/p>\n<p>8.2. Apmokama banko pavedimu \u2013 tai i\u0161ankstinis apmok\u0117jimas, kai Pirk\u0117jas pasinaudoj\u0119s internetin\u0117s bankininkyst\u0117s sistema, perveda pinigus \u012f nesugalvotinorai.lt\u00a0bank\u0173 s\u0105skait\u0105.<\/p>\n<p>9. Preki\u0173 pristatymas<\/p>\n<p>9.1. Pardav\u0117jas \u012fsipareigoja pristatyti prekes Pirk\u0117jui laikydamasis preki\u0173 apra\u0161ymuose nurodyt\u0173 termin\u0173. Kartu Pirk\u0117jas sutinka, jog i\u0161imtinais atvejais preki\u0173 pristatymas gali v\u0117luoti d\u0117l force majeure aplinkybi\u0173.<\/p>\n<p>9.2. Pirk\u0117jas, u\u017esakydamas prekes, \u012fsipareigoja nurodyti tiksli\u0105 preki\u0173 pristatymo viet\u0105.<\/p>\n<p>9.3. Pirk\u0117jas \u012fsipareigoja prekes priimti pats. Tuo atveju, kai jis preki\u0173 pats priimti negali, o prek\u0117s pristatytos nurodytu adresu ir remiantis kitais Pirk\u0117jo pateiktais duomenimis, Pirk\u0117jas neturi teis\u0117s reik\u0161ti Pardav\u0117jui pretenzij\u0173 d\u0117l preki\u0173 pristatymo netinkamam subjektui.<\/p>\n<p>9.4. Preki\u0173 pristatymo mokestis ir detalesn\u0117 informacija, susijusi su preki\u0173 pristatymu, pateikiama internetin\u0117s parduotuv\u0117s \u201ePristatymas\u201c skyriuje.<\/p>\n<p>9.5. Tuo atveju, kai Pirk\u0117jas, remdamasis \u0161iomis Taisykl\u0117mis, atsisako pirkimo\u2013pardavimo sutarties, jam tenka pareiga apmok\u0117ti visas tiesiogines preki\u0173 gr\u0105\u017einimo Pardav\u0117jui i\u0161laidas. \u0160i\u0173 Pardav\u0117jo i\u0161laid\u0173 suma i\u0161skai\u010diuojama i\u0161 gr\u0105\u017eintin\u0173 Pirk\u0117jui u\u017e prekes sumok\u0117t\u0173 pinig\u0173.<\/p>\n<p>9.6. Visais atvejais Pardav\u0117jas atleid\u017eiamas nuo atsakomyb\u0117s u\u017e preki\u0173 pristatymo termin\u0173 pa\u017eeidim\u0105, jeigu prek\u0117s Pirk\u0117jui n\u0117ra pristatomos arba pristatomos ne laiku d\u0117l Pirk\u0117jo kalt\u0117s arba d\u0117l nuo Pirk\u0117jo priklausan\u010di\u0173 aplinkybi\u0173.<\/p>\n<p>10. Preki\u0173 kokyb\u0117 ir tinkamumas naudoti<\/p>\n<p>10.1. Gr\u0105\u017einant nekokybi\u0161k\u0105 prek\u0119, gr\u0105\u017einimo ka\u0161tus padengia Pardav\u0117jas.<\/p>\n<p>10.2. Visos prek\u0117s, parduodamos nesugalvotinorai.lt\u00a0yra naujos (i\u0161skyrus atvejus, kai prek\u0117s pirkimo laukelyje yra pa\u017eym\u0117ta, jog prek\u0117 brokuota, praradusi prekin\u0119 i\u0161vaizd\u0105 ir pan.), laikomos kokybi\u0161kose sand\u0117liavimo patalpose. Ta\u010diau prek\u0117 n\u0117ra laikoma nekokybi\u0161ka, jei ant jos galima pasteb\u0117ti smulki\u0173 pakavimo ar transportavimo pa\u017eeidim\u0173.<\/p>\n<p>10.3. Apie gautas nekokybi\u0161kas prekes nedelsiant informuokite el. pa\u0161tu info@nesugalvotinorai.lt<\/p>\n<p>11. Preki\u0173 gr\u0105\u017einimas ir keitimas<\/p>\n<p>11.1. Apie preki\u0173 gr\u0105\u017einim\u0105 nedelsdami informuokite Pardav\u0117j\u0105 el. pa\u0161tu\u00a0<span style=\"background-color: var(--ast-global-color-5); color: var(--ast-global-color-3); font-size: 1rem;\">info@nesugalvotinorai.lt<\/span><span style=\"font-style: inherit; font-weight: inherit; background-color: var(--ast-global-color-5); color: var(--ast-global-color-3);\">, lai\u0161ko \u201eSubject\u201c eilut\u0117je nurodydami savo preki\u0173 \u012fsigijimo numer\u012f ir priera\u0161\u0105 \u201eGr\u0105\u017einamos prek\u0117s\u201c. Lai\u0161ke nurodykite prek\u0117s pavadinim\u0105 ir trumpai apra\u0161ykite prek\u0117s gr\u0105\u017einimo prie\u017east\u012f. Kokybi\u0161kos prek\u0117s privalo b\u016bti gr\u0105\u017einamos tiksliai tokios b\u016bkl\u0117s, koki\u0105 gavote \u2014 originalioje pakuot\u0117je, nepa\u017eeistos, nenaudotos ir nepraradusios savo prekin\u0117s i\u0161vaizdos.<\/span><\/p>\n<p>11.2. Jeigu gr\u0105\u017einamos nekokybi\u0161kos prek\u0117s (pvz., pa\u017eeistas gaminys ir pan.) siuntimo i\u0161laidas apmoka Pardav\u0117jas.<\/p>\n<p>Jeigu gr\u0105\u017einamos kokybi\u0161kos prek\u0117s, siuntos i\u0161laidas apmoka pirk\u0117jas. Gav\u0119s gr\u0105\u017einamas prekes, Pardav\u0117jas informuos atskiru el. lai\u0161ku, ir, kaip numato Europos S\u0105jungos el. prekyb\u0105 reglamentuojantys \u012fstatymai, gr\u0105\u017eins Pirk\u0117jui pinigus \u012f nurodyt\u0105 s\u0105skait\u0105 arba pakeis prek\u0119 kita.<\/p>\n<p>Tuo atveju, jeigu Pirk\u0117jo siuntai buvo taikomas transportavimo mokestis, preki\u0173 pristatymo i\u0161laidos nebus gr\u0105\u017eintos.<\/p>\n<p>11.3. Gr\u0105\u017einama prek\u0117 turi b\u016bti originalioje tvarkingoje pakuot\u0117je, pirk\u0117jo nesugadinta, nepraradusi prekin\u0117s i\u0161vaizdos (nepa\u017eeistos etiket\u0117s, nenupl\u0117\u0161tos apsaugin\u0117s pl\u0117vel\u0117s ir kt. (\u0161is punktas netaikomas tuo atveju, kai gr\u0105\u017einama nekokybi\u0161ka prek\u0117), tos pa\u010dios komplektacijos, kokios buvo Pirk\u0117jo gauta, b\u016btinai pateikiant prek\u0117s \u012fsigijimo patvirtinim\u0105.<\/p>\n<p>11.4. Pardav\u0117jas turi teis\u0119 nepriimti Pirk\u0117jo gr\u0105\u017einam\u0173 preki\u0173, jei Pirk\u0117jas nesilaiko \u0161iame straipsnyje nustatytos preki\u0173 gr\u0105\u017einimo tvarkos.<\/p>\n<p>12. Atsakomyb\u0117<\/p>\n<p>12.1. Pirk\u0117jas yra visi\u0161kai atsakingas u\u017e registracijos formoje pateikt\u0173 duomen\u0173 teisingum\u0105. Jei Pirk\u0117jas nepateikia registracijos formoje tiksli\u0173 duomen\u0173, Pardav\u0117jas neatsako u\u017e d\u0117l to atsiradusius padarinius.<\/p>\n<p>12.2. Pirk\u0117jas atsako u\u017e veiksmus, atliktus naudojantis \u0161ia internetine parduotuve.<\/p>\n<p>12.3. Pardav\u0117jas atleid\u017eiamas nuo bet kokios atsakomyb\u0117s tais atvejais, kai nuostoliai kyla d\u0117l to, jog Pirk\u0117jas, neatsi\u017evelgdamas \u012f Pardav\u0117jo rekomendacijas ir savo \u012fsipareigojimus, nesusipa\u017eino su \u0161iomis Taisykl\u0117mis, nors tokia galimyb\u0117 jam buvo suteikta.<\/p>\n<p>13. Apsikeitimas informacija<\/p>\n<p>13.1. Pardav\u0117jas visus prane\u0161imus siun\u010dia Pirk\u0117jo registracijos formoje pateiktu elektroninio pa\u0161to adresu.<\/p>\n<p>13.2. Pirk\u0117jas visus prane\u0161imus ir klausimus siun\u010dia Pardav\u0117jo internetin\u0117s parduotuv\u0117s skyriuje \u201eKontaktai\u201c nurodytomis susisiekimo priemon\u0117mis.<\/p>\n<p>14. Baigiamosios nuostatos<\/p>\n<p>14.1. \u0160i\u0173 taisykli\u0173 pagrindu kylantiems santykiams taikoma LR teis\u0117.<\/p>\n<p>14.2. Visi nesutarimai, kil\u0119 d\u0117l \u0161i\u0173 taisykli\u0173 vykdymo, sprend\u017eiami deryb\u0173 b\u016bdu. Nepavykus susitarti, gin\u010dai sprend\u017eiami LR \u012fstatym\u0173 nustatyta tvarka.<\/p>\n<p><\/p>\t\t\t\t\t\t\t\t<\/div>\n\t\t\t\t<\/div>\n\t\t\t\t\t<\/div>\n\t\t<\/div>\n\t\t\t\t\t<\/div>\n\t\t<\/section>\t\t<\/div>\n\t\t","protected":false},"excerpt":{"rendered":"<p>1. Bendrosios nuostatos 1.1. \u0160ios preki\u0173 pirkimo taisykl\u0117s (toliau \u201eTaisykl\u0117s\u201c), jas patvirtinus Pirk\u0117jui (susipa\u017einus su Taisykl\u0117mis bei pa\u017eym\u0117jus varnel\u0119 prie teiginio \u201eSusipa\u017einau su nesugalvotinorai.lt\u00a0taisykl\u0117mis ir su jomis sutinku\u201c), yra privalomas teisinis dokumentas, kuriame nustatomos Pirk\u0117jo ir Pardav\u0117jo teis\u0117s bei pareigos, preki\u0173 \u012fsigijimo bei apmok\u0117jimo u\u017e jas s\u0105lygos, preki\u0173 pristatymo ir gr\u0105\u017einimo tvarka, \u0161ali\u0173 atsakomyb\u0117 bei &hellip;<\/p>\n<p class=\"read-more\"> <a class=\"\" href=\"https:\/\/nesugalvotinorai.lt\/index.php\/pirkimo-taisykles\/\"> <span class=\"screen-reader-text\">Preki\u0173 pirkimo internetin\u0117je parduotuv\u0117je taisykl\u0117s<\/span> Skaityti daugiau &raquo;<\/a><\/p>\n","protected":false},"author":2,"featured_media":0,"parent":0,"menu_order":0,"comment_status":"closed","ping_status":"closed","template":"","meta":{"site-sidebar-layout":"default","site-content-layout":"","ast-site-content-layout":"","site-content-style":"default","site-sidebar-style":"default","ast-global-header-display":"","ast-banner-title-visibility":"","ast-main-header-display":"","ast-hfb-above-header-display":"","ast-hfb-below-header-display":"","ast-hfb-mobile-header-display":"","site-post-title":"","ast-breadcrumbs-content":"","ast-featured-img":"","footer-sml-layout":"","theme-transparent-header-meta":"","adv-header-id-meta":"","stick-header-meta":"","header-above-stick-meta":"","header-main-stick-meta":"","header-below-stick-meta":"","astra-migrate-meta-layouts":"","footnotes":""},"class_list":["post-1312","page","type-page","status-publish","hentry"],"yoast_head":"<!-- This site is optimized with the Yoast SEO plugin v24.1 - https:\/\/yoast.com\/wordpress\/plugins\/seo\/ -->\n<title>Preki\u0173 pirkimo internetin\u0117je parduotuv\u0117je taisykl\u0117s - Nesugalvotinorai<\/title>\n<meta name=\"robots\" content=\"index, follow, max-snippet:-1, max-image-preview:large, max-video-preview:-1\" \/>\n<link rel=\"canonical\" href=\"https:\/\/nesugalvotinorai.lt\/index.php\/pirkimo-taisykles\/\" \/>\n<meta property=\"og:locale\" content=\"lt_LT\" \/>\n<meta property=\"og:type\" content=\"article\" \/>\n<meta property=\"og:title\" content=\"Preki\u0173 pirkimo internetin\u0117je parduotuv\u0117je taisykl\u0117s - Nesugalvotinorai\" \/>\n<meta property=\"og:description\" content=\"1. Bendrosios nuostatos 1.1. \u0160ios preki\u0173 pirkimo taisykl\u0117s (toliau \u201eTaisykl\u0117s\u201c), jas patvirtinus Pirk\u0117jui (susipa\u017einus su Taisykl\u0117mis bei pa\u017eym\u0117jus varnel\u0119 prie teiginio \u201eSusipa\u017einau su nesugalvotinorai.lt\u00a0taisykl\u0117mis ir su jomis sutinku\u201c), yra privalomas teisinis dokumentas, kuriame nustatomos Pirk\u0117jo ir Pardav\u0117jo teis\u0117s bei pareigos, preki\u0173 \u012fsigijimo bei apmok\u0117jimo u\u017e jas s\u0105lygos, preki\u0173 pristatymo ir gr\u0105\u017einimo tvarka, \u0161ali\u0173 atsakomyb\u0117 bei &hellip; Preki\u0173 pirkimo internetin\u0117je parduotuv\u0117je taisykl\u0117s Skaityti daugiau &raquo;\" \/>\n<meta property=\"og:url\" content=\"https:\/\/nesugalvotinorai.lt\/index.php\/pirkimo-taisykles\/\" \/>\n<meta property=\"og:site_name\" content=\"Nesugalvotinorai\" \/>\n<meta property=\"article:publisher\" content=\"https:\/\/www.facebook.com\/nesugalvotinorai\" \/>\n<meta property=\"article:modified_time\" content=\"2023-09-15T18:56:18+00:00\" \/>\n<meta name=\"twitter:card\" content=\"summary_large_image\" \/>\n<meta name=\"twitter:label1\" content=\"Est. reading time\" \/>\n\t<meta name=\"twitter:data1\" content=\"6 minut\u0117s\" \/>\n<script type=\"application\/ld+json\" class=\"yoast-schema-graph\">{\"@context\":\"https:\/\/schema.org\",\"@graph\":[{\"@type\":\"WebPage\",\"@id\":\"https:\/\/nesugalvotinorai.lt\/index.php\/pirkimo-taisykles\/\",\"url\":\"https:\/\/nesugalvotinorai.lt\/index.php\/pirkimo-taisykles\/\",\"name\":\"Preki\u0173 pirkimo internetin\u0117je parduotuv\u0117je taisykl\u0117s - Nesugalvotinorai\",\"isPartOf\":{\"@id\":\"https:\/\/nesugalvotinorai.lt\/#website\"},\"datePublished\":\"2022-10-20T06:47:54+00:00\",\"dateModified\":\"2023-09-15T18:56:18+00:00\",\"breadcrumb\":{\"@id\":\"https:\/\/nesugalvotinorai.lt\/index.php\/pirkimo-taisykles\/#breadcrumb\"},\"inLanguage\":\"lt-LT\",\"potentialAction\":[{\"@type\":\"ReadAction\",\"target\":[\"https:\/\/nesugalvotinorai.lt\/index.php\/pirkimo-taisykles\/\"]}]},{\"@type\":\"BreadcrumbList\",\"@id\":\"https:\/\/nesugalvotinorai.lt\/index.php\/pirkimo-taisykles\/#breadcrumb\",\"itemListElement\":[{\"@type\":\"ListItem\",\"position\":1,\"name\":\"Home\",\"item\":\"https:\/\/nesugalvotinorai.lt\/\"},{\"@type\":\"ListItem\",\"position\":2,\"name\":\"Preki\u0173 pirkimo internetin\u0117je parduotuv\u0117je taisykl\u0117s\"}]},{\"@type\":\"WebSite\",\"@id\":\"https:\/\/nesugalvotinorai.lt\/#website\",\"url\":\"https:\/\/nesugalvotinorai.lt\/\",\"name\":\"Nesugalvotinorai\",\"description\":\"\u017evak\u0117s, nam\u0173 kvapai, pad\u0117kliukai, d\u0117\u017eut\u0117s, dekoracijos, dovan\u0173 id\u0117jos, papuo\u0161alai\",\"publisher\":{\"@id\":\"https:\/\/nesugalvotinorai.lt\/#organization\"},\"potentialAction\":[{\"@type\":\"SearchAction\",\"target\":{\"@type\":\"EntryPoint\",\"urlTemplate\":\"https:\/\/nesugalvotinorai.lt\/?s={search_term_string}\"},\"query-input\":{\"@type\":\"PropertyValueSpecification\",\"valueRequired\":true,\"valueName\":\"search_term_string\"}}],\"inLanguage\":\"lt-LT\"},{\"@type\":\"Organization\",\"@id\":\"https:\/\/nesugalvotinorai.lt\/#organization\",\"name\":\"Nesugalvotinorai\",\"url\":\"https:\/\/nesugalvotinorai.lt\/\",\"logo\":{\"@type\":\"ImageObject\",\"inLanguage\":\"lt-LT\",\"@id\":\"https:\/\/nesugalvotinorai.lt\/#\/schema\/logo\/image\/\",\"url\":\"https:\/\/nesugalvotinorai.lt\/wp-content\/uploads\/2023\/05\/cropped-nesugalvoti-norai-vector.png\",\"contentUrl\":\"https:\/\/nesugalvotinorai.lt\/wp-content\/uploads\/2023\/05\/cropped-nesugalvoti-norai-vector.png\",\"width\":1483,\"height\":1371,\"caption\":\"Nesugalvotinorai\"},\"image\":{\"@id\":\"https:\/\/nesugalvotinorai.lt\/#\/schema\/logo\/image\/\"},\"sameAs\":[\"https:\/\/www.facebook.com\/nesugalvotinorai\",\"https:\/\/www.instagram.com\/nesugalvoti_norai\/\"]}]}<\/script>\n<!-- \/ Yoast SEO plugin. -->","yoast_head_json":{"title":"Preki\u0173 pirkimo internetin\u0117je parduotuv\u0117je taisykl\u0117s - Nesugalvotinorai","robots":{"index":"index","follow":"follow","max-snippet":"max-snippet:-1","max-image-preview":"max-image-preview:large","max-video-preview":"max-video-preview:-1"},"canonical":"https:\/\/nesugalvotinorai.lt\/index.php\/pirkimo-taisykles\/","og_locale":"lt_LT","og_type":"article","og_title":"Preki\u0173 pirkimo internetin\u0117je parduotuv\u0117je taisykl\u0117s - Nesugalvotinorai","og_description":"1. Bendrosios nuostatos 1.1. \u0160ios preki\u0173 pirkimo taisykl\u0117s (toliau \u201eTaisykl\u0117s\u201c), jas patvirtinus Pirk\u0117jui (susipa\u017einus su Taisykl\u0117mis bei pa\u017eym\u0117jus varnel\u0119 prie teiginio \u201eSusipa\u017einau su nesugalvotinorai.lt\u00a0taisykl\u0117mis ir su jomis sutinku\u201c), yra privalomas teisinis dokumentas, kuriame nustatomos Pirk\u0117jo ir Pardav\u0117jo teis\u0117s bei pareigos, preki\u0173 \u012fsigijimo bei apmok\u0117jimo u\u017e jas s\u0105lygos, preki\u0173 pristatymo ir gr\u0105\u017einimo tvarka, \u0161ali\u0173 atsakomyb\u0117 bei &hellip; Preki\u0173 pirkimo internetin\u0117je parduotuv\u0117je taisykl\u0117s Skaityti daugiau &raquo;","og_url":"https:\/\/nesugalvotinorai.lt\/index.php\/pirkimo-taisykles\/","og_site_name":"Nesugalvotinorai","article_publisher":"https:\/\/www.facebook.com\/nesugalvotinorai","article_modified_time":"2023-09-15T18:56:18+00:00","twitter_card":"summary_large_image","twitter_misc":{"Est. reading time":"6 minut\u0117s"},"schema":{"@context":"https:\/\/schema.org","@graph":[{"@type":"WebPage","@id":"https:\/\/nesugalvotinorai.lt\/index.php\/pirkimo-taisykles\/","url":"https:\/\/nesugalvotinorai.lt\/index.php\/pirkimo-taisykles\/","name":"Preki\u0173 pirkimo internetin\u0117je parduotuv\u0117je taisykl\u0117s - Nesugalvotinorai","isPartOf":{"@id":"https:\/\/nesugalvotinorai.lt\/#website"},"datePublished":"2022-10-20T06:47:54+00:00","dateModified":"2023-09-15T18:56:18+00:00","breadcrumb":{"@id":"https:\/\/nesugalvotinorai.lt\/index.php\/pirkimo-taisykles\/#breadcrumb"},"inLanguage":"lt-LT","potentialAction":[{"@type":"ReadAction","target":["https:\/\/nesugalvotinorai.lt\/index.php\/pirkimo-taisykles\/"]}]},{"@type":"BreadcrumbList","@id":"https:\/\/nesugalvotinorai.lt\/index.php\/pirkimo-taisykles\/#breadcrumb","itemListElement":[{"@type":"ListItem","position":1,"name":"Home","item":"https:\/\/nesugalvotinorai.lt\/"},{"@type":"ListItem","position":2,"name":"Preki\u0173 pirkimo internetin\u0117je parduotuv\u0117je taisykl\u0117s"}]},{"@type":"WebSite","@id":"https:\/\/nesugalvotinorai.lt\/#website","url":"https:\/\/nesugalvotinorai.lt\/","name":"Nesugalvotinorai","description":"\u017evak\u0117s, nam\u0173 kvapai, pad\u0117kliukai, d\u0117\u017eut\u0117s, dekoracijos, dovan\u0173 id\u0117jos, papuo\u0161alai","publisher":{"@id":"https:\/\/nesugalvotinorai.lt\/#organization"},"potentialAction":[{"@type":"SearchAction","target":{"@type":"EntryPoint","urlTemplate":"https:\/\/nesugalvotinorai.lt\/?s={search_term_string}"},"query-input":{"@type":"PropertyValueSpecification","valueRequired":true,"valueName":"search_term_string"}}],"inLanguage":"lt-LT"},{"@type":"Organization","@id":"https:\/\/nesugalvotinorai.lt\/#organization","name":"Nesugalvotinorai","url":"https:\/\/nesugalvotinorai.lt\/","logo":{"@type":"ImageObject","inLanguage":"lt-LT","@id":"https:\/\/nesugalvotinorai.lt\/#\/schema\/logo\/image\/","url":"https:\/\/nesugalvotinorai.lt\/wp-content\/uploads\/2023\/05\/cropped-nesugalvoti-norai-vector.png","contentUrl":"https:\/\/nesugalvotinorai.lt\/wp-content\/uploads\/2023\/05\/cropped-nesugalvoti-norai-vector.png","width":1483,"height":1371,"caption":"Nesugalvotinorai"},"image":{"@id":"https:\/\/nesugalvotinorai.lt\/#\/schema\/logo\/image\/"},"sameAs":["https:\/\/www.facebook.com\/nesugalvotinorai","https:\/\/www.instagram.com\/nesugalvoti_norai\/"]}]}},"_links":{"self":[{"href":"https:\/\/nesugalvotinorai.lt\/index.php\/wp-json\/wp\/v2\/pages\/1312","targetHints":{"allow":["GET"]}}],"collection":[{"href":"https:\/\/nesugalvotinorai.lt\/index.php\/wp-json\/wp\/v2\/pages"}],"about":[{"href":"https:\/\/nesugalvotinorai.lt\/index.php\/wp-json\/wp\/v2\/types\/page"}],"author":[{"embeddable":true,"href":"https:\/\/nesugalvotinorai.lt\/index.php\/wp-json\/wp\/v2\/users\/2"}],"replies":[{"embeddable":true,"href":"https:\/\/nesugalvotinorai.lt\/index.php\/wp-json\/wp\/v2\/comments?post=1312"}],"version-history":[{"count":16,"href":"https:\/\/nesugalvotinorai.lt\/index.php\/wp-json\/wp\/v2\/pages\/1312\/revisions"}],"predecessor-version":[{"id":2522,"href":"https:\/\/nesugalvotinorai.lt\/index.php\/wp-json\/wp\/v2\/pages\/1312\/revisions\/2522"}],"wp:attachment":[{"href":"https:\/\/nesugalvotinorai.lt\/index.php\/wp-json\/wp\/v2\/media?parent=1312"}],"curies":[{"name":"wp","href":"https:\/\/api.w.org\/{rel}","templated":true}]}}