{"id":1246,"date":"2022-10-01T17:05:37","date_gmt":"2022-10-01T14:05:37","guid":{"rendered":"https:\/\/nesugalvotinorai.lt\/?post_type=product&#038;p=1246"},"modified":"2024-02-18T19:48:39","modified_gmt":"2024-02-18T16:48:39","slug":"zvake-bubble","status":"publish","type":"product","link":"https:\/\/nesugalvotinorai.lt\/index.php\/product\/zvake-bubble\/","title":{"rendered":"\u017dvak\u0117 \u201eBubble\u201c"},"content":{"rendered":"<div class=\"m8h3af8h l7ghb35v kjdc1dyq kmwttqpk gh25dzvf\">Rank\u0173 darbo soj\u0173 va\u0161ko \u017evak\u0117.<\/div>\n<div class=\"m8h3af8h l7ghb35v kjdc1dyq kmwttqpk gh25dzvf\">\u0160i burbul\u0173 formos \u017evak\u0117 lengvai \u012fsilies J\u016bs\u0173 nam\u0173 interjere. Tai ma\u017ea detal\u0117, kuri puo\u0161ia ir suteikia jaukumo.<\/div>\n<div class=\"m8h3af8h l7ghb35v kjdc1dyq kmwttqpk gh25dzvf\">Dydis 6 cm x 6 cm x 6 cm.<\/div>\n<div>Ar \u017einojote, kad soj\u0173 va\u0161kas:<\/div>\n<div>\n<ul>\n<li>yra nat\u016bralus. I\u0161 sojos pupeli\u0173 i\u0161gaunamas soj\u0173 va\u0161kas yra hidrintas augalinis aliejus, kuris kambario temperat\u016broje virsta kieta med\u017eiaga;<\/li>\n<li>suteikia \u0161varesn\u012f degim\u0105, i\u0161skiria ma\u017eiau suod\u017ei\u0173;<\/li>\n<li>nei\u0161leid\u017eia toksin\u0173 \u012f or\u0105;<\/li>\n<li>yra ekologi\u0161kas;<\/li>\n<li>brangesnis, bet ekonomi\u0161kesnis, nes soj\u0173 va\u0161ko \u017evakes galima deginti iki 50 proc. ilgiau;<\/li>\n<li>soj\u0173 va\u0161ko kvapas yra nat\u016bralesnis, d\u0117l \u0161ios prie\u017easties skleid\u017eia grynesn\u0119 bei tikresn\u0119 to paties kvapo i\u0161rai\u0161k\u0105.<\/li>\n<\/ul>\n<\/div>\n","protected":false},"excerpt":{"rendered":"<div class=\"m8h3af8h l7ghb35v kjdc1dyq kmwttqpk gh25dzvf\">\n<div class=\"m8h3af8h l7ghb35v kjdc1dyq kmwttqpk gh25dzvf\">\n<div class=\"m8h3af8h l7ghb35v kjdc1dyq kmwttqpk gh25dzvf\">\n<div class=\"m8h3af8h l7ghb35v kjdc1dyq kmwttqpk gh25dzvf\">Soj\u0173 va\u0161ko \u017evak\u0117.<\/div>\n<\/div>\n<\/div>\n<\/div>\n","protected":false},"featured_media":3140,"comment_status":"open","ping_status":"closed","template":"","meta":{"site-sidebar-layout":"default","site-content-layout":"content-boxed-container","ast-site-content-layout":"normal-width-container","site-content-style":"boxed","site-sidebar-style":"unboxed","ast-global-header-display":"","ast-banner-title-visibility":"","ast-main-header-display":"","ast-hfb-above-header-display":"","ast-hfb-below-header-display":"","ast-hfb-mobile-header-display":"","site-post-title":"","ast-breadcrumbs-content":"","ast-featured-img":"","footer-sml-layout":"","theme-transparent-header-meta":"default","adv-header-id-meta":"","stick-header-meta":"","header-above-stick-meta":"","header-main-stick-meta":"","header-below-stick-meta":"","astra-migrate-meta-layouts":"set"},"product_cat":[28],"product_tag":[],"class_list":{"0":"post-1246","1":"product","2":"type-product","3":"status-publish","4":"has-post-thumbnail","6":"product_cat-zvakes","7":"desktop-align-left","8":"tablet-align-left","9":"mobile-align-left","10":"ast-product-gallery-layout-horizontal-slider","11":"ast-product-tabs-layout-horizontal","13":"first","14":"instock","15":"featured","16":"shipping-taxable","17":"purchasable","18":"product-type-simple"},"yoast_head":"<!-- This site is optimized with the Yoast SEO plugin v24.1 - https:\/\/yoast.com\/wordpress\/plugins\/seo\/ -->\n<title>\u017dvak\u0117 \u201eBubble\u201c - Nesugalvotinorai<\/title>\n<meta name=\"description\" content=\"Rank\u0173 darbo soj\u0173 va\u0161ko \u017evak\u0117. \u0160i burbul\u0173 formos \u017evak\u0117 lengvai \u012fsilies J\u016bs\u0173 nam\u0173 interjere. Tai ma\u017ea detal\u0117, kuri puo\u0161ia ir suteikia jaukumo.\" \/>\n<meta name=\"robots\" content=\"index, follow, max-snippet:-1, max-image-preview:large, max-video-preview:-1\" \/>\n<link rel=\"canonical\" href=\"https:\/\/nesugalvotinorai.lt\/index.php\/product\/zvake-bubble\/\" \/>\n<meta property=\"og:locale\" content=\"lt_LT\" \/>\n<meta property=\"og:type\" content=\"article\" \/>\n<meta property=\"og:title\" content=\"\u017dvak\u0117 \u201eBubble\u201c - Nesugalvotinorai\" \/>\n<meta property=\"og:description\" content=\"Rank\u0173 darbo soj\u0173 va\u0161ko \u017evak\u0117. \u0160i burbul\u0173 formos \u017evak\u0117 lengvai \u012fsilies J\u016bs\u0173 nam\u0173 interjere. Tai ma\u017ea detal\u0117, kuri puo\u0161ia ir suteikia jaukumo.\" \/>\n<meta property=\"og:url\" content=\"https:\/\/nesugalvotinorai.lt\/index.php\/product\/zvake-bubble\/\" \/>\n<meta property=\"og:site_name\" content=\"Nesugalvotinorai\" \/>\n<meta property=\"article:publisher\" content=\"https:\/\/www.facebook.com\/nesugalvotinorai\" \/>\n<meta property=\"article:modified_time\" content=\"2024-02-18T16:48:39+00:00\" \/>\n<meta property=\"og:image\" content=\"https:\/\/nesugalvotinorai.lt\/wp-content\/uploads\/2022\/10\/2024_02_18_120000444.jpg\" \/>\n\t<meta property=\"og:image:width\" content=\"1042\" \/>\n\t<meta property=\"og:image:height\" content=\"1671\" \/>\n\t<meta property=\"og:image:type\" content=\"image\/jpeg\" \/>\n<meta name=\"twitter:card\" content=\"summary_large_image\" \/>\n<meta name=\"twitter:label1\" content=\"Est. reading time\" \/>\n\t<meta name=\"twitter:data1\" content=\"1 minut\u0117\" \/>\n<script type=\"application\/ld+json\" class=\"yoast-schema-graph\">{\"@context\":\"https:\/\/schema.org\",\"@graph\":[{\"@type\":\"WebPage\",\"@id\":\"https:\/\/nesugalvotinorai.lt\/index.php\/product\/zvake-bubble\/\",\"url\":\"https:\/\/nesugalvotinorai.lt\/index.php\/product\/zvake-bubble\/\",\"name\":\"\u017dvak\u0117 \u201eBubble\u201c - Nesugalvotinorai\",\"isPartOf\":{\"@id\":\"https:\/\/nesugalvotinorai.lt\/#website\"},\"primaryImageOfPage\":{\"@id\":\"https:\/\/nesugalvotinorai.lt\/index.php\/product\/zvake-bubble\/#primaryimage\"},\"image\":{\"@id\":\"https:\/\/nesugalvotinorai.lt\/index.php\/product\/zvake-bubble\/#primaryimage\"},\"thumbnailUrl\":\"https:\/\/nesugalvotinorai.lt\/wp-content\/uploads\/2022\/10\/2024_02_18_120000444.jpg\",\"datePublished\":\"2022-10-01T14:05:37+00:00\",\"dateModified\":\"2024-02-18T16:48:39+00:00\",\"description\":\"Rank\u0173 darbo soj\u0173 va\u0161ko \u017evak\u0117. \u0160i burbul\u0173 formos \u017evak\u0117 lengvai \u012fsilies J\u016bs\u0173 nam\u0173 interjere. Tai ma\u017ea detal\u0117, kuri puo\u0161ia ir suteikia jaukumo.\",\"breadcrumb\":{\"@id\":\"https:\/\/nesugalvotinorai.lt\/index.php\/product\/zvake-bubble\/#breadcrumb\"},\"inLanguage\":\"lt-LT\",\"potentialAction\":[{\"@type\":\"ReadAction\",\"target\":[\"https:\/\/nesugalvotinorai.lt\/index.php\/product\/zvake-bubble\/\"]}]},{\"@type\":\"ImageObject\",\"inLanguage\":\"lt-LT\",\"@id\":\"https:\/\/nesugalvotinorai.lt\/index.php\/product\/zvake-bubble\/#primaryimage\",\"url\":\"https:\/\/nesugalvotinorai.lt\/wp-content\/uploads\/2022\/10\/2024_02_18_120000444.jpg\",\"contentUrl\":\"https:\/\/nesugalvotinorai.lt\/wp-content\/uploads\/2022\/10\/2024_02_18_120000444.jpg\",\"width\":1042,\"height\":1671,\"caption\":\"\u017dvak\u0117\"},{\"@type\":\"BreadcrumbList\",\"@id\":\"https:\/\/nesugalvotinorai.lt\/index.php\/product\/zvake-bubble\/#breadcrumb\",\"itemListElement\":[{\"@type\":\"ListItem\",\"position\":1,\"name\":\"Home\",\"item\":\"https:\/\/nesugalvotinorai.lt\/\"},{\"@type\":\"ListItem\",\"position\":2,\"name\":\"Parduotuv\u0117\",\"item\":\"https:\/\/nesugalvotinorai.lt\/index.php\/parduotuve\/\"},{\"@type\":\"ListItem\",\"position\":3,\"name\":\"\u017dvak\u0117 \u201eBubble\u201c\"}]},{\"@type\":\"WebSite\",\"@id\":\"https:\/\/nesugalvotinorai.lt\/#website\",\"url\":\"https:\/\/nesugalvotinorai.lt\/\",\"name\":\"Nesugalvotinorai\",\"description\":\"\u017evak\u0117s, nam\u0173 kvapai, pad\u0117kliukai, d\u0117\u017eut\u0117s, dekoracijos, dovan\u0173 id\u0117jos, papuo\u0161alai\",\"publisher\":{\"@id\":\"https:\/\/nesugalvotinorai.lt\/#organization\"},\"potentialAction\":[{\"@type\":\"SearchAction\",\"target\":{\"@type\":\"EntryPoint\",\"urlTemplate\":\"https:\/\/nesugalvotinorai.lt\/?s={search_term_string}\"},\"query-input\":{\"@type\":\"PropertyValueSpecification\",\"valueRequired\":true,\"valueName\":\"search_term_string\"}}],\"inLanguage\":\"lt-LT\"},{\"@type\":\"Organization\",\"@id\":\"https:\/\/nesugalvotinorai.lt\/#organization\",\"name\":\"Nesugalvotinorai\",\"url\":\"https:\/\/nesugalvotinorai.lt\/\",\"logo\":{\"@type\":\"ImageObject\",\"inLanguage\":\"lt-LT\",\"@id\":\"https:\/\/nesugalvotinorai.lt\/#\/schema\/logo\/image\/\",\"url\":\"https:\/\/nesugalvotinorai.lt\/wp-content\/uploads\/2023\/05\/cropped-nesugalvoti-norai-vector.png\",\"contentUrl\":\"https:\/\/nesugalvotinorai.lt\/wp-content\/uploads\/2023\/05\/cropped-nesugalvoti-norai-vector.png\",\"width\":1483,\"height\":1371,\"caption\":\"Nesugalvotinorai\"},\"image\":{\"@id\":\"https:\/\/nesugalvotinorai.lt\/#\/schema\/logo\/image\/\"},\"sameAs\":[\"https:\/\/www.facebook.com\/nesugalvotinorai\",\"https:\/\/www.instagram.com\/nesugalvoti_norai\/\"]}]}<\/script>\n<!-- \/ Yoast SEO plugin. -->","yoast_head_json":{"title":"\u017dvak\u0117 \u201eBubble\u201c - Nesugalvotinorai","description":"Rank\u0173 darbo soj\u0173 va\u0161ko \u017evak\u0117. \u0160i burbul\u0173 formos \u017evak\u0117 lengvai \u012fsilies J\u016bs\u0173 nam\u0173 interjere. Tai ma\u017ea detal\u0117, kuri puo\u0161ia ir suteikia jaukumo.","robots":{"index":"index","follow":"follow","max-snippet":"max-snippet:-1","max-image-preview":"max-image-preview:large","max-video-preview":"max-video-preview:-1"},"canonical":"https:\/\/nesugalvotinorai.lt\/index.php\/product\/zvake-bubble\/","og_locale":"lt_LT","og_type":"article","og_title":"\u017dvak\u0117 \u201eBubble\u201c - Nesugalvotinorai","og_description":"Rank\u0173 darbo soj\u0173 va\u0161ko \u017evak\u0117. \u0160i burbul\u0173 formos \u017evak\u0117 lengvai \u012fsilies J\u016bs\u0173 nam\u0173 interjere. Tai ma\u017ea detal\u0117, kuri puo\u0161ia ir suteikia jaukumo.","og_url":"https:\/\/nesugalvotinorai.lt\/index.php\/product\/zvake-bubble\/","og_site_name":"Nesugalvotinorai","article_publisher":"https:\/\/www.facebook.com\/nesugalvotinorai","article_modified_time":"2024-02-18T16:48:39+00:00","og_image":[{"width":1042,"height":1671,"url":"https:\/\/nesugalvotinorai.lt\/wp-content\/uploads\/2022\/10\/2024_02_18_120000444.jpg","type":"image\/jpeg"}],"twitter_card":"summary_large_image","twitter_misc":{"Est. reading time":"1 minut\u0117"},"schema":{"@context":"https:\/\/schema.org","@graph":[{"@type":"WebPage","@id":"https:\/\/nesugalvotinorai.lt\/index.php\/product\/zvake-bubble\/","url":"https:\/\/nesugalvotinorai.lt\/index.php\/product\/zvake-bubble\/","name":"\u017dvak\u0117 \u201eBubble\u201c - Nesugalvotinorai","isPartOf":{"@id":"https:\/\/nesugalvotinorai.lt\/#website"},"primaryImageOfPage":{"@id":"https:\/\/nesugalvotinorai.lt\/index.php\/product\/zvake-bubble\/#primaryimage"},"image":{"@id":"https:\/\/nesugalvotinorai.lt\/index.php\/product\/zvake-bubble\/#primaryimage"},"thumbnailUrl":"https:\/\/nesugalvotinorai.lt\/wp-content\/uploads\/2022\/10\/2024_02_18_120000444.jpg","datePublished":"2022-10-01T14:05:37+00:00","dateModified":"2024-02-18T16:48:39+00:00","description":"Rank\u0173 darbo soj\u0173 va\u0161ko \u017evak\u0117. \u0160i burbul\u0173 formos \u017evak\u0117 lengvai \u012fsilies J\u016bs\u0173 nam\u0173 interjere. Tai ma\u017ea detal\u0117, kuri puo\u0161ia ir suteikia jaukumo.","breadcrumb":{"@id":"https:\/\/nesugalvotinorai.lt\/index.php\/product\/zvake-bubble\/#breadcrumb"},"inLanguage":"lt-LT","potentialAction":[{"@type":"ReadAction","target":["https:\/\/nesugalvotinorai.lt\/index.php\/product\/zvake-bubble\/"]}]},{"@type":"ImageObject","inLanguage":"lt-LT","@id":"https:\/\/nesugalvotinorai.lt\/index.php\/product\/zvake-bubble\/#primaryimage","url":"https:\/\/nesugalvotinorai.lt\/wp-content\/uploads\/2022\/10\/2024_02_18_120000444.jpg","contentUrl":"https:\/\/nesugalvotinorai.lt\/wp-content\/uploads\/2022\/10\/2024_02_18_120000444.jpg","width":1042,"height":1671,"caption":"\u017dvak\u0117"},{"@type":"BreadcrumbList","@id":"https:\/\/nesugalvotinorai.lt\/index.php\/product\/zvake-bubble\/#breadcrumb","itemListElement":[{"@type":"ListItem","position":1,"name":"Home","item":"https:\/\/nesugalvotinorai.lt\/"},{"@type":"ListItem","position":2,"name":"Parduotuv\u0117","item":"https:\/\/nesugalvotinorai.lt\/index.php\/parduotuve\/"},{"@type":"ListItem","position":3,"name":"\u017dvak\u0117 \u201eBubble\u201c"}]},{"@type":"WebSite","@id":"https:\/\/nesugalvotinorai.lt\/#website","url":"https:\/\/nesugalvotinorai.lt\/","name":"Nesugalvotinorai","description":"\u017evak\u0117s, nam\u0173 kvapai, pad\u0117kliukai, d\u0117\u017eut\u0117s, dekoracijos, dovan\u0173 id\u0117jos, papuo\u0161alai","publisher":{"@id":"https:\/\/nesugalvotinorai.lt\/#organization"},"potentialAction":[{"@type":"SearchAction","target":{"@type":"EntryPoint","urlTemplate":"https:\/\/nesugalvotinorai.lt\/?s={search_term_string}"},"query-input":{"@type":"PropertyValueSpecification","valueRequired":true,"valueName":"search_term_string"}}],"inLanguage":"lt-LT"},{"@type":"Organization","@id":"https:\/\/nesugalvotinorai.lt\/#organization","name":"Nesugalvotinorai","url":"https:\/\/nesugalvotinorai.lt\/","logo":{"@type":"ImageObject","inLanguage":"lt-LT","@id":"https:\/\/nesugalvotinorai.lt\/#\/schema\/logo\/image\/","url":"https:\/\/nesugalvotinorai.lt\/wp-content\/uploads\/2023\/05\/cropped-nesugalvoti-norai-vector.png","contentUrl":"https:\/\/nesugalvotinorai.lt\/wp-content\/uploads\/2023\/05\/cropped-nesugalvoti-norai-vector.png","width":1483,"height":1371,"caption":"Nesugalvotinorai"},"image":{"@id":"https:\/\/nesugalvotinorai.lt\/#\/schema\/logo\/image\/"},"sameAs":["https:\/\/www.facebook.com\/nesugalvotinorai","https:\/\/www.instagram.com\/nesugalvoti_norai\/"]}]}},"_links":{"self":[{"href":"https:\/\/nesugalvotinorai.lt\/index.php\/wp-json\/wp\/v2\/product\/1246","targetHints":{"allow":["GET"]}}],"collection":[{"href":"https:\/\/nesugalvotinorai.lt\/index.php\/wp-json\/wp\/v2\/product"}],"about":[{"href":"https:\/\/nesugalvotinorai.lt\/index.php\/wp-json\/wp\/v2\/types\/product"}],"replies":[{"embeddable":true,"href":"https:\/\/nesugalvotinorai.lt\/index.php\/wp-json\/wp\/v2\/comments?post=1246"}],"wp:featuredmedia":[{"embeddable":true,"href":"https:\/\/nesugalvotinorai.lt\/index.php\/wp-json\/wp\/v2\/media\/3140"}],"wp:attachment":[{"href":"https:\/\/nesugalvotinorai.lt\/index.php\/wp-json\/wp\/v2\/media?parent=1246"}],"wp:term":[{"taxonomy":"product_cat","embeddable":true,"href":"https:\/\/nesugalvotinorai.lt\/index.php\/wp-json\/wp\/v2\/product_cat?post=1246"},{"taxonomy":"product_tag","embeddable":true,"href":"https:\/\/nesugalvotinorai.lt\/index.php\/wp-json\/wp\/v2\/product_tag?post=1246"}],"curies":[{"name":"wp","href":"https:\/\/api.w.org\/{rel}","templated":true}]}}