{"id":1574,"date":"2022-11-13T01:49:34","date_gmt":"2022-11-12T22:49:34","guid":{"rendered":"https:\/\/nesugalvotinorai.lt\/?post_type=product&#038;p=1574"},"modified":"2024-02-18T20:37:25","modified_gmt":"2024-02-18T17:37:25","slug":"padekliukas-margumynas","status":"publish","type":"product","link":"https:\/\/nesugalvotinorai.lt\/index.php\/product\/padekliukas-margumynas\/","title":{"rendered":"Pad\u0117kliukas \u201eMargumynas\u201c"},"content":{"rendered":"<div class=\"m8h3af8h l7ghb35v kjdc1dyq kmwttqpk gh25dzvf\"><span style=\"font-size: 16px;\">\u0160e\u0161iakampio formos pad\u0117kliukas, dekoruotas aukso spalvos folija.\u00a0<\/span><\/div>\n<div>\n<div class=\"m8h3af8h l7ghb35v kjdc1dyq kmwttqpk gh25dzvf\">Pad\u0117kliukas puikiai pasitarnaus \u017evak\u0117ms ar papuo\u0161alams laikyti.<\/div>\n<div class=\"m8h3af8h l7ghb35v kjdc1dyq kmwttqpk gh25dzvf\">Pagamintas i\u0161 Jesmonite.<\/div>\n<div>Netinkamas tiesioginiam s\u0105ly\u010diui su maistu.<\/div>\n<div>Spalvos: balta, juoda auksin\u0117.<\/div>\n<\/div>\n","protected":false},"excerpt":{"rendered":"<div class=\"m8h3af8h l7ghb35v kjdc1dyq kmwttqpk gh25dzvf\">\n<div class=\"m8h3af8h l7ghb35v kjdc1dyq kmwttqpk gh25dzvf\">\n<div class=\"m8h3af8h l7ghb35v kjdc1dyq kmwttqpk gh25dzvf\">\n<div class=\"m8h3af8h l7ghb35v kjdc1dyq kmwttqpk gh25dzvf\">\n<div class=\"m8h3af8h l7ghb35v kjdc1dyq kmwttqpk gh25dzvf\">\n<div class=\"m8h3af8h l7ghb35v kjdc1dyq kmwttqpk gh25dzvf\">\n<div class=\"m8h3af8h l7ghb35v kjdc1dyq kmwttqpk gh25dzvf\"><span style=\"font-size: 16px;\">\u0160e\u0161iakampio formos pad\u0117kliukas.\u00a0<\/span><\/div>\n<div>Spalvos: balta, juoda, auksin\u0117.<\/div>\n<\/div>\n<\/div>\n<\/div>\n<\/div>\n<\/div>\n<\/div>\n","protected":false},"featured_media":3124,"comment_status":"open","ping_status":"closed","template":"","meta":{"site-sidebar-layout":"default","site-content-layout":"content-boxed-container","ast-site-content-layout":"normal-width-container","site-content-style":"boxed","site-sidebar-style":"unboxed","ast-global-header-display":"","ast-banner-title-visibility":"","ast-main-header-display":"","ast-hfb-above-header-display":"","ast-hfb-below-header-display":"","ast-hfb-mobile-header-display":"","site-post-title":"","ast-breadcrumbs-content":"","ast-featured-img":"","footer-sml-layout":"","theme-transparent-header-meta":"default","adv-header-id-meta":"","stick-header-meta":"","header-above-stick-meta":"","header-main-stick-meta":"","header-below-stick-meta":"","astra-migrate-meta-layouts":"set"},"product_cat":[85],"product_tag":[],"class_list":{"0":"post-1574","1":"product","2":"type-product","3":"status-publish","4":"has-post-thumbnail","6":"product_cat-isparduodami","7":"desktop-align-left","8":"tablet-align-left","9":"mobile-align-left","10":"ast-product-gallery-layout-horizontal-slider","11":"ast-product-gallery-with-no-image","12":"ast-product-tabs-layout-horizontal","14":"first","15":"outofstock","16":"sale","17":"shipping-taxable","18":"purchasable","19":"product-type-simple"},"yoast_head":"<!-- This site is optimized with the Yoast SEO plugin v24.1 - https:\/\/yoast.com\/wordpress\/plugins\/seo\/ -->\n<title>Pad\u0117kliukas \u201eMargumynas\u201c - Nesugalvotinorai<\/title>\n<meta name=\"description\" content=\"\u0160e\u0161iakampio formos pad\u0117kliukas, dekoruotas aukso spalvos folija.\u00a0Pad\u0117kliukas puikiai pasitarnaus \u017evak\u0117ms ar papuo\u0161alams laikyti. Pagamintas i\u0161 Jesmonite.\" \/>\n<meta name=\"robots\" content=\"index, follow, max-snippet:-1, max-image-preview:large, max-video-preview:-1\" \/>\n<link rel=\"canonical\" href=\"https:\/\/nesugalvotinorai.lt\/index.php\/product\/padekliukas-margumynas\/\" \/>\n<meta property=\"og:locale\" content=\"lt_LT\" \/>\n<meta property=\"og:type\" content=\"article\" \/>\n<meta property=\"og:title\" content=\"Pad\u0117kliukas \u201eMargumynas\u201c - Nesugalvotinorai\" \/>\n<meta property=\"og:description\" content=\"\u0160e\u0161iakampio formos pad\u0117kliukas, dekoruotas aukso spalvos folija.\u00a0Pad\u0117kliukas puikiai pasitarnaus \u017evak\u0117ms ar papuo\u0161alams laikyti. Pagamintas i\u0161 Jesmonite.\" \/>\n<meta property=\"og:url\" content=\"https:\/\/nesugalvotinorai.lt\/index.php\/product\/padekliukas-margumynas\/\" \/>\n<meta property=\"og:site_name\" content=\"Nesugalvotinorai\" \/>\n<meta property=\"article:publisher\" content=\"https:\/\/www.facebook.com\/nesugalvotinorai\" \/>\n<meta property=\"article:modified_time\" content=\"2024-02-18T17:37:25+00:00\" \/>\n<meta property=\"og:image\" content=\"https:\/\/nesugalvotinorai.lt\/wp-content\/uploads\/2022\/11\/IMG_20221109_144750_11zon-scaled.jpg\" \/>\n\t<meta property=\"og:image:width\" content=\"1920\" \/>\n\t<meta property=\"og:image:height\" content=\"2560\" \/>\n\t<meta property=\"og:image:type\" content=\"image\/jpeg\" \/>\n<meta name=\"twitter:card\" content=\"summary_large_image\" \/>\n<meta name=\"twitter:label1\" content=\"Est. reading time\" \/>\n\t<meta name=\"twitter:data1\" content=\"1 minut\u0117\" \/>\n<script type=\"application\/ld+json\" class=\"yoast-schema-graph\">{\"@context\":\"https:\/\/schema.org\",\"@graph\":[{\"@type\":\"WebPage\",\"@id\":\"https:\/\/nesugalvotinorai.lt\/index.php\/product\/padekliukas-margumynas\/\",\"url\":\"https:\/\/nesugalvotinorai.lt\/index.php\/product\/padekliukas-margumynas\/\",\"name\":\"Pad\u0117kliukas \u201eMargumynas\u201c - Nesugalvotinorai\",\"isPartOf\":{\"@id\":\"https:\/\/nesugalvotinorai.lt\/#website\"},\"primaryImageOfPage\":{\"@id\":\"https:\/\/nesugalvotinorai.lt\/index.php\/product\/padekliukas-margumynas\/#primaryimage\"},\"image\":{\"@id\":\"https:\/\/nesugalvotinorai.lt\/index.php\/product\/padekliukas-margumynas\/#primaryimage\"},\"thumbnailUrl\":\"https:\/\/nesugalvotinorai.lt\/wp-content\/uploads\/2022\/11\/IMG_20221109_144750_11zon-scaled.jpg\",\"datePublished\":\"2022-11-12T22:49:34+00:00\",\"dateModified\":\"2024-02-18T17:37:25+00:00\",\"description\":\"\u0160e\u0161iakampio formos pad\u0117kliukas, dekoruotas aukso spalvos folija.\u00a0Pad\u0117kliukas puikiai pasitarnaus \u017evak\u0117ms ar papuo\u0161alams laikyti. Pagamintas i\u0161 Jesmonite.\",\"breadcrumb\":{\"@id\":\"https:\/\/nesugalvotinorai.lt\/index.php\/product\/padekliukas-margumynas\/#breadcrumb\"},\"inLanguage\":\"lt-LT\",\"potentialAction\":[{\"@type\":\"ReadAction\",\"target\":[\"https:\/\/nesugalvotinorai.lt\/index.php\/product\/padekliukas-margumynas\/\"]}]},{\"@type\":\"ImageObject\",\"inLanguage\":\"lt-LT\",\"@id\":\"https:\/\/nesugalvotinorai.lt\/index.php\/product\/padekliukas-margumynas\/#primaryimage\",\"url\":\"https:\/\/nesugalvotinorai.lt\/wp-content\/uploads\/2022\/11\/IMG_20221109_144750_11zon-scaled.jpg\",\"contentUrl\":\"https:\/\/nesugalvotinorai.lt\/wp-content\/uploads\/2022\/11\/IMG_20221109_144750_11zon-scaled.jpg\",\"width\":1920,\"height\":2560,\"caption\":\"Pad\u0117kliukas\"},{\"@type\":\"BreadcrumbList\",\"@id\":\"https:\/\/nesugalvotinorai.lt\/index.php\/product\/padekliukas-margumynas\/#breadcrumb\",\"itemListElement\":[{\"@type\":\"ListItem\",\"position\":1,\"name\":\"Home\",\"item\":\"https:\/\/nesugalvotinorai.lt\/\"},{\"@type\":\"ListItem\",\"position\":2,\"name\":\"Parduotuv\u0117\",\"item\":\"https:\/\/nesugalvotinorai.lt\/index.php\/parduotuve\/\"},{\"@type\":\"ListItem\",\"position\":3,\"name\":\"Pad\u0117kliukas \u201eMargumynas\u201c\"}]},{\"@type\":\"WebSite\",\"@id\":\"https:\/\/nesugalvotinorai.lt\/#website\",\"url\":\"https:\/\/nesugalvotinorai.lt\/\",\"name\":\"Nesugalvotinorai\",\"description\":\"\u017evak\u0117s, nam\u0173 kvapai, pad\u0117kliukai, d\u0117\u017eut\u0117s, dekoracijos, dovan\u0173 id\u0117jos, papuo\u0161alai\",\"publisher\":{\"@id\":\"https:\/\/nesugalvotinorai.lt\/#organization\"},\"potentialAction\":[{\"@type\":\"SearchAction\",\"target\":{\"@type\":\"EntryPoint\",\"urlTemplate\":\"https:\/\/nesugalvotinorai.lt\/?s={search_term_string}\"},\"query-input\":{\"@type\":\"PropertyValueSpecification\",\"valueRequired\":true,\"valueName\":\"search_term_string\"}}],\"inLanguage\":\"lt-LT\"},{\"@type\":\"Organization\",\"@id\":\"https:\/\/nesugalvotinorai.lt\/#organization\",\"name\":\"Nesugalvotinorai\",\"url\":\"https:\/\/nesugalvotinorai.lt\/\",\"logo\":{\"@type\":\"ImageObject\",\"inLanguage\":\"lt-LT\",\"@id\":\"https:\/\/nesugalvotinorai.lt\/#\/schema\/logo\/image\/\",\"url\":\"https:\/\/nesugalvotinorai.lt\/wp-content\/uploads\/2023\/05\/cropped-nesugalvoti-norai-vector.png\",\"contentUrl\":\"https:\/\/nesugalvotinorai.lt\/wp-content\/uploads\/2023\/05\/cropped-nesugalvoti-norai-vector.png\",\"width\":1483,\"height\":1371,\"caption\":\"Nesugalvotinorai\"},\"image\":{\"@id\":\"https:\/\/nesugalvotinorai.lt\/#\/schema\/logo\/image\/\"},\"sameAs\":[\"https:\/\/www.facebook.com\/nesugalvotinorai\",\"https:\/\/www.instagram.com\/nesugalvoti_norai\/\"]}]}<\/script>\n<!-- \/ Yoast SEO plugin. -->","yoast_head_json":{"title":"Pad\u0117kliukas \u201eMargumynas\u201c - Nesugalvotinorai","description":"\u0160e\u0161iakampio formos pad\u0117kliukas, dekoruotas aukso spalvos folija.\u00a0Pad\u0117kliukas puikiai pasitarnaus \u017evak\u0117ms ar papuo\u0161alams laikyti. Pagamintas i\u0161 Jesmonite.","robots":{"index":"index","follow":"follow","max-snippet":"max-snippet:-1","max-image-preview":"max-image-preview:large","max-video-preview":"max-video-preview:-1"},"canonical":"https:\/\/nesugalvotinorai.lt\/index.php\/product\/padekliukas-margumynas\/","og_locale":"lt_LT","og_type":"article","og_title":"Pad\u0117kliukas \u201eMargumynas\u201c - Nesugalvotinorai","og_description":"\u0160e\u0161iakampio formos pad\u0117kliukas, dekoruotas aukso spalvos folija.\u00a0Pad\u0117kliukas puikiai pasitarnaus \u017evak\u0117ms ar papuo\u0161alams laikyti. Pagamintas i\u0161 Jesmonite.","og_url":"https:\/\/nesugalvotinorai.lt\/index.php\/product\/padekliukas-margumynas\/","og_site_name":"Nesugalvotinorai","article_publisher":"https:\/\/www.facebook.com\/nesugalvotinorai","article_modified_time":"2024-02-18T17:37:25+00:00","og_image":[{"width":1920,"height":2560,"url":"https:\/\/nesugalvotinorai.lt\/wp-content\/uploads\/2022\/11\/IMG_20221109_144750_11zon-scaled.jpg","type":"image\/jpeg"}],"twitter_card":"summary_large_image","twitter_misc":{"Est. reading time":"1 minut\u0117"},"schema":{"@context":"https:\/\/schema.org","@graph":[{"@type":"WebPage","@id":"https:\/\/nesugalvotinorai.lt\/index.php\/product\/padekliukas-margumynas\/","url":"https:\/\/nesugalvotinorai.lt\/index.php\/product\/padekliukas-margumynas\/","name":"Pad\u0117kliukas \u201eMargumynas\u201c - Nesugalvotinorai","isPartOf":{"@id":"https:\/\/nesugalvotinorai.lt\/#website"},"primaryImageOfPage":{"@id":"https:\/\/nesugalvotinorai.lt\/index.php\/product\/padekliukas-margumynas\/#primaryimage"},"image":{"@id":"https:\/\/nesugalvotinorai.lt\/index.php\/product\/padekliukas-margumynas\/#primaryimage"},"thumbnailUrl":"https:\/\/nesugalvotinorai.lt\/wp-content\/uploads\/2022\/11\/IMG_20221109_144750_11zon-scaled.jpg","datePublished":"2022-11-12T22:49:34+00:00","dateModified":"2024-02-18T17:37:25+00:00","description":"\u0160e\u0161iakampio formos pad\u0117kliukas, dekoruotas aukso spalvos folija.\u00a0Pad\u0117kliukas puikiai pasitarnaus \u017evak\u0117ms ar papuo\u0161alams laikyti. Pagamintas i\u0161 Jesmonite.","breadcrumb":{"@id":"https:\/\/nesugalvotinorai.lt\/index.php\/product\/padekliukas-margumynas\/#breadcrumb"},"inLanguage":"lt-LT","potentialAction":[{"@type":"ReadAction","target":["https:\/\/nesugalvotinorai.lt\/index.php\/product\/padekliukas-margumynas\/"]}]},{"@type":"ImageObject","inLanguage":"lt-LT","@id":"https:\/\/nesugalvotinorai.lt\/index.php\/product\/padekliukas-margumynas\/#primaryimage","url":"https:\/\/nesugalvotinorai.lt\/wp-content\/uploads\/2022\/11\/IMG_20221109_144750_11zon-scaled.jpg","contentUrl":"https:\/\/nesugalvotinorai.lt\/wp-content\/uploads\/2022\/11\/IMG_20221109_144750_11zon-scaled.jpg","width":1920,"height":2560,"caption":"Pad\u0117kliukas"},{"@type":"BreadcrumbList","@id":"https:\/\/nesugalvotinorai.lt\/index.php\/product\/padekliukas-margumynas\/#breadcrumb","itemListElement":[{"@type":"ListItem","position":1,"name":"Home","item":"https:\/\/nesugalvotinorai.lt\/"},{"@type":"ListItem","position":2,"name":"Parduotuv\u0117","item":"https:\/\/nesugalvotinorai.lt\/index.php\/parduotuve\/"},{"@type":"ListItem","position":3,"name":"Pad\u0117kliukas \u201eMargumynas\u201c"}]},{"@type":"WebSite","@id":"https:\/\/nesugalvotinorai.lt\/#website","url":"https:\/\/nesugalvotinorai.lt\/","name":"Nesugalvotinorai","description":"\u017evak\u0117s, nam\u0173 kvapai, pad\u0117kliukai, d\u0117\u017eut\u0117s, dekoracijos, dovan\u0173 id\u0117jos, papuo\u0161alai","publisher":{"@id":"https:\/\/nesugalvotinorai.lt\/#organization"},"potentialAction":[{"@type":"SearchAction","target":{"@type":"EntryPoint","urlTemplate":"https:\/\/nesugalvotinorai.lt\/?s={search_term_string}"},"query-input":{"@type":"PropertyValueSpecification","valueRequired":true,"valueName":"search_term_string"}}],"inLanguage":"lt-LT"},{"@type":"Organization","@id":"https:\/\/nesugalvotinorai.lt\/#organization","name":"Nesugalvotinorai","url":"https:\/\/nesugalvotinorai.lt\/","logo":{"@type":"ImageObject","inLanguage":"lt-LT","@id":"https:\/\/nesugalvotinorai.lt\/#\/schema\/logo\/image\/","url":"https:\/\/nesugalvotinorai.lt\/wp-content\/uploads\/2023\/05\/cropped-nesugalvoti-norai-vector.png","contentUrl":"https:\/\/nesugalvotinorai.lt\/wp-content\/uploads\/2023\/05\/cropped-nesugalvoti-norai-vector.png","width":1483,"height":1371,"caption":"Nesugalvotinorai"},"image":{"@id":"https:\/\/nesugalvotinorai.lt\/#\/schema\/logo\/image\/"},"sameAs":["https:\/\/www.facebook.com\/nesugalvotinorai","https:\/\/www.instagram.com\/nesugalvoti_norai\/"]}]}},"_links":{"self":[{"href":"https:\/\/nesugalvotinorai.lt\/index.php\/wp-json\/wp\/v2\/product\/1574","targetHints":{"allow":["GET"]}}],"collection":[{"href":"https:\/\/nesugalvotinorai.lt\/index.php\/wp-json\/wp\/v2\/product"}],"about":[{"href":"https:\/\/nesugalvotinorai.lt\/index.php\/wp-json\/wp\/v2\/types\/product"}],"replies":[{"embeddable":true,"href":"https:\/\/nesugalvotinorai.lt\/index.php\/wp-json\/wp\/v2\/comments?post=1574"}],"wp:featuredmedia":[{"embeddable":true,"href":"https:\/\/nesugalvotinorai.lt\/index.php\/wp-json\/wp\/v2\/media\/3124"}],"wp:attachment":[{"href":"https:\/\/nesugalvotinorai.lt\/index.php\/wp-json\/wp\/v2\/media?parent=1574"}],"wp:term":[{"taxonomy":"product_cat","embeddable":true,"href":"https:\/\/nesugalvotinorai.lt\/index.php\/wp-json\/wp\/v2\/product_cat?post=1574"},{"taxonomy":"product_tag","embeddable":true,"href":"https:\/\/nesugalvotinorai.lt\/index.php\/wp-json\/wp\/v2\/product_tag?post=1574"}],"curies":[{"name":"wp","href":"https:\/\/api.w.org\/{rel}","templated":true}]}}