{"id":1690,"date":"2022-12-21T11:56:42","date_gmt":"2022-12-21T08:56:42","guid":{"rendered":"https:\/\/nesugalvotinorai.lt\/?post_type=product&#038;p=1690"},"modified":"2023-09-19T21:08:28","modified_gmt":"2023-09-19T18:08:28","slug":"zvakidziu-rinkinys-cia-gyvena-laime-gray-terrazzo","status":"publish","type":"product","link":"https:\/\/nesugalvotinorai.lt\/index.php\/product\/zvakidziu-rinkinys-cia-gyvena-laime-gray-terrazzo\/","title":{"rendered":"\u017dvakid\u017ei\u0173 rinkinys \u201e\u010cia gyvena laim\u0117\u201c (Gray Terrazzo)"},"content":{"rendered":"<div class=\"m8h3af8h l7ghb35v kjdc1dyq kmwttqpk gh25dzvf\">Trys rank\u0173 darbo \u017evakid\u0117s arbatin\u0117ms \u017evakut\u0117ms. Dangteliai su \u017eod\u017eiais \u2013\u00a0 \u010cIA GYVENA LAIM\u0116. Sakoma savo norus, siekius reikia u\u017esira\u0161yti, apie juos kalb\u0117ti\u00a0 garsiai, tuomet jie materializuojasi. Tegul J\u016bs\u0173 namuose visada gyvena laim\u0117.<\/div>\n<div class=\"m8h3af8h l7ghb35v kjdc1dyq kmwttqpk gh25dzvf\">Rinkin\u012f sudaro: trys \u017evakid\u0117s ir trys arbatin\u0117s \u017evakut\u0117s.<\/div>\n<div>Pagaminta i\u0161 Jesmonite.<\/div>\n<div class=\"m8h3af8h l7ghb35v kjdc1dyq kmwttqpk gh25dzvf\">I\u0161matavimai: skersmuo \u2013 5,5 cm, auk\u0161tis \u20134,7 cm<\/div>\n<div>Spalva \u2013 pilka, balta.<\/div>\n<div>\u017dvakid\u0117s dekoruotos swarovski akut\u0117mis.<\/div>\n","protected":false},"excerpt":{"rendered":"<div class=\"m8h3af8h l7ghb35v kjdc1dyq kmwttqpk gh25dzvf\">\n<div class=\"m8h3af8h l7ghb35v kjdc1dyq kmwttqpk gh25dzvf\">\n<div class=\"m8h3af8h l7ghb35v kjdc1dyq kmwttqpk gh25dzvf\">\n<div class=\"m8h3af8h l7ghb35v kjdc1dyq kmwttqpk gh25dzvf\">\u017dvakid\u017ei\u0173 rinkinys \u010cIA GYVENA LAIM\u0116.<\/div>\n<div class=\"m8h3af8h l7ghb35v kjdc1dyq kmwttqpk gh25dzvf\">\n<div class=\"m8h3af8h l7ghb35v kjdc1dyq kmwttqpk gh25dzvf\">I\u0161matavimai: skersmuo \u2013 5,5 cm, auk\u0161tis \u20134,7 cm<\/div>\n<div>Spalva \u2013 pilka, balta.<\/div>\n<\/div>\n<\/div>\n<\/div>\n<\/div>\n","protected":false},"featured_media":1646,"comment_status":"open","ping_status":"closed","template":"","meta":{"site-sidebar-layout":"default","site-content-layout":"content-boxed-container","ast-site-content-layout":"","site-content-style":"default","site-sidebar-style":"default","ast-global-header-display":"","ast-banner-title-visibility":"","ast-main-header-display":"","ast-hfb-above-header-display":"","ast-hfb-below-header-display":"","ast-hfb-mobile-header-display":"","site-post-title":"","ast-breadcrumbs-content":"","ast-featured-img":"","footer-sml-layout":"","theme-transparent-header-meta":"default","adv-header-id-meta":"","stick-header-meta":"","header-above-stick-meta":"","header-main-stick-meta":"","header-below-stick-meta":"","astra-migrate-meta-layouts":""},"product_cat":[30],"product_tag":[],"class_list":{"0":"post-1690","1":"product","2":"type-product","3":"status-publish","4":"has-post-thumbnail","6":"product_cat-namu-dekoro-detales","7":"desktop-align-left","8":"tablet-align-left","9":"mobile-align-left","10":"ast-product-gallery-layout-horizontal-slider","11":"ast-product-tabs-layout-horizontal","13":"first","14":"instock","15":"sale","16":"featured","17":"shipping-taxable","18":"purchasable","19":"product-type-simple"},"yoast_head":"<!-- This site is optimized with the Yoast SEO plugin v24.1 - https:\/\/yoast.com\/wordpress\/plugins\/seo\/ -->\n<title>\u017dvakid\u017ei\u0173 rinkinys \u201e\u010cia gyvena laim\u0117\u201c (Gray Terrazzo) - Nesugalvotinorai<\/title>\n<meta name=\"robots\" content=\"index, follow, max-snippet:-1, max-image-preview:large, max-video-preview:-1\" \/>\n<link rel=\"canonical\" href=\"https:\/\/nesugalvotinorai.lt\/index.php\/product\/zvakidziu-rinkinys-cia-gyvena-laime-gray-terrazzo\/\" \/>\n<meta property=\"og:locale\" content=\"lt_LT\" \/>\n<meta property=\"og:type\" content=\"article\" \/>\n<meta property=\"og:title\" content=\"\u017dvakid\u017ei\u0173 rinkinys \u201e\u010cia gyvena laim\u0117\u201c (Gray Terrazzo) - Nesugalvotinorai\" \/>\n<meta property=\"og:description\" content=\"\u017dvakid\u017ei\u0173 rinkinys \u010cIA GYVENA LAIM\u0116.  I\u0161matavimai: skersmuo \u2013 5,5 cm, auk\u0161tis \u20134,7 cm Spalva \u2013 pilka, balta.\" \/>\n<meta property=\"og:url\" content=\"https:\/\/nesugalvotinorai.lt\/index.php\/product\/zvakidziu-rinkinys-cia-gyvena-laime-gray-terrazzo\/\" \/>\n<meta property=\"og:site_name\" content=\"Nesugalvotinorai\" \/>\n<meta property=\"article:publisher\" content=\"https:\/\/www.facebook.com\/nesugalvotinorai\" \/>\n<meta property=\"article:modified_time\" content=\"2023-09-19T18:08:28+00:00\" \/>\n<meta property=\"og:image\" content=\"https:\/\/nesugalvotinorai.lt\/wp-content\/uploads\/2022\/12\/IMG_20221221_081349_11zon-scaled.jpg\" \/>\n\t<meta property=\"og:image:width\" content=\"1920\" \/>\n\t<meta property=\"og:image:height\" content=\"2560\" \/>\n\t<meta property=\"og:image:type\" content=\"image\/jpeg\" \/>\n<meta name=\"twitter:card\" content=\"summary_large_image\" \/>\n<script type=\"application\/ld+json\" class=\"yoast-schema-graph\">{\"@context\":\"https:\/\/schema.org\",\"@graph\":[{\"@type\":\"WebPage\",\"@id\":\"https:\/\/nesugalvotinorai.lt\/index.php\/product\/zvakidziu-rinkinys-cia-gyvena-laime-gray-terrazzo\/\",\"url\":\"https:\/\/nesugalvotinorai.lt\/index.php\/product\/zvakidziu-rinkinys-cia-gyvena-laime-gray-terrazzo\/\",\"name\":\"\u017dvakid\u017ei\u0173 rinkinys \u201e\u010cia gyvena laim\u0117\u201c (Gray Terrazzo) - Nesugalvotinorai\",\"isPartOf\":{\"@id\":\"https:\/\/nesugalvotinorai.lt\/#website\"},\"primaryImageOfPage\":{\"@id\":\"https:\/\/nesugalvotinorai.lt\/index.php\/product\/zvakidziu-rinkinys-cia-gyvena-laime-gray-terrazzo\/#primaryimage\"},\"image\":{\"@id\":\"https:\/\/nesugalvotinorai.lt\/index.php\/product\/zvakidziu-rinkinys-cia-gyvena-laime-gray-terrazzo\/#primaryimage\"},\"thumbnailUrl\":\"https:\/\/nesugalvotinorai.lt\/wp-content\/uploads\/2022\/12\/IMG_20221221_081349_11zon-scaled.jpg\",\"datePublished\":\"2022-12-21T08:56:42+00:00\",\"dateModified\":\"2023-09-19T18:08:28+00:00\",\"breadcrumb\":{\"@id\":\"https:\/\/nesugalvotinorai.lt\/index.php\/product\/zvakidziu-rinkinys-cia-gyvena-laime-gray-terrazzo\/#breadcrumb\"},\"inLanguage\":\"lt-LT\",\"potentialAction\":[{\"@type\":\"ReadAction\",\"target\":[\"https:\/\/nesugalvotinorai.lt\/index.php\/product\/zvakidziu-rinkinys-cia-gyvena-laime-gray-terrazzo\/\"]}]},{\"@type\":\"ImageObject\",\"inLanguage\":\"lt-LT\",\"@id\":\"https:\/\/nesugalvotinorai.lt\/index.php\/product\/zvakidziu-rinkinys-cia-gyvena-laime-gray-terrazzo\/#primaryimage\",\"url\":\"https:\/\/nesugalvotinorai.lt\/wp-content\/uploads\/2022\/12\/IMG_20221221_081349_11zon-scaled.jpg\",\"contentUrl\":\"https:\/\/nesugalvotinorai.lt\/wp-content\/uploads\/2022\/12\/IMG_20221221_081349_11zon-scaled.jpg\",\"width\":1920,\"height\":2560},{\"@type\":\"BreadcrumbList\",\"@id\":\"https:\/\/nesugalvotinorai.lt\/index.php\/product\/zvakidziu-rinkinys-cia-gyvena-laime-gray-terrazzo\/#breadcrumb\",\"itemListElement\":[{\"@type\":\"ListItem\",\"position\":1,\"name\":\"Home\",\"item\":\"https:\/\/nesugalvotinorai.lt\/\"},{\"@type\":\"ListItem\",\"position\":2,\"name\":\"Parduotuv\u0117\",\"item\":\"https:\/\/nesugalvotinorai.lt\/index.php\/parduotuve\/\"},{\"@type\":\"ListItem\",\"position\":3,\"name\":\"\u017dvakid\u017ei\u0173 rinkinys \u201e\u010cia gyvena laim\u0117\u201c (Gray Terrazzo)\"}]},{\"@type\":\"WebSite\",\"@id\":\"https:\/\/nesugalvotinorai.lt\/#website\",\"url\":\"https:\/\/nesugalvotinorai.lt\/\",\"name\":\"Nesugalvotinorai\",\"description\":\"\u017evak\u0117s, nam\u0173 kvapai, pad\u0117kliukai, d\u0117\u017eut\u0117s, dekoracijos, dovan\u0173 id\u0117jos, papuo\u0161alai\",\"publisher\":{\"@id\":\"https:\/\/nesugalvotinorai.lt\/#organization\"},\"potentialAction\":[{\"@type\":\"SearchAction\",\"target\":{\"@type\":\"EntryPoint\",\"urlTemplate\":\"https:\/\/nesugalvotinorai.lt\/?s={search_term_string}\"},\"query-input\":{\"@type\":\"PropertyValueSpecification\",\"valueRequired\":true,\"valueName\":\"search_term_string\"}}],\"inLanguage\":\"lt-LT\"},{\"@type\":\"Organization\",\"@id\":\"https:\/\/nesugalvotinorai.lt\/#organization\",\"name\":\"Nesugalvotinorai\",\"url\":\"https:\/\/nesugalvotinorai.lt\/\",\"logo\":{\"@type\":\"ImageObject\",\"inLanguage\":\"lt-LT\",\"@id\":\"https:\/\/nesugalvotinorai.lt\/#\/schema\/logo\/image\/\",\"url\":\"https:\/\/nesugalvotinorai.lt\/wp-content\/uploads\/2023\/05\/cropped-nesugalvoti-norai-vector.png\",\"contentUrl\":\"https:\/\/nesugalvotinorai.lt\/wp-content\/uploads\/2023\/05\/cropped-nesugalvoti-norai-vector.png\",\"width\":1483,\"height\":1371,\"caption\":\"Nesugalvotinorai\"},\"image\":{\"@id\":\"https:\/\/nesugalvotinorai.lt\/#\/schema\/logo\/image\/\"},\"sameAs\":[\"https:\/\/www.facebook.com\/nesugalvotinorai\",\"https:\/\/www.instagram.com\/nesugalvoti_norai\/\"]}]}<\/script>\n<!-- \/ Yoast SEO plugin. -->","yoast_head_json":{"title":"\u017dvakid\u017ei\u0173 rinkinys \u201e\u010cia gyvena laim\u0117\u201c (Gray Terrazzo) - Nesugalvotinorai","robots":{"index":"index","follow":"follow","max-snippet":"max-snippet:-1","max-image-preview":"max-image-preview:large","max-video-preview":"max-video-preview:-1"},"canonical":"https:\/\/nesugalvotinorai.lt\/index.php\/product\/zvakidziu-rinkinys-cia-gyvena-laime-gray-terrazzo\/","og_locale":"lt_LT","og_type":"article","og_title":"\u017dvakid\u017ei\u0173 rinkinys \u201e\u010cia gyvena laim\u0117\u201c (Gray Terrazzo) - Nesugalvotinorai","og_description":"\u017dvakid\u017ei\u0173 rinkinys \u010cIA GYVENA LAIM\u0116.  I\u0161matavimai: skersmuo \u2013 5,5 cm, auk\u0161tis \u20134,7 cm Spalva \u2013 pilka, balta.","og_url":"https:\/\/nesugalvotinorai.lt\/index.php\/product\/zvakidziu-rinkinys-cia-gyvena-laime-gray-terrazzo\/","og_site_name":"Nesugalvotinorai","article_publisher":"https:\/\/www.facebook.com\/nesugalvotinorai","article_modified_time":"2023-09-19T18:08:28+00:00","og_image":[{"width":1920,"height":2560,"url":"https:\/\/nesugalvotinorai.lt\/wp-content\/uploads\/2022\/12\/IMG_20221221_081349_11zon-scaled.jpg","type":"image\/jpeg"}],"twitter_card":"summary_large_image","schema":{"@context":"https:\/\/schema.org","@graph":[{"@type":"WebPage","@id":"https:\/\/nesugalvotinorai.lt\/index.php\/product\/zvakidziu-rinkinys-cia-gyvena-laime-gray-terrazzo\/","url":"https:\/\/nesugalvotinorai.lt\/index.php\/product\/zvakidziu-rinkinys-cia-gyvena-laime-gray-terrazzo\/","name":"\u017dvakid\u017ei\u0173 rinkinys \u201e\u010cia gyvena laim\u0117\u201c (Gray Terrazzo) - Nesugalvotinorai","isPartOf":{"@id":"https:\/\/nesugalvotinorai.lt\/#website"},"primaryImageOfPage":{"@id":"https:\/\/nesugalvotinorai.lt\/index.php\/product\/zvakidziu-rinkinys-cia-gyvena-laime-gray-terrazzo\/#primaryimage"},"image":{"@id":"https:\/\/nesugalvotinorai.lt\/index.php\/product\/zvakidziu-rinkinys-cia-gyvena-laime-gray-terrazzo\/#primaryimage"},"thumbnailUrl":"https:\/\/nesugalvotinorai.lt\/wp-content\/uploads\/2022\/12\/IMG_20221221_081349_11zon-scaled.jpg","datePublished":"2022-12-21T08:56:42+00:00","dateModified":"2023-09-19T18:08:28+00:00","breadcrumb":{"@id":"https:\/\/nesugalvotinorai.lt\/index.php\/product\/zvakidziu-rinkinys-cia-gyvena-laime-gray-terrazzo\/#breadcrumb"},"inLanguage":"lt-LT","potentialAction":[{"@type":"ReadAction","target":["https:\/\/nesugalvotinorai.lt\/index.php\/product\/zvakidziu-rinkinys-cia-gyvena-laime-gray-terrazzo\/"]}]},{"@type":"ImageObject","inLanguage":"lt-LT","@id":"https:\/\/nesugalvotinorai.lt\/index.php\/product\/zvakidziu-rinkinys-cia-gyvena-laime-gray-terrazzo\/#primaryimage","url":"https:\/\/nesugalvotinorai.lt\/wp-content\/uploads\/2022\/12\/IMG_20221221_081349_11zon-scaled.jpg","contentUrl":"https:\/\/nesugalvotinorai.lt\/wp-content\/uploads\/2022\/12\/IMG_20221221_081349_11zon-scaled.jpg","width":1920,"height":2560},{"@type":"BreadcrumbList","@id":"https:\/\/nesugalvotinorai.lt\/index.php\/product\/zvakidziu-rinkinys-cia-gyvena-laime-gray-terrazzo\/#breadcrumb","itemListElement":[{"@type":"ListItem","position":1,"name":"Home","item":"https:\/\/nesugalvotinorai.lt\/"},{"@type":"ListItem","position":2,"name":"Parduotuv\u0117","item":"https:\/\/nesugalvotinorai.lt\/index.php\/parduotuve\/"},{"@type":"ListItem","position":3,"name":"\u017dvakid\u017ei\u0173 rinkinys \u201e\u010cia gyvena laim\u0117\u201c (Gray Terrazzo)"}]},{"@type":"WebSite","@id":"https:\/\/nesugalvotinorai.lt\/#website","url":"https:\/\/nesugalvotinorai.lt\/","name":"Nesugalvotinorai","description":"\u017evak\u0117s, nam\u0173 kvapai, pad\u0117kliukai, d\u0117\u017eut\u0117s, dekoracijos, dovan\u0173 id\u0117jos, papuo\u0161alai","publisher":{"@id":"https:\/\/nesugalvotinorai.lt\/#organization"},"potentialAction":[{"@type":"SearchAction","target":{"@type":"EntryPoint","urlTemplate":"https:\/\/nesugalvotinorai.lt\/?s={search_term_string}"},"query-input":{"@type":"PropertyValueSpecification","valueRequired":true,"valueName":"search_term_string"}}],"inLanguage":"lt-LT"},{"@type":"Organization","@id":"https:\/\/nesugalvotinorai.lt\/#organization","name":"Nesugalvotinorai","url":"https:\/\/nesugalvotinorai.lt\/","logo":{"@type":"ImageObject","inLanguage":"lt-LT","@id":"https:\/\/nesugalvotinorai.lt\/#\/schema\/logo\/image\/","url":"https:\/\/nesugalvotinorai.lt\/wp-content\/uploads\/2023\/05\/cropped-nesugalvoti-norai-vector.png","contentUrl":"https:\/\/nesugalvotinorai.lt\/wp-content\/uploads\/2023\/05\/cropped-nesugalvoti-norai-vector.png","width":1483,"height":1371,"caption":"Nesugalvotinorai"},"image":{"@id":"https:\/\/nesugalvotinorai.lt\/#\/schema\/logo\/image\/"},"sameAs":["https:\/\/www.facebook.com\/nesugalvotinorai","https:\/\/www.instagram.com\/nesugalvoti_norai\/"]}]}},"_links":{"self":[{"href":"https:\/\/nesugalvotinorai.lt\/index.php\/wp-json\/wp\/v2\/product\/1690","targetHints":{"allow":["GET"]}}],"collection":[{"href":"https:\/\/nesugalvotinorai.lt\/index.php\/wp-json\/wp\/v2\/product"}],"about":[{"href":"https:\/\/nesugalvotinorai.lt\/index.php\/wp-json\/wp\/v2\/types\/product"}],"replies":[{"embeddable":true,"href":"https:\/\/nesugalvotinorai.lt\/index.php\/wp-json\/wp\/v2\/comments?post=1690"}],"wp:featuredmedia":[{"embeddable":true,"href":"https:\/\/nesugalvotinorai.lt\/index.php\/wp-json\/wp\/v2\/media\/1646"}],"wp:attachment":[{"href":"https:\/\/nesugalvotinorai.lt\/index.php\/wp-json\/wp\/v2\/media?parent=1690"}],"wp:term":[{"taxonomy":"product_cat","embeddable":true,"href":"https:\/\/nesugalvotinorai.lt\/index.php\/wp-json\/wp\/v2\/product_cat?post=1690"},{"taxonomy":"product_tag","embeddable":true,"href":"https:\/\/nesugalvotinorai.lt\/index.php\/wp-json\/wp\/v2\/product_tag?post=1690"}],"curies":[{"name":"wp","href":"https:\/\/api.w.org\/{rel}","templated":true}]}}