{"id":1861,"date":"2023-03-06T15:24:28","date_gmt":"2023-03-06T12:24:28","guid":{"rendered":"https:\/\/nesugalvotinorai.lt\/?post_type=product&#038;p=1861"},"modified":"2023-03-31T16:52:00","modified_gmt":"2023-03-31T13:52:00","slug":"mandarinu-spalvos-aromatine-zvake-kubas","status":"publish","type":"product","link":"https:\/\/nesugalvotinorai.lt\/index.php\/product\/mandarinu-spalvos-aromatine-zvake-kubas\/","title":{"rendered":"Mandarin\u0173 spalvos aromatin\u0117 \u017evak\u0117 \u201eKubas\u201c"},"content":{"rendered":"<div class=\"m8h3af8h l7ghb35v kjdc1dyq kmwttqpk gh25dzvf\">\n<div class=\"m8h3af8h l7ghb35v kjdc1dyq kmwttqpk gh25dzvf\">\n<div class=\"m8h3af8h l7ghb35v kjdc1dyq kmwttqpk gh25dzvf\">Kvepianti palmi\u0173 va\u0161ko \u017evak\u0117 su kristalizacijos efektu.<\/div>\n<div>Palmi\u0173 va\u0161kas \u2013 100 proc. augalin\u0117s kilm\u0117s produktas. Jo sud\u0117tyje n\u0117ra toksin\u0173 ir geneti\u0161kai modifikuot\u0173 med\u017eiag\u0173.<\/div>\n<div>\u017dvak\u0117 prisodrinta aromatiniu aliejumi.<\/div>\n<div><\/div>\n<div><strong>Vir\u0161utin\u0117 nata:<\/strong> \u00a0laimas, mandarin\u0173 \u017eiedai.<br \/>\n<strong>Vidurin\u0117 nata:\u00a0<\/strong>bazilikas, baltasis \u010diobrelis, vetiverija.<br \/>\n<strong>Pagrindin\u0117 nata:\u00a0<\/strong>juodieji pipirai, mediena, pa\u010diulis.<\/div>\n<div><\/div>\n<div>\n<p>\u017dvak\u0117s dydis 7,6 x 7,6 x 12,5 cm<\/p>\n<\/div>\n<div>\n<p>Dega apie 60 val.<\/p>\n<\/div>\n<\/div>\n<\/div>\n<div>\n<p>&nbsp;<\/p>\n<\/div>\n","protected":false},"excerpt":{"rendered":"<div class=\"m8h3af8h l7ghb35v kjdc1dyq kmwttqpk gh25dzvf\">\n<div class=\"m8h3af8h l7ghb35v kjdc1dyq kmwttqpk gh25dzvf\">\n<div class=\"m8h3af8h l7ghb35v kjdc1dyq kmwttqpk gh25dzvf\">\n<div class=\"m8h3af8h l7ghb35v kjdc1dyq kmwttqpk gh25dzvf\">Kvepianti palmi\u0173 va\u0161ko \u017evak\u0117 su kristalizacijos efektu.<\/div>\n<div><\/div>\n<\/div>\n<\/div>\n<\/div>\n","protected":false},"featured_media":1865,"comment_status":"open","ping_status":"closed","template":"","meta":{"site-sidebar-layout":"default","site-content-layout":"content-boxed-container","ast-site-content-layout":"","site-content-style":"default","site-sidebar-style":"default","ast-global-header-display":"","ast-banner-title-visibility":"","ast-main-header-display":"","ast-hfb-above-header-display":"","ast-hfb-below-header-display":"","ast-hfb-mobile-header-display":"","site-post-title":"","ast-breadcrumbs-content":"","ast-featured-img":"","footer-sml-layout":"","theme-transparent-header-meta":"default","adv-header-id-meta":"","stick-header-meta":"","header-above-stick-meta":"","header-main-stick-meta":"","header-below-stick-meta":"","astra-migrate-meta-layouts":""},"product_cat":[28],"product_tag":[],"class_list":{"0":"post-1861","1":"product","2":"type-product","3":"status-publish","4":"has-post-thumbnail","6":"product_cat-zvakes","7":"desktop-align-left","8":"tablet-align-left","9":"mobile-align-left","10":"ast-product-gallery-layout-horizontal-slider","11":"ast-product-gallery-with-no-image","12":"ast-product-tabs-layout-horizontal","14":"first","15":"outofstock","16":"featured","17":"shipping-taxable","18":"purchasable","19":"product-type-simple"},"yoast_head":"<!-- This site is optimized with the Yoast SEO plugin v24.1 - https:\/\/yoast.com\/wordpress\/plugins\/seo\/ -->\n<title>Mandarin\u0173 spalvos aromatin\u0117 \u017evak\u0117 \u201eKubas\u201c - Nesugalvotinorai<\/title>\n<meta name=\"robots\" content=\"index, follow, max-snippet:-1, max-image-preview:large, max-video-preview:-1\" \/>\n<link rel=\"canonical\" href=\"https:\/\/nesugalvotinorai.lt\/index.php\/product\/mandarinu-spalvos-aromatine-zvake-kubas\/\" \/>\n<meta property=\"og:locale\" content=\"lt_LT\" \/>\n<meta property=\"og:type\" content=\"article\" \/>\n<meta property=\"og:title\" content=\"Mandarin\u0173 spalvos aromatin\u0117 \u017evak\u0117 \u201eKubas\u201c - Nesugalvotinorai\" \/>\n<meta property=\"og:description\" content=\"Kvepianti palmi\u0173 va\u0161ko \u017evak\u0117 su kristalizacijos efektu.\" \/>\n<meta property=\"og:url\" content=\"https:\/\/nesugalvotinorai.lt\/index.php\/product\/mandarinu-spalvos-aromatine-zvake-kubas\/\" \/>\n<meta property=\"og:site_name\" content=\"Nesugalvotinorai\" \/>\n<meta property=\"article:publisher\" content=\"https:\/\/www.facebook.com\/nesugalvotinorai\" \/>\n<meta property=\"article:modified_time\" content=\"2023-03-31T13:52:00+00:00\" \/>\n<meta property=\"og:image\" content=\"https:\/\/nesugalvotinorai.lt\/wp-content\/uploads\/2023\/03\/IMG_20230306_080656_11zon-scaled.jpg\" \/>\n\t<meta property=\"og:image:width\" content=\"1921\" \/>\n\t<meta property=\"og:image:height\" content=\"2560\" \/>\n\t<meta property=\"og:image:type\" content=\"image\/jpeg\" \/>\n<meta name=\"twitter:card\" content=\"summary_large_image\" \/>\n<script type=\"application\/ld+json\" class=\"yoast-schema-graph\">{\"@context\":\"https:\/\/schema.org\",\"@graph\":[{\"@type\":\"WebPage\",\"@id\":\"https:\/\/nesugalvotinorai.lt\/index.php\/product\/mandarinu-spalvos-aromatine-zvake-kubas\/\",\"url\":\"https:\/\/nesugalvotinorai.lt\/index.php\/product\/mandarinu-spalvos-aromatine-zvake-kubas\/\",\"name\":\"Mandarin\u0173 spalvos aromatin\u0117 \u017evak\u0117 \u201eKubas\u201c - Nesugalvotinorai\",\"isPartOf\":{\"@id\":\"https:\/\/nesugalvotinorai.lt\/#website\"},\"primaryImageOfPage\":{\"@id\":\"https:\/\/nesugalvotinorai.lt\/index.php\/product\/mandarinu-spalvos-aromatine-zvake-kubas\/#primaryimage\"},\"image\":{\"@id\":\"https:\/\/nesugalvotinorai.lt\/index.php\/product\/mandarinu-spalvos-aromatine-zvake-kubas\/#primaryimage\"},\"thumbnailUrl\":\"https:\/\/nesugalvotinorai.lt\/wp-content\/uploads\/2023\/03\/IMG_20230306_080656_11zon-scaled.jpg\",\"datePublished\":\"2023-03-06T12:24:28+00:00\",\"dateModified\":\"2023-03-31T13:52:00+00:00\",\"breadcrumb\":{\"@id\":\"https:\/\/nesugalvotinorai.lt\/index.php\/product\/mandarinu-spalvos-aromatine-zvake-kubas\/#breadcrumb\"},\"inLanguage\":\"lt-LT\",\"potentialAction\":[{\"@type\":\"ReadAction\",\"target\":[\"https:\/\/nesugalvotinorai.lt\/index.php\/product\/mandarinu-spalvos-aromatine-zvake-kubas\/\"]}]},{\"@type\":\"ImageObject\",\"inLanguage\":\"lt-LT\",\"@id\":\"https:\/\/nesugalvotinorai.lt\/index.php\/product\/mandarinu-spalvos-aromatine-zvake-kubas\/#primaryimage\",\"url\":\"https:\/\/nesugalvotinorai.lt\/wp-content\/uploads\/2023\/03\/IMG_20230306_080656_11zon-scaled.jpg\",\"contentUrl\":\"https:\/\/nesugalvotinorai.lt\/wp-content\/uploads\/2023\/03\/IMG_20230306_080656_11zon-scaled.jpg\",\"width\":1921,\"height\":2560},{\"@type\":\"BreadcrumbList\",\"@id\":\"https:\/\/nesugalvotinorai.lt\/index.php\/product\/mandarinu-spalvos-aromatine-zvake-kubas\/#breadcrumb\",\"itemListElement\":[{\"@type\":\"ListItem\",\"position\":1,\"name\":\"Home\",\"item\":\"https:\/\/nesugalvotinorai.lt\/\"},{\"@type\":\"ListItem\",\"position\":2,\"name\":\"Parduotuv\u0117\",\"item\":\"https:\/\/nesugalvotinorai.lt\/index.php\/parduotuve\/\"},{\"@type\":\"ListItem\",\"position\":3,\"name\":\"Mandarin\u0173 spalvos aromatin\u0117 \u017evak\u0117 \u201eKubas\u201c\"}]},{\"@type\":\"WebSite\",\"@id\":\"https:\/\/nesugalvotinorai.lt\/#website\",\"url\":\"https:\/\/nesugalvotinorai.lt\/\",\"name\":\"Nesugalvotinorai\",\"description\":\"\u017evak\u0117s, nam\u0173 kvapai, pad\u0117kliukai, d\u0117\u017eut\u0117s, dekoracijos, dovan\u0173 id\u0117jos, papuo\u0161alai\",\"publisher\":{\"@id\":\"https:\/\/nesugalvotinorai.lt\/#organization\"},\"potentialAction\":[{\"@type\":\"SearchAction\",\"target\":{\"@type\":\"EntryPoint\",\"urlTemplate\":\"https:\/\/nesugalvotinorai.lt\/?s={search_term_string}\"},\"query-input\":{\"@type\":\"PropertyValueSpecification\",\"valueRequired\":true,\"valueName\":\"search_term_string\"}}],\"inLanguage\":\"lt-LT\"},{\"@type\":\"Organization\",\"@id\":\"https:\/\/nesugalvotinorai.lt\/#organization\",\"name\":\"Nesugalvotinorai\",\"url\":\"https:\/\/nesugalvotinorai.lt\/\",\"logo\":{\"@type\":\"ImageObject\",\"inLanguage\":\"lt-LT\",\"@id\":\"https:\/\/nesugalvotinorai.lt\/#\/schema\/logo\/image\/\",\"url\":\"https:\/\/nesugalvotinorai.lt\/wp-content\/uploads\/2023\/05\/cropped-nesugalvoti-norai-vector.png\",\"contentUrl\":\"https:\/\/nesugalvotinorai.lt\/wp-content\/uploads\/2023\/05\/cropped-nesugalvoti-norai-vector.png\",\"width\":1483,\"height\":1371,\"caption\":\"Nesugalvotinorai\"},\"image\":{\"@id\":\"https:\/\/nesugalvotinorai.lt\/#\/schema\/logo\/image\/\"},\"sameAs\":[\"https:\/\/www.facebook.com\/nesugalvotinorai\",\"https:\/\/www.instagram.com\/nesugalvoti_norai\/\"]}]}<\/script>\n<!-- \/ Yoast SEO plugin. -->","yoast_head_json":{"title":"Mandarin\u0173 spalvos aromatin\u0117 \u017evak\u0117 \u201eKubas\u201c - Nesugalvotinorai","robots":{"index":"index","follow":"follow","max-snippet":"max-snippet:-1","max-image-preview":"max-image-preview:large","max-video-preview":"max-video-preview:-1"},"canonical":"https:\/\/nesugalvotinorai.lt\/index.php\/product\/mandarinu-spalvos-aromatine-zvake-kubas\/","og_locale":"lt_LT","og_type":"article","og_title":"Mandarin\u0173 spalvos aromatin\u0117 \u017evak\u0117 \u201eKubas\u201c - Nesugalvotinorai","og_description":"Kvepianti palmi\u0173 va\u0161ko \u017evak\u0117 su kristalizacijos efektu.","og_url":"https:\/\/nesugalvotinorai.lt\/index.php\/product\/mandarinu-spalvos-aromatine-zvake-kubas\/","og_site_name":"Nesugalvotinorai","article_publisher":"https:\/\/www.facebook.com\/nesugalvotinorai","article_modified_time":"2023-03-31T13:52:00+00:00","og_image":[{"width":1921,"height":2560,"url":"https:\/\/nesugalvotinorai.lt\/wp-content\/uploads\/2023\/03\/IMG_20230306_080656_11zon-scaled.jpg","type":"image\/jpeg"}],"twitter_card":"summary_large_image","schema":{"@context":"https:\/\/schema.org","@graph":[{"@type":"WebPage","@id":"https:\/\/nesugalvotinorai.lt\/index.php\/product\/mandarinu-spalvos-aromatine-zvake-kubas\/","url":"https:\/\/nesugalvotinorai.lt\/index.php\/product\/mandarinu-spalvos-aromatine-zvake-kubas\/","name":"Mandarin\u0173 spalvos aromatin\u0117 \u017evak\u0117 \u201eKubas\u201c - Nesugalvotinorai","isPartOf":{"@id":"https:\/\/nesugalvotinorai.lt\/#website"},"primaryImageOfPage":{"@id":"https:\/\/nesugalvotinorai.lt\/index.php\/product\/mandarinu-spalvos-aromatine-zvake-kubas\/#primaryimage"},"image":{"@id":"https:\/\/nesugalvotinorai.lt\/index.php\/product\/mandarinu-spalvos-aromatine-zvake-kubas\/#primaryimage"},"thumbnailUrl":"https:\/\/nesugalvotinorai.lt\/wp-content\/uploads\/2023\/03\/IMG_20230306_080656_11zon-scaled.jpg","datePublished":"2023-03-06T12:24:28+00:00","dateModified":"2023-03-31T13:52:00+00:00","breadcrumb":{"@id":"https:\/\/nesugalvotinorai.lt\/index.php\/product\/mandarinu-spalvos-aromatine-zvake-kubas\/#breadcrumb"},"inLanguage":"lt-LT","potentialAction":[{"@type":"ReadAction","target":["https:\/\/nesugalvotinorai.lt\/index.php\/product\/mandarinu-spalvos-aromatine-zvake-kubas\/"]}]},{"@type":"ImageObject","inLanguage":"lt-LT","@id":"https:\/\/nesugalvotinorai.lt\/index.php\/product\/mandarinu-spalvos-aromatine-zvake-kubas\/#primaryimage","url":"https:\/\/nesugalvotinorai.lt\/wp-content\/uploads\/2023\/03\/IMG_20230306_080656_11zon-scaled.jpg","contentUrl":"https:\/\/nesugalvotinorai.lt\/wp-content\/uploads\/2023\/03\/IMG_20230306_080656_11zon-scaled.jpg","width":1921,"height":2560},{"@type":"BreadcrumbList","@id":"https:\/\/nesugalvotinorai.lt\/index.php\/product\/mandarinu-spalvos-aromatine-zvake-kubas\/#breadcrumb","itemListElement":[{"@type":"ListItem","position":1,"name":"Home","item":"https:\/\/nesugalvotinorai.lt\/"},{"@type":"ListItem","position":2,"name":"Parduotuv\u0117","item":"https:\/\/nesugalvotinorai.lt\/index.php\/parduotuve\/"},{"@type":"ListItem","position":3,"name":"Mandarin\u0173 spalvos aromatin\u0117 \u017evak\u0117 \u201eKubas\u201c"}]},{"@type":"WebSite","@id":"https:\/\/nesugalvotinorai.lt\/#website","url":"https:\/\/nesugalvotinorai.lt\/","name":"Nesugalvotinorai","description":"\u017evak\u0117s, nam\u0173 kvapai, pad\u0117kliukai, d\u0117\u017eut\u0117s, dekoracijos, dovan\u0173 id\u0117jos, papuo\u0161alai","publisher":{"@id":"https:\/\/nesugalvotinorai.lt\/#organization"},"potentialAction":[{"@type":"SearchAction","target":{"@type":"EntryPoint","urlTemplate":"https:\/\/nesugalvotinorai.lt\/?s={search_term_string}"},"query-input":{"@type":"PropertyValueSpecification","valueRequired":true,"valueName":"search_term_string"}}],"inLanguage":"lt-LT"},{"@type":"Organization","@id":"https:\/\/nesugalvotinorai.lt\/#organization","name":"Nesugalvotinorai","url":"https:\/\/nesugalvotinorai.lt\/","logo":{"@type":"ImageObject","inLanguage":"lt-LT","@id":"https:\/\/nesugalvotinorai.lt\/#\/schema\/logo\/image\/","url":"https:\/\/nesugalvotinorai.lt\/wp-content\/uploads\/2023\/05\/cropped-nesugalvoti-norai-vector.png","contentUrl":"https:\/\/nesugalvotinorai.lt\/wp-content\/uploads\/2023\/05\/cropped-nesugalvoti-norai-vector.png","width":1483,"height":1371,"caption":"Nesugalvotinorai"},"image":{"@id":"https:\/\/nesugalvotinorai.lt\/#\/schema\/logo\/image\/"},"sameAs":["https:\/\/www.facebook.com\/nesugalvotinorai","https:\/\/www.instagram.com\/nesugalvoti_norai\/"]}]}},"_links":{"self":[{"href":"https:\/\/nesugalvotinorai.lt\/index.php\/wp-json\/wp\/v2\/product\/1861","targetHints":{"allow":["GET"]}}],"collection":[{"href":"https:\/\/nesugalvotinorai.lt\/index.php\/wp-json\/wp\/v2\/product"}],"about":[{"href":"https:\/\/nesugalvotinorai.lt\/index.php\/wp-json\/wp\/v2\/types\/product"}],"replies":[{"embeddable":true,"href":"https:\/\/nesugalvotinorai.lt\/index.php\/wp-json\/wp\/v2\/comments?post=1861"}],"wp:featuredmedia":[{"embeddable":true,"href":"https:\/\/nesugalvotinorai.lt\/index.php\/wp-json\/wp\/v2\/media\/1865"}],"wp:attachment":[{"href":"https:\/\/nesugalvotinorai.lt\/index.php\/wp-json\/wp\/v2\/media?parent=1861"}],"wp:term":[{"taxonomy":"product_cat","embeddable":true,"href":"https:\/\/nesugalvotinorai.lt\/index.php\/wp-json\/wp\/v2\/product_cat?post=1861"},{"taxonomy":"product_tag","embeddable":true,"href":"https:\/\/nesugalvotinorai.lt\/index.php\/wp-json\/wp\/v2\/product_tag?post=1861"}],"curies":[{"name":"wp","href":"https:\/\/api.w.org\/{rel}","templated":true}]}}