{"id":2064,"date":"2023-05-09T20:50:42","date_gmt":"2023-05-09T17:50:42","guid":{"rendered":"https:\/\/nesugalvotinorai.lt\/?post_type=product&#038;p=2064"},"modified":"2023-12-13T01:13:29","modified_gmt":"2023-12-12T22:13:29","slug":"padeklas-smelio-audra","status":"publish","type":"product","link":"https:\/\/nesugalvotinorai.lt\/index.php\/product\/padeklas-smelio-audra\/","title":{"rendered":"Pad\u0117klas \u201eSm\u0117lio audra\u201c"},"content":{"rendered":"<div class=\"m8h3af8h l7ghb35v kjdc1dyq kmwttqpk gh25dzvf\"><span style=\"font-size: 16px;\">Nam\u0173 akcentas \u2013 stilingas apskritimo formos pad\u0117klas, kuriame subtiliai der\u0117s \u017evak\u0117s, nam\u0173 kvapai su lazdel\u0117mis, kosmetikos priemon\u0117s ar kitos jaukios detal\u0117s. Tai rank\u0173 darbo nam\u0173 dekoro elementas, kuris ne tik puo\u0161ia, bet ir atlieka apsaugin\u0119 funkcij\u0105. Ant pad\u0117klo laikydami \u017evakes, nam\u0173\u00a0 kvapus, raktus ar kitus daiktus, apsaugosite savo baldus nuo \u012fbr\u0117\u017eim\u0173 ar nepageidaujam\u0173 d\u0117mi\u0173.<\/span><\/div>\n<div class=\"m8h3af8h l7ghb35v kjdc1dyq kmwttqpk gh25dzvf\"><span style=\"font-size: 16px;\">I\u0161siliej\u0119 rusvi atspalviai sukuria marmuro efekt\u0105. Jis toks vienintelis, nes ra\u0161t\u0173 niekada nepavyksta atkartoti. Tai lyg i\u0161skirtinis paveikslas apie siau\u010dian\u010di\u0105 sm\u0117lio audr\u0105. Man jis toks, o galb\u016bt tavo akys jame pamatys nauj\u0105 istorij\u0105.\u00a0<\/span><\/div>\n<div>Puiki dovana, vertinantiems rank\u0173 darbo gaminius, unikalum\u0105, i\u0161skirtines interjero detales ir kuriantiems savo nam\u0173 jaukum\u0105.<\/div>\n<div><\/div>\n<div><span style=\"font-size: 16px;\">Netinkamas tiesioginiam s\u0105ly\u010diui su maistu.<\/span><\/div>\n<div>\n<div class=\"m8h3af8h l7ghb35v kjdc1dyq kmwttqpk gh25dzvf\">Pad\u0117klo skersmuo 25,30 cm.<\/div>\n<div>Spalvos: balta, sm\u0117lio.<\/div>\n<\/div>\n","protected":false},"excerpt":{"rendered":"<div class=\"m8h3af8h l7ghb35v kjdc1dyq kmwttqpk gh25dzvf\">\n<div class=\"m8h3af8h l7ghb35v kjdc1dyq kmwttqpk gh25dzvf\">\n<div class=\"m8h3af8h l7ghb35v kjdc1dyq kmwttqpk gh25dzvf\">\n<div class=\"m8h3af8h l7ghb35v kjdc1dyq kmwttqpk gh25dzvf\">\n<div class=\"m8h3af8h l7ghb35v kjdc1dyq kmwttqpk gh25dzvf\">\n<div class=\"m8h3af8h l7ghb35v kjdc1dyq kmwttqpk gh25dzvf\"><span style=\"font-size: 16px;\">Apskritimo formos pad\u0117klas \u2013 dekoro detal\u0117 nam\u0173 jaukumui kurti.<\/span><\/div>\n<div>Puiki dovana, vertinantiems rank\u0173 darbo gaminius, unikalum\u0105, i\u0161skirtines ir stilingas interjero detales.<\/div>\n<div>Pad\u0117klo skersmuo 25,30 cm.<\/div>\n<\/div>\n<\/div>\n<\/div>\n<\/div>\n<\/div>\n","protected":false},"featured_media":2096,"comment_status":"open","ping_status":"closed","template":"","meta":{"site-sidebar-layout":"default","site-content-layout":"content-boxed-container","ast-site-content-layout":"normal-width-container","site-content-style":"boxed","site-sidebar-style":"unboxed","ast-global-header-display":"","ast-banner-title-visibility":"","ast-main-header-display":"","ast-hfb-above-header-display":"","ast-hfb-below-header-display":"","ast-hfb-mobile-header-display":"","site-post-title":"","ast-breadcrumbs-content":"","ast-featured-img":"","footer-sml-layout":"","theme-transparent-header-meta":"default","adv-header-id-meta":"","stick-header-meta":"","header-above-stick-meta":"","header-main-stick-meta":"","header-below-stick-meta":"","astra-migrate-meta-layouts":"set"},"product_cat":[30],"product_tag":[],"class_list":{"0":"post-2064","1":"product","2":"type-product","3":"status-publish","4":"has-post-thumbnail","6":"product_cat-namu-dekoro-detales","7":"desktop-align-left","8":"tablet-align-left","9":"mobile-align-left","10":"ast-product-gallery-layout-horizontal-slider","11":"ast-product-tabs-layout-horizontal","13":"first","14":"instock","15":"shipping-taxable","16":"purchasable","17":"product-type-simple"},"yoast_head":"<!-- This site is optimized with the Yoast SEO plugin v24.1 - https:\/\/yoast.com\/wordpress\/plugins\/seo\/ -->\n<title>Pad\u0117klas \u201eSm\u0117lio audra\u201c - Nesugalvotinorai<\/title>\n<meta name=\"description\" content=\"Nam\u0173 akcentas \u2013 stilingas pad\u0117klas, kuriame subtiliai der\u0117s \u017evak\u0117s, nam\u0173 kvapai su lazdel\u0117mis, kosmetikos priemon\u0117s ar kitos jaukios detal\u0117s.\" \/>\n<meta name=\"robots\" content=\"index, follow, max-snippet:-1, max-image-preview:large, max-video-preview:-1\" \/>\n<link rel=\"canonical\" href=\"https:\/\/nesugalvotinorai.lt\/index.php\/product\/padeklas-smelio-audra\/\" \/>\n<meta property=\"og:locale\" content=\"lt_LT\" \/>\n<meta property=\"og:type\" content=\"article\" \/>\n<meta property=\"og:title\" content=\"Pad\u0117klas \u201eSm\u0117lio audra\u201c - Nesugalvotinorai\" \/>\n<meta property=\"og:description\" content=\"Nam\u0173 akcentas \u2013 stilingas pad\u0117klas, kuriame subtiliai der\u0117s \u017evak\u0117s, nam\u0173 kvapai su lazdel\u0117mis, kosmetikos priemon\u0117s ar kitos jaukios detal\u0117s.\" \/>\n<meta property=\"og:url\" content=\"https:\/\/nesugalvotinorai.lt\/index.php\/product\/padeklas-smelio-audra\/\" \/>\n<meta property=\"og:site_name\" content=\"Nesugalvotinorai\" \/>\n<meta property=\"article:publisher\" content=\"https:\/\/www.facebook.com\/nesugalvotinorai\" \/>\n<meta property=\"article:modified_time\" content=\"2023-12-12T22:13:29+00:00\" \/>\n<meta property=\"og:image\" content=\"https:\/\/nesugalvotinorai.lt\/wp-content\/uploads\/2023\/05\/IMG_20230509_210146-1_11zon-scaled.jpg\" \/>\n\t<meta property=\"og:image:width\" content=\"1920\" \/>\n\t<meta property=\"og:image:height\" content=\"2560\" \/>\n\t<meta property=\"og:image:type\" content=\"image\/jpeg\" \/>\n<meta name=\"twitter:card\" content=\"summary_large_image\" \/>\n<meta name=\"twitter:label1\" content=\"Est. reading time\" \/>\n\t<meta name=\"twitter:data1\" content=\"1 minut\u0117\" \/>\n<script type=\"application\/ld+json\" class=\"yoast-schema-graph\">{\"@context\":\"https:\/\/schema.org\",\"@graph\":[{\"@type\":\"WebPage\",\"@id\":\"https:\/\/nesugalvotinorai.lt\/index.php\/product\/padeklas-smelio-audra\/\",\"url\":\"https:\/\/nesugalvotinorai.lt\/index.php\/product\/padeklas-smelio-audra\/\",\"name\":\"Pad\u0117klas \u201eSm\u0117lio audra\u201c - Nesugalvotinorai\",\"isPartOf\":{\"@id\":\"https:\/\/nesugalvotinorai.lt\/#website\"},\"primaryImageOfPage\":{\"@id\":\"https:\/\/nesugalvotinorai.lt\/index.php\/product\/padeklas-smelio-audra\/#primaryimage\"},\"image\":{\"@id\":\"https:\/\/nesugalvotinorai.lt\/index.php\/product\/padeklas-smelio-audra\/#primaryimage\"},\"thumbnailUrl\":\"https:\/\/nesugalvotinorai.lt\/wp-content\/uploads\/2023\/05\/IMG_20230509_210146-1_11zon-scaled.jpg\",\"datePublished\":\"2023-05-09T17:50:42+00:00\",\"dateModified\":\"2023-12-12T22:13:29+00:00\",\"description\":\"Nam\u0173 akcentas \u2013 stilingas pad\u0117klas, kuriame subtiliai der\u0117s \u017evak\u0117s, nam\u0173 kvapai su lazdel\u0117mis, kosmetikos priemon\u0117s ar kitos jaukios detal\u0117s.\",\"breadcrumb\":{\"@id\":\"https:\/\/nesugalvotinorai.lt\/index.php\/product\/padeklas-smelio-audra\/#breadcrumb\"},\"inLanguage\":\"lt-LT\",\"potentialAction\":[{\"@type\":\"ReadAction\",\"target\":[\"https:\/\/nesugalvotinorai.lt\/index.php\/product\/padeklas-smelio-audra\/\"]}]},{\"@type\":\"ImageObject\",\"inLanguage\":\"lt-LT\",\"@id\":\"https:\/\/nesugalvotinorai.lt\/index.php\/product\/padeklas-smelio-audra\/#primaryimage\",\"url\":\"https:\/\/nesugalvotinorai.lt\/wp-content\/uploads\/2023\/05\/IMG_20230509_210146-1_11zon-scaled.jpg\",\"contentUrl\":\"https:\/\/nesugalvotinorai.lt\/wp-content\/uploads\/2023\/05\/IMG_20230509_210146-1_11zon-scaled.jpg\",\"width\":1920,\"height\":2560},{\"@type\":\"BreadcrumbList\",\"@id\":\"https:\/\/nesugalvotinorai.lt\/index.php\/product\/padeklas-smelio-audra\/#breadcrumb\",\"itemListElement\":[{\"@type\":\"ListItem\",\"position\":1,\"name\":\"Home\",\"item\":\"https:\/\/nesugalvotinorai.lt\/\"},{\"@type\":\"ListItem\",\"position\":2,\"name\":\"Parduotuv\u0117\",\"item\":\"https:\/\/nesugalvotinorai.lt\/index.php\/parduotuve\/\"},{\"@type\":\"ListItem\",\"position\":3,\"name\":\"Pad\u0117klas \u201eSm\u0117lio audra\u201c\"}]},{\"@type\":\"WebSite\",\"@id\":\"https:\/\/nesugalvotinorai.lt\/#website\",\"url\":\"https:\/\/nesugalvotinorai.lt\/\",\"name\":\"Nesugalvotinorai\",\"description\":\"\u017evak\u0117s, nam\u0173 kvapai, pad\u0117kliukai, d\u0117\u017eut\u0117s, dekoracijos, dovan\u0173 id\u0117jos, papuo\u0161alai\",\"publisher\":{\"@id\":\"https:\/\/nesugalvotinorai.lt\/#organization\"},\"potentialAction\":[{\"@type\":\"SearchAction\",\"target\":{\"@type\":\"EntryPoint\",\"urlTemplate\":\"https:\/\/nesugalvotinorai.lt\/?s={search_term_string}\"},\"query-input\":{\"@type\":\"PropertyValueSpecification\",\"valueRequired\":true,\"valueName\":\"search_term_string\"}}],\"inLanguage\":\"lt-LT\"},{\"@type\":\"Organization\",\"@id\":\"https:\/\/nesugalvotinorai.lt\/#organization\",\"name\":\"Nesugalvotinorai\",\"url\":\"https:\/\/nesugalvotinorai.lt\/\",\"logo\":{\"@type\":\"ImageObject\",\"inLanguage\":\"lt-LT\",\"@id\":\"https:\/\/nesugalvotinorai.lt\/#\/schema\/logo\/image\/\",\"url\":\"https:\/\/nesugalvotinorai.lt\/wp-content\/uploads\/2023\/05\/cropped-nesugalvoti-norai-vector.png\",\"contentUrl\":\"https:\/\/nesugalvotinorai.lt\/wp-content\/uploads\/2023\/05\/cropped-nesugalvoti-norai-vector.png\",\"width\":1483,\"height\":1371,\"caption\":\"Nesugalvotinorai\"},\"image\":{\"@id\":\"https:\/\/nesugalvotinorai.lt\/#\/schema\/logo\/image\/\"},\"sameAs\":[\"https:\/\/www.facebook.com\/nesugalvotinorai\",\"https:\/\/www.instagram.com\/nesugalvoti_norai\/\"]}]}<\/script>\n<!-- \/ Yoast SEO plugin. -->","yoast_head_json":{"title":"Pad\u0117klas \u201eSm\u0117lio audra\u201c - Nesugalvotinorai","description":"Nam\u0173 akcentas \u2013 stilingas pad\u0117klas, kuriame subtiliai der\u0117s \u017evak\u0117s, nam\u0173 kvapai su lazdel\u0117mis, kosmetikos priemon\u0117s ar kitos jaukios detal\u0117s.","robots":{"index":"index","follow":"follow","max-snippet":"max-snippet:-1","max-image-preview":"max-image-preview:large","max-video-preview":"max-video-preview:-1"},"canonical":"https:\/\/nesugalvotinorai.lt\/index.php\/product\/padeklas-smelio-audra\/","og_locale":"lt_LT","og_type":"article","og_title":"Pad\u0117klas \u201eSm\u0117lio audra\u201c - Nesugalvotinorai","og_description":"Nam\u0173 akcentas \u2013 stilingas pad\u0117klas, kuriame subtiliai der\u0117s \u017evak\u0117s, nam\u0173 kvapai su lazdel\u0117mis, kosmetikos priemon\u0117s ar kitos jaukios detal\u0117s.","og_url":"https:\/\/nesugalvotinorai.lt\/index.php\/product\/padeklas-smelio-audra\/","og_site_name":"Nesugalvotinorai","article_publisher":"https:\/\/www.facebook.com\/nesugalvotinorai","article_modified_time":"2023-12-12T22:13:29+00:00","og_image":[{"width":1920,"height":2560,"url":"https:\/\/nesugalvotinorai.lt\/wp-content\/uploads\/2023\/05\/IMG_20230509_210146-1_11zon-scaled.jpg","type":"image\/jpeg"}],"twitter_card":"summary_large_image","twitter_misc":{"Est. reading time":"1 minut\u0117"},"schema":{"@context":"https:\/\/schema.org","@graph":[{"@type":"WebPage","@id":"https:\/\/nesugalvotinorai.lt\/index.php\/product\/padeklas-smelio-audra\/","url":"https:\/\/nesugalvotinorai.lt\/index.php\/product\/padeklas-smelio-audra\/","name":"Pad\u0117klas \u201eSm\u0117lio audra\u201c - Nesugalvotinorai","isPartOf":{"@id":"https:\/\/nesugalvotinorai.lt\/#website"},"primaryImageOfPage":{"@id":"https:\/\/nesugalvotinorai.lt\/index.php\/product\/padeklas-smelio-audra\/#primaryimage"},"image":{"@id":"https:\/\/nesugalvotinorai.lt\/index.php\/product\/padeklas-smelio-audra\/#primaryimage"},"thumbnailUrl":"https:\/\/nesugalvotinorai.lt\/wp-content\/uploads\/2023\/05\/IMG_20230509_210146-1_11zon-scaled.jpg","datePublished":"2023-05-09T17:50:42+00:00","dateModified":"2023-12-12T22:13:29+00:00","description":"Nam\u0173 akcentas \u2013 stilingas pad\u0117klas, kuriame subtiliai der\u0117s \u017evak\u0117s, nam\u0173 kvapai su lazdel\u0117mis, kosmetikos priemon\u0117s ar kitos jaukios detal\u0117s.","breadcrumb":{"@id":"https:\/\/nesugalvotinorai.lt\/index.php\/product\/padeklas-smelio-audra\/#breadcrumb"},"inLanguage":"lt-LT","potentialAction":[{"@type":"ReadAction","target":["https:\/\/nesugalvotinorai.lt\/index.php\/product\/padeklas-smelio-audra\/"]}]},{"@type":"ImageObject","inLanguage":"lt-LT","@id":"https:\/\/nesugalvotinorai.lt\/index.php\/product\/padeklas-smelio-audra\/#primaryimage","url":"https:\/\/nesugalvotinorai.lt\/wp-content\/uploads\/2023\/05\/IMG_20230509_210146-1_11zon-scaled.jpg","contentUrl":"https:\/\/nesugalvotinorai.lt\/wp-content\/uploads\/2023\/05\/IMG_20230509_210146-1_11zon-scaled.jpg","width":1920,"height":2560},{"@type":"BreadcrumbList","@id":"https:\/\/nesugalvotinorai.lt\/index.php\/product\/padeklas-smelio-audra\/#breadcrumb","itemListElement":[{"@type":"ListItem","position":1,"name":"Home","item":"https:\/\/nesugalvotinorai.lt\/"},{"@type":"ListItem","position":2,"name":"Parduotuv\u0117","item":"https:\/\/nesugalvotinorai.lt\/index.php\/parduotuve\/"},{"@type":"ListItem","position":3,"name":"Pad\u0117klas \u201eSm\u0117lio audra\u201c"}]},{"@type":"WebSite","@id":"https:\/\/nesugalvotinorai.lt\/#website","url":"https:\/\/nesugalvotinorai.lt\/","name":"Nesugalvotinorai","description":"\u017evak\u0117s, nam\u0173 kvapai, pad\u0117kliukai, d\u0117\u017eut\u0117s, dekoracijos, dovan\u0173 id\u0117jos, papuo\u0161alai","publisher":{"@id":"https:\/\/nesugalvotinorai.lt\/#organization"},"potentialAction":[{"@type":"SearchAction","target":{"@type":"EntryPoint","urlTemplate":"https:\/\/nesugalvotinorai.lt\/?s={search_term_string}"},"query-input":{"@type":"PropertyValueSpecification","valueRequired":true,"valueName":"search_term_string"}}],"inLanguage":"lt-LT"},{"@type":"Organization","@id":"https:\/\/nesugalvotinorai.lt\/#organization","name":"Nesugalvotinorai","url":"https:\/\/nesugalvotinorai.lt\/","logo":{"@type":"ImageObject","inLanguage":"lt-LT","@id":"https:\/\/nesugalvotinorai.lt\/#\/schema\/logo\/image\/","url":"https:\/\/nesugalvotinorai.lt\/wp-content\/uploads\/2023\/05\/cropped-nesugalvoti-norai-vector.png","contentUrl":"https:\/\/nesugalvotinorai.lt\/wp-content\/uploads\/2023\/05\/cropped-nesugalvoti-norai-vector.png","width":1483,"height":1371,"caption":"Nesugalvotinorai"},"image":{"@id":"https:\/\/nesugalvotinorai.lt\/#\/schema\/logo\/image\/"},"sameAs":["https:\/\/www.facebook.com\/nesugalvotinorai","https:\/\/www.instagram.com\/nesugalvoti_norai\/"]}]}},"_links":{"self":[{"href":"https:\/\/nesugalvotinorai.lt\/index.php\/wp-json\/wp\/v2\/product\/2064","targetHints":{"allow":["GET"]}}],"collection":[{"href":"https:\/\/nesugalvotinorai.lt\/index.php\/wp-json\/wp\/v2\/product"}],"about":[{"href":"https:\/\/nesugalvotinorai.lt\/index.php\/wp-json\/wp\/v2\/types\/product"}],"replies":[{"embeddable":true,"href":"https:\/\/nesugalvotinorai.lt\/index.php\/wp-json\/wp\/v2\/comments?post=2064"}],"wp:featuredmedia":[{"embeddable":true,"href":"https:\/\/nesugalvotinorai.lt\/index.php\/wp-json\/wp\/v2\/media\/2096"}],"wp:attachment":[{"href":"https:\/\/nesugalvotinorai.lt\/index.php\/wp-json\/wp\/v2\/media?parent=2064"}],"wp:term":[{"taxonomy":"product_cat","embeddable":true,"href":"https:\/\/nesugalvotinorai.lt\/index.php\/wp-json\/wp\/v2\/product_cat?post=2064"},{"taxonomy":"product_tag","embeddable":true,"href":"https:\/\/nesugalvotinorai.lt\/index.php\/wp-json\/wp\/v2\/product_tag?post=2064"}],"curies":[{"name":"wp","href":"https:\/\/api.w.org\/{rel}","templated":true}]}}