{"id":2218,"date":"2023-06-02T08:05:51","date_gmt":"2023-06-02T05:05:51","guid":{"rendered":"https:\/\/nesugalvotinorai.lt\/?post_type=product&#038;p=2218"},"modified":"2024-02-23T12:42:14","modified_gmt":"2024-02-23T09:42:14","slug":"padekliukas-bangu-musa","status":"publish","type":"product","link":"https:\/\/nesugalvotinorai.lt\/index.php\/product\/padekliukas-bangu-musa\/","title":{"rendered":"Pad\u0117kliukas \u201eBang\u0173 m\u016b\u0161a\u201c"},"content":{"rendered":"<div class=\"m8h3af8h l7ghb35v kjdc1dyq kmwttqpk gh25dzvf\">Ovalo formos pad\u0117kliukas, da\u017eniausiai naudojamas \u017evak\u0117ms, nam\u0173 kvapams su lazdel\u0117mis ar papuo\u0161alams laikyti. Tai ma\u017ea, bet stilinga dekoro detal\u0117, kuri tiks bet kokio stiliaus interjere. Pad\u0117kliukas ne tik dekoro elementas, ta\u010diau ir atlieka apsaugin\u0119 funkcij\u0105: saugo baldus nuo va\u0161ko d\u0117mi\u0173 ar smulki\u0173 \u012fbr\u0117\u017eim\u0173.<\/div>\n<div>Puiki dovana, kurianties nam\u0173 jaukum\u0105 ir vertinanties i\u0161skirtinius rank\u0173 darbo gaminius. Padovanok savo artimui subtil\u0173, nauding\u0105, dekoratyv\u0173 ir jauk\u0173 nam\u0173 akcent\u0105.<\/div>\n<div class=\"m8h3af8h l7ghb35v kjdc1dyq kmwttqpk gh25dzvf\">Kiekvienas pad\u0117kliukas turi silikonines ar veltinio kojeles.<\/div>\n<div>Nepritaikytas naudoti tiesioginiam s\u0105ly\u010diui su maistu.<\/div>\n<div class=\"m8h3af8h l7ghb35v kjdc1dyq kmwttqpk gh25dzvf\">I\u0161matavimai \u2013 18,0 cm x 9,5 cm.<\/div>\n<div>Spalva \u2013 balta, sm\u0117lio.<\/div>\n","protected":false},"excerpt":{"rendered":"<div class=\"m8h3af8h l7ghb35v kjdc1dyq kmwttqpk gh25dzvf\">\n<div class=\"m8h3af8h l7ghb35v kjdc1dyq kmwttqpk gh25dzvf\">\n<div class=\"m8h3af8h l7ghb35v kjdc1dyq kmwttqpk gh25dzvf\">Dekoratyvinis ovalo formos pad\u0117kliukas &#8211; stilingas akcentas nam\u0173 interjere.<\/div>\n<div class=\"m8h3af8h l7ghb35v kjdc1dyq kmwttqpk gh25dzvf\">Spalva \u2013balta, sm\u0117lio.<\/div>\n<div class=\"m8h3af8h l7ghb35v kjdc1dyq kmwttqpk gh25dzvf\">I\u0161matavimai \u2013 18,0 cm x 9,5 cm.<\/div>\n<\/div>\n<\/div>\n","protected":false},"featured_media":2219,"comment_status":"open","ping_status":"closed","template":"","meta":{"site-sidebar-layout":"default","site-content-layout":"content-boxed-container","ast-site-content-layout":"","site-content-style":"default","site-sidebar-style":"default","ast-global-header-display":"","ast-banner-title-visibility":"","ast-main-header-display":"","ast-hfb-above-header-display":"","ast-hfb-below-header-display":"","ast-hfb-mobile-header-display":"","site-post-title":"","ast-breadcrumbs-content":"","ast-featured-img":"","footer-sml-layout":"","theme-transparent-header-meta":"default","adv-header-id-meta":"","stick-header-meta":"","header-above-stick-meta":"","header-main-stick-meta":"","header-below-stick-meta":"","astra-migrate-meta-layouts":""},"product_cat":[30],"product_tag":[],"class_list":{"0":"post-2218","1":"product","2":"type-product","3":"status-publish","4":"has-post-thumbnail","6":"product_cat-namu-dekoro-detales","7":"desktop-align-left","8":"tablet-align-left","9":"mobile-align-left","10":"ast-product-gallery-layout-horizontal-slider","11":"ast-product-tabs-layout-horizontal","13":"first","14":"outofstock","15":"featured","16":"shipping-taxable","17":"purchasable","18":"product-type-simple"},"yoast_head":"<!-- This site is optimized with the Yoast SEO plugin v24.1 - https:\/\/yoast.com\/wordpress\/plugins\/seo\/ -->\n<title>Pad\u0117kliukas \u201eBang\u0173 m\u016b\u0161a\u201c - Nesugalvotinorai<\/title>\n<meta name=\"description\" content=\"Ovalo formos pad\u0117kliukas, naudojamas \u017evak\u0117ms nam\u0173 kvapams su lazdel\u0117mis, papuo\u0161alams laikyti. Tai ma\u017ea, stilinga dekoro detal\u0117\" \/>\n<meta name=\"robots\" content=\"index, follow, max-snippet:-1, max-image-preview:large, max-video-preview:-1\" \/>\n<link rel=\"canonical\" href=\"https:\/\/nesugalvotinorai.lt\/index.php\/product\/padekliukas-bangu-musa\/\" \/>\n<meta property=\"og:locale\" content=\"lt_LT\" \/>\n<meta property=\"og:type\" content=\"article\" \/>\n<meta property=\"og:title\" content=\"Pad\u0117kliukas \u201eBang\u0173 m\u016b\u0161a\u201c - Nesugalvotinorai\" \/>\n<meta property=\"og:description\" content=\"Ovalo formos pad\u0117kliukas, naudojamas \u017evak\u0117ms nam\u0173 kvapams su lazdel\u0117mis, papuo\u0161alams laikyti. Tai ma\u017ea, stilinga dekoro detal\u0117\" \/>\n<meta property=\"og:url\" content=\"https:\/\/nesugalvotinorai.lt\/index.php\/product\/padekliukas-bangu-musa\/\" \/>\n<meta property=\"og:site_name\" content=\"Nesugalvotinorai\" \/>\n<meta property=\"article:publisher\" content=\"https:\/\/www.facebook.com\/nesugalvotinorai\" \/>\n<meta property=\"article:modified_time\" content=\"2024-02-23T09:42:14+00:00\" \/>\n<meta property=\"og:image\" content=\"https:\/\/nesugalvotinorai.lt\/wp-content\/uploads\/2023\/06\/IMG_20230516_163417_11zon-scaled.jpg\" \/>\n\t<meta property=\"og:image:width\" content=\"2560\" \/>\n\t<meta property=\"og:image:height\" content=\"1920\" \/>\n\t<meta property=\"og:image:type\" content=\"image\/jpeg\" \/>\n<meta name=\"twitter:card\" content=\"summary_large_image\" \/>\n<meta name=\"twitter:label1\" content=\"Est. reading time\" \/>\n\t<meta name=\"twitter:data1\" content=\"1 minut\u0117\" \/>\n<script type=\"application\/ld+json\" class=\"yoast-schema-graph\">{\"@context\":\"https:\/\/schema.org\",\"@graph\":[{\"@type\":\"WebPage\",\"@id\":\"https:\/\/nesugalvotinorai.lt\/index.php\/product\/padekliukas-bangu-musa\/\",\"url\":\"https:\/\/nesugalvotinorai.lt\/index.php\/product\/padekliukas-bangu-musa\/\",\"name\":\"Pad\u0117kliukas \u201eBang\u0173 m\u016b\u0161a\u201c - Nesugalvotinorai\",\"isPartOf\":{\"@id\":\"https:\/\/nesugalvotinorai.lt\/#website\"},\"primaryImageOfPage\":{\"@id\":\"https:\/\/nesugalvotinorai.lt\/index.php\/product\/padekliukas-bangu-musa\/#primaryimage\"},\"image\":{\"@id\":\"https:\/\/nesugalvotinorai.lt\/index.php\/product\/padekliukas-bangu-musa\/#primaryimage\"},\"thumbnailUrl\":\"https:\/\/nesugalvotinorai.lt\/wp-content\/uploads\/2023\/06\/IMG_20230516_163417_11zon-scaled.jpg\",\"datePublished\":\"2023-06-02T05:05:51+00:00\",\"dateModified\":\"2024-02-23T09:42:14+00:00\",\"description\":\"Ovalo formos pad\u0117kliukas, naudojamas \u017evak\u0117ms nam\u0173 kvapams su lazdel\u0117mis, papuo\u0161alams laikyti. Tai ma\u017ea, stilinga dekoro detal\u0117\",\"breadcrumb\":{\"@id\":\"https:\/\/nesugalvotinorai.lt\/index.php\/product\/padekliukas-bangu-musa\/#breadcrumb\"},\"inLanguage\":\"lt-LT\",\"potentialAction\":[{\"@type\":\"ReadAction\",\"target\":[\"https:\/\/nesugalvotinorai.lt\/index.php\/product\/padekliukas-bangu-musa\/\"]}]},{\"@type\":\"ImageObject\",\"inLanguage\":\"lt-LT\",\"@id\":\"https:\/\/nesugalvotinorai.lt\/index.php\/product\/padekliukas-bangu-musa\/#primaryimage\",\"url\":\"https:\/\/nesugalvotinorai.lt\/wp-content\/uploads\/2023\/06\/IMG_20230516_163417_11zon-scaled.jpg\",\"contentUrl\":\"https:\/\/nesugalvotinorai.lt\/wp-content\/uploads\/2023\/06\/IMG_20230516_163417_11zon-scaled.jpg\",\"width\":2560,\"height\":1920},{\"@type\":\"BreadcrumbList\",\"@id\":\"https:\/\/nesugalvotinorai.lt\/index.php\/product\/padekliukas-bangu-musa\/#breadcrumb\",\"itemListElement\":[{\"@type\":\"ListItem\",\"position\":1,\"name\":\"Home\",\"item\":\"https:\/\/nesugalvotinorai.lt\/\"},{\"@type\":\"ListItem\",\"position\":2,\"name\":\"Parduotuv\u0117\",\"item\":\"https:\/\/nesugalvotinorai.lt\/index.php\/parduotuve\/\"},{\"@type\":\"ListItem\",\"position\":3,\"name\":\"Pad\u0117kliukas \u201eBang\u0173 m\u016b\u0161a\u201c\"}]},{\"@type\":\"WebSite\",\"@id\":\"https:\/\/nesugalvotinorai.lt\/#website\",\"url\":\"https:\/\/nesugalvotinorai.lt\/\",\"name\":\"Nesugalvotinorai\",\"description\":\"\u017evak\u0117s, nam\u0173 kvapai, pad\u0117kliukai, d\u0117\u017eut\u0117s, dekoracijos, dovan\u0173 id\u0117jos, papuo\u0161alai\",\"publisher\":{\"@id\":\"https:\/\/nesugalvotinorai.lt\/#organization\"},\"potentialAction\":[{\"@type\":\"SearchAction\",\"target\":{\"@type\":\"EntryPoint\",\"urlTemplate\":\"https:\/\/nesugalvotinorai.lt\/?s={search_term_string}\"},\"query-input\":{\"@type\":\"PropertyValueSpecification\",\"valueRequired\":true,\"valueName\":\"search_term_string\"}}],\"inLanguage\":\"lt-LT\"},{\"@type\":\"Organization\",\"@id\":\"https:\/\/nesugalvotinorai.lt\/#organization\",\"name\":\"Nesugalvotinorai\",\"url\":\"https:\/\/nesugalvotinorai.lt\/\",\"logo\":{\"@type\":\"ImageObject\",\"inLanguage\":\"lt-LT\",\"@id\":\"https:\/\/nesugalvotinorai.lt\/#\/schema\/logo\/image\/\",\"url\":\"https:\/\/nesugalvotinorai.lt\/wp-content\/uploads\/2023\/05\/cropped-nesugalvoti-norai-vector.png\",\"contentUrl\":\"https:\/\/nesugalvotinorai.lt\/wp-content\/uploads\/2023\/05\/cropped-nesugalvoti-norai-vector.png\",\"width\":1483,\"height\":1371,\"caption\":\"Nesugalvotinorai\"},\"image\":{\"@id\":\"https:\/\/nesugalvotinorai.lt\/#\/schema\/logo\/image\/\"},\"sameAs\":[\"https:\/\/www.facebook.com\/nesugalvotinorai\",\"https:\/\/www.instagram.com\/nesugalvoti_norai\/\"]}]}<\/script>\n<!-- \/ Yoast SEO plugin. -->","yoast_head_json":{"title":"Pad\u0117kliukas \u201eBang\u0173 m\u016b\u0161a\u201c - Nesugalvotinorai","description":"Ovalo formos pad\u0117kliukas, naudojamas \u017evak\u0117ms nam\u0173 kvapams su lazdel\u0117mis, papuo\u0161alams laikyti. Tai ma\u017ea, stilinga dekoro detal\u0117","robots":{"index":"index","follow":"follow","max-snippet":"max-snippet:-1","max-image-preview":"max-image-preview:large","max-video-preview":"max-video-preview:-1"},"canonical":"https:\/\/nesugalvotinorai.lt\/index.php\/product\/padekliukas-bangu-musa\/","og_locale":"lt_LT","og_type":"article","og_title":"Pad\u0117kliukas \u201eBang\u0173 m\u016b\u0161a\u201c - Nesugalvotinorai","og_description":"Ovalo formos pad\u0117kliukas, naudojamas \u017evak\u0117ms nam\u0173 kvapams su lazdel\u0117mis, papuo\u0161alams laikyti. Tai ma\u017ea, stilinga dekoro detal\u0117","og_url":"https:\/\/nesugalvotinorai.lt\/index.php\/product\/padekliukas-bangu-musa\/","og_site_name":"Nesugalvotinorai","article_publisher":"https:\/\/www.facebook.com\/nesugalvotinorai","article_modified_time":"2024-02-23T09:42:14+00:00","og_image":[{"width":2560,"height":1920,"url":"https:\/\/nesugalvotinorai.lt\/wp-content\/uploads\/2023\/06\/IMG_20230516_163417_11zon-scaled.jpg","type":"image\/jpeg"}],"twitter_card":"summary_large_image","twitter_misc":{"Est. reading time":"1 minut\u0117"},"schema":{"@context":"https:\/\/schema.org","@graph":[{"@type":"WebPage","@id":"https:\/\/nesugalvotinorai.lt\/index.php\/product\/padekliukas-bangu-musa\/","url":"https:\/\/nesugalvotinorai.lt\/index.php\/product\/padekliukas-bangu-musa\/","name":"Pad\u0117kliukas \u201eBang\u0173 m\u016b\u0161a\u201c - Nesugalvotinorai","isPartOf":{"@id":"https:\/\/nesugalvotinorai.lt\/#website"},"primaryImageOfPage":{"@id":"https:\/\/nesugalvotinorai.lt\/index.php\/product\/padekliukas-bangu-musa\/#primaryimage"},"image":{"@id":"https:\/\/nesugalvotinorai.lt\/index.php\/product\/padekliukas-bangu-musa\/#primaryimage"},"thumbnailUrl":"https:\/\/nesugalvotinorai.lt\/wp-content\/uploads\/2023\/06\/IMG_20230516_163417_11zon-scaled.jpg","datePublished":"2023-06-02T05:05:51+00:00","dateModified":"2024-02-23T09:42:14+00:00","description":"Ovalo formos pad\u0117kliukas, naudojamas \u017evak\u0117ms nam\u0173 kvapams su lazdel\u0117mis, papuo\u0161alams laikyti. Tai ma\u017ea, stilinga dekoro detal\u0117","breadcrumb":{"@id":"https:\/\/nesugalvotinorai.lt\/index.php\/product\/padekliukas-bangu-musa\/#breadcrumb"},"inLanguage":"lt-LT","potentialAction":[{"@type":"ReadAction","target":["https:\/\/nesugalvotinorai.lt\/index.php\/product\/padekliukas-bangu-musa\/"]}]},{"@type":"ImageObject","inLanguage":"lt-LT","@id":"https:\/\/nesugalvotinorai.lt\/index.php\/product\/padekliukas-bangu-musa\/#primaryimage","url":"https:\/\/nesugalvotinorai.lt\/wp-content\/uploads\/2023\/06\/IMG_20230516_163417_11zon-scaled.jpg","contentUrl":"https:\/\/nesugalvotinorai.lt\/wp-content\/uploads\/2023\/06\/IMG_20230516_163417_11zon-scaled.jpg","width":2560,"height":1920},{"@type":"BreadcrumbList","@id":"https:\/\/nesugalvotinorai.lt\/index.php\/product\/padekliukas-bangu-musa\/#breadcrumb","itemListElement":[{"@type":"ListItem","position":1,"name":"Home","item":"https:\/\/nesugalvotinorai.lt\/"},{"@type":"ListItem","position":2,"name":"Parduotuv\u0117","item":"https:\/\/nesugalvotinorai.lt\/index.php\/parduotuve\/"},{"@type":"ListItem","position":3,"name":"Pad\u0117kliukas \u201eBang\u0173 m\u016b\u0161a\u201c"}]},{"@type":"WebSite","@id":"https:\/\/nesugalvotinorai.lt\/#website","url":"https:\/\/nesugalvotinorai.lt\/","name":"Nesugalvotinorai","description":"\u017evak\u0117s, nam\u0173 kvapai, pad\u0117kliukai, d\u0117\u017eut\u0117s, dekoracijos, dovan\u0173 id\u0117jos, papuo\u0161alai","publisher":{"@id":"https:\/\/nesugalvotinorai.lt\/#organization"},"potentialAction":[{"@type":"SearchAction","target":{"@type":"EntryPoint","urlTemplate":"https:\/\/nesugalvotinorai.lt\/?s={search_term_string}"},"query-input":{"@type":"PropertyValueSpecification","valueRequired":true,"valueName":"search_term_string"}}],"inLanguage":"lt-LT"},{"@type":"Organization","@id":"https:\/\/nesugalvotinorai.lt\/#organization","name":"Nesugalvotinorai","url":"https:\/\/nesugalvotinorai.lt\/","logo":{"@type":"ImageObject","inLanguage":"lt-LT","@id":"https:\/\/nesugalvotinorai.lt\/#\/schema\/logo\/image\/","url":"https:\/\/nesugalvotinorai.lt\/wp-content\/uploads\/2023\/05\/cropped-nesugalvoti-norai-vector.png","contentUrl":"https:\/\/nesugalvotinorai.lt\/wp-content\/uploads\/2023\/05\/cropped-nesugalvoti-norai-vector.png","width":1483,"height":1371,"caption":"Nesugalvotinorai"},"image":{"@id":"https:\/\/nesugalvotinorai.lt\/#\/schema\/logo\/image\/"},"sameAs":["https:\/\/www.facebook.com\/nesugalvotinorai","https:\/\/www.instagram.com\/nesugalvoti_norai\/"]}]}},"_links":{"self":[{"href":"https:\/\/nesugalvotinorai.lt\/index.php\/wp-json\/wp\/v2\/product\/2218","targetHints":{"allow":["GET"]}}],"collection":[{"href":"https:\/\/nesugalvotinorai.lt\/index.php\/wp-json\/wp\/v2\/product"}],"about":[{"href":"https:\/\/nesugalvotinorai.lt\/index.php\/wp-json\/wp\/v2\/types\/product"}],"replies":[{"embeddable":true,"href":"https:\/\/nesugalvotinorai.lt\/index.php\/wp-json\/wp\/v2\/comments?post=2218"}],"wp:featuredmedia":[{"embeddable":true,"href":"https:\/\/nesugalvotinorai.lt\/index.php\/wp-json\/wp\/v2\/media\/2219"}],"wp:attachment":[{"href":"https:\/\/nesugalvotinorai.lt\/index.php\/wp-json\/wp\/v2\/media?parent=2218"}],"wp:term":[{"taxonomy":"product_cat","embeddable":true,"href":"https:\/\/nesugalvotinorai.lt\/index.php\/wp-json\/wp\/v2\/product_cat?post=2218"},{"taxonomy":"product_tag","embeddable":true,"href":"https:\/\/nesugalvotinorai.lt\/index.php\/wp-json\/wp\/v2\/product_tag?post=2218"}],"curies":[{"name":"wp","href":"https:\/\/api.w.org\/{rel}","templated":true}]}}