{"id":2360,"date":"2023-08-18T08:13:08","date_gmt":"2023-08-18T05:13:08","guid":{"rendered":"https:\/\/nesugalvotinorai.lt\/?post_type=product&#038;p=2360"},"modified":"2023-09-19T21:03:37","modified_gmt":"2023-09-19T18:03:37","slug":"rinkinys-plauku-aksesuarams-bokstai","status":"publish","type":"product","link":"https:\/\/nesugalvotinorai.lt\/index.php\/product\/rinkinys-plauku-aksesuarams-bokstai\/","title":{"rendered":"Rinkinys plauk\u0173 aksesarams \u201eBok\u0161tai\u201c"},"content":{"rendered":"<div class=\"m8h3af8h l7ghb35v kjdc1dyq kmwttqpk gh25dzvf\">\n<p>Ma\u017eos dekoro detal\u0117s padedan\u010dios kurti jauki\u0105 nam\u0173 aplink\u0105. \u0160is rinkinys gali b\u016bti skirtas plauk\u0173 aksesuarams, makia\u017eo \u0161epet\u0117liams ar kitiems j\u016bs\u0173 pam\u0117gtiems daiktams laikyti.\u00a0 Indeliai, de\u017eut\u0117s padeda m\u016bs\u0173 namuose daiktams atrasti savo viet\u0105. Juk taip gera, kai namuose vyrauja tvarka ir kiekvienas daiktas\u00a0 lengvai surandamas. \u0160is nam\u0173 dekoro rinkinys suteiks \u0161varos, tvarkos ir estetikos poj\u016bt\u012f. Puikus sprendimas ie\u0161kantiems dovanos.<\/p>\n<p>Rinkin\u012f sudaro:<\/p>\n<ul>\n<li>pad\u0117kliukas 23,0 cm x 11,5 cm;<\/li>\n<li>indelis su dangteliu (plauk\u0173 aksesuarams, vatos diskeliams);<\/li>\n<li><span style=\"font-size: 16px;\">indas be dangtelio (plauk\u0173 \u0161epe\u010diams, dant\u0173 \u0161epet\u0117liams).<\/span><\/li>\n<\/ul>\n<\/div>\n<div>Jei rinkin\u012f nor\u0117tum papildyti kitais gaminiais, para\u0161yk, manau tikrai sukomplektuosim tau labiausiai tinkant\u012f.<\/div>\n<div>Spalva \u2013 balta, ruda, sm\u0117lio.<\/div>\n<div>Pagaminta i\u0161 Jesmonite.<\/div>\n","protected":false},"excerpt":{"rendered":"<div class=\"m8h3af8h l7ghb35v kjdc1dyq kmwttqpk gh25dzvf\">\n<div class=\"m8h3af8h l7ghb35v kjdc1dyq kmwttqpk gh25dzvf\">\n<div class=\"m8h3af8h l7ghb35v kjdc1dyq kmwttqpk gh25dzvf\">\n<div class=\"m8h3af8h l7ghb35v kjdc1dyq kmwttqpk gh25dzvf\">\n<div class=\"m8h3af8h l7ghb35v kjdc1dyq kmwttqpk gh25dzvf\">\n<div class=\"m8h3af8h l7ghb35v kjdc1dyq kmwttqpk gh25dzvf\">Rinkinys plauk\u0173 aksesuarams, makia\u017eo \u0161epet\u0117liams ar kitiems j\u016bs\u0173 pam\u0117gtiems daiktams laikyti.<\/div>\n<div>Spalva \u2013 balta, ruda, sm\u0117lio.<\/div>\n<\/div>\n<\/div>\n<\/div>\n<\/div>\n<\/div>\n","protected":false},"featured_media":2361,"comment_status":"open","ping_status":"closed","template":"","meta":{"site-sidebar-layout":"default","site-content-layout":"content-boxed-container","ast-site-content-layout":"","site-content-style":"default","site-sidebar-style":"default","ast-global-header-display":"","ast-banner-title-visibility":"","ast-main-header-display":"","ast-hfb-above-header-display":"","ast-hfb-below-header-display":"","ast-hfb-mobile-header-display":"","site-post-title":"","ast-breadcrumbs-content":"","ast-featured-img":"","footer-sml-layout":"","theme-transparent-header-meta":"default","adv-header-id-meta":"","stick-header-meta":"","header-above-stick-meta":"","header-main-stick-meta":"","header-below-stick-meta":"","astra-migrate-meta-layouts":""},"product_cat":[33,30],"product_tag":[],"class_list":{"0":"post-2360","1":"product","2":"type-product","3":"status-publish","4":"has-post-thumbnail","6":"product_cat-dovanu-idejos","7":"product_cat-namu-dekoro-detales","8":"desktop-align-left","9":"tablet-align-left","10":"mobile-align-left","11":"ast-product-gallery-layout-horizontal-slider","12":"ast-product-tabs-layout-horizontal","14":"first","15":"instock","16":"featured","17":"shipping-taxable","18":"purchasable","19":"product-type-simple"},"yoast_head":"<!-- This site is optimized with the Yoast SEO plugin v24.1 - https:\/\/yoast.com\/wordpress\/plugins\/seo\/ -->\n<title>Rinkinys plauk\u0173 aksesarams \u201eBok\u0161tai\u201c - Nesugalvotinorai<\/title>\n<meta name=\"description\" content=\"Rinkinys plauk\u0173 aksesuarams, makia\u017eo \u0161epet\u0117liams ar kitiems j\u016bs\u0173 pam\u0117gtiems daiktams laikyti. Puikus sprendimas ie\u0161kantiems dovanos.\" \/>\n<meta name=\"robots\" content=\"index, follow, max-snippet:-1, max-image-preview:large, max-video-preview:-1\" \/>\n<link rel=\"canonical\" href=\"https:\/\/nesugalvotinorai.lt\/index.php\/product\/rinkinys-plauku-aksesuarams-bokstai\/\" \/>\n<meta property=\"og:locale\" content=\"lt_LT\" \/>\n<meta property=\"og:type\" content=\"article\" \/>\n<meta property=\"og:title\" content=\"Rinkinys plauk\u0173 aksesarams \u201eBok\u0161tai\u201c - Nesugalvotinorai\" \/>\n<meta property=\"og:description\" content=\"Rinkinys plauk\u0173 aksesuarams, makia\u017eo \u0161epet\u0117liams ar kitiems j\u016bs\u0173 pam\u0117gtiems daiktams laikyti. Puikus sprendimas ie\u0161kantiems dovanos.\" \/>\n<meta property=\"og:url\" content=\"https:\/\/nesugalvotinorai.lt\/index.php\/product\/rinkinys-plauku-aksesuarams-bokstai\/\" \/>\n<meta property=\"og:site_name\" content=\"Nesugalvotinorai\" \/>\n<meta property=\"article:publisher\" content=\"https:\/\/www.facebook.com\/nesugalvotinorai\" \/>\n<meta property=\"article:modified_time\" content=\"2023-09-19T18:03:37+00:00\" \/>\n<meta property=\"og:image\" content=\"https:\/\/nesugalvotinorai.lt\/wp-content\/uploads\/2023\/08\/IMG_20230817_132855_11zon-scaled.jpg\" \/>\n\t<meta property=\"og:image:width\" content=\"1920\" \/>\n\t<meta property=\"og:image:height\" content=\"2560\" \/>\n\t<meta property=\"og:image:type\" content=\"image\/jpeg\" \/>\n<meta name=\"twitter:card\" content=\"summary_large_image\" \/>\n<meta name=\"twitter:label1\" content=\"Est. reading time\" \/>\n\t<meta name=\"twitter:data1\" content=\"1 minut\u0117\" \/>\n<script type=\"application\/ld+json\" class=\"yoast-schema-graph\">{\"@context\":\"https:\/\/schema.org\",\"@graph\":[{\"@type\":\"WebPage\",\"@id\":\"https:\/\/nesugalvotinorai.lt\/index.php\/product\/rinkinys-plauku-aksesuarams-bokstai\/\",\"url\":\"https:\/\/nesugalvotinorai.lt\/index.php\/product\/rinkinys-plauku-aksesuarams-bokstai\/\",\"name\":\"Rinkinys plauk\u0173 aksesarams \u201eBok\u0161tai\u201c - Nesugalvotinorai\",\"isPartOf\":{\"@id\":\"https:\/\/nesugalvotinorai.lt\/#website\"},\"primaryImageOfPage\":{\"@id\":\"https:\/\/nesugalvotinorai.lt\/index.php\/product\/rinkinys-plauku-aksesuarams-bokstai\/#primaryimage\"},\"image\":{\"@id\":\"https:\/\/nesugalvotinorai.lt\/index.php\/product\/rinkinys-plauku-aksesuarams-bokstai\/#primaryimage\"},\"thumbnailUrl\":\"https:\/\/nesugalvotinorai.lt\/wp-content\/uploads\/2023\/08\/IMG_20230817_132855_11zon-scaled.jpg\",\"datePublished\":\"2023-08-18T05:13:08+00:00\",\"dateModified\":\"2023-09-19T18:03:37+00:00\",\"description\":\"Rinkinys plauk\u0173 aksesuarams, makia\u017eo \u0161epet\u0117liams ar kitiems j\u016bs\u0173 pam\u0117gtiems daiktams laikyti. Puikus sprendimas ie\u0161kantiems dovanos.\",\"breadcrumb\":{\"@id\":\"https:\/\/nesugalvotinorai.lt\/index.php\/product\/rinkinys-plauku-aksesuarams-bokstai\/#breadcrumb\"},\"inLanguage\":\"lt-LT\",\"potentialAction\":[{\"@type\":\"ReadAction\",\"target\":[\"https:\/\/nesugalvotinorai.lt\/index.php\/product\/rinkinys-plauku-aksesuarams-bokstai\/\"]}]},{\"@type\":\"ImageObject\",\"inLanguage\":\"lt-LT\",\"@id\":\"https:\/\/nesugalvotinorai.lt\/index.php\/product\/rinkinys-plauku-aksesuarams-bokstai\/#primaryimage\",\"url\":\"https:\/\/nesugalvotinorai.lt\/wp-content\/uploads\/2023\/08\/IMG_20230817_132855_11zon-scaled.jpg\",\"contentUrl\":\"https:\/\/nesugalvotinorai.lt\/wp-content\/uploads\/2023\/08\/IMG_20230817_132855_11zon-scaled.jpg\",\"width\":1920,\"height\":2560,\"caption\":\"dekoro detal\u0117s plauk\u0173 aksesuarams\"},{\"@type\":\"BreadcrumbList\",\"@id\":\"https:\/\/nesugalvotinorai.lt\/index.php\/product\/rinkinys-plauku-aksesuarams-bokstai\/#breadcrumb\",\"itemListElement\":[{\"@type\":\"ListItem\",\"position\":1,\"name\":\"Home\",\"item\":\"https:\/\/nesugalvotinorai.lt\/\"},{\"@type\":\"ListItem\",\"position\":2,\"name\":\"Parduotuv\u0117\",\"item\":\"https:\/\/nesugalvotinorai.lt\/index.php\/parduotuve\/\"},{\"@type\":\"ListItem\",\"position\":3,\"name\":\"Rinkinys plauk\u0173 aksesarams \u201eBok\u0161tai\u201c\"}]},{\"@type\":\"WebSite\",\"@id\":\"https:\/\/nesugalvotinorai.lt\/#website\",\"url\":\"https:\/\/nesugalvotinorai.lt\/\",\"name\":\"Nesugalvotinorai\",\"description\":\"\u017evak\u0117s, nam\u0173 kvapai, pad\u0117kliukai, d\u0117\u017eut\u0117s, dekoracijos, dovan\u0173 id\u0117jos, papuo\u0161alai\",\"publisher\":{\"@id\":\"https:\/\/nesugalvotinorai.lt\/#organization\"},\"potentialAction\":[{\"@type\":\"SearchAction\",\"target\":{\"@type\":\"EntryPoint\",\"urlTemplate\":\"https:\/\/nesugalvotinorai.lt\/?s={search_term_string}\"},\"query-input\":{\"@type\":\"PropertyValueSpecification\",\"valueRequired\":true,\"valueName\":\"search_term_string\"}}],\"inLanguage\":\"lt-LT\"},{\"@type\":\"Organization\",\"@id\":\"https:\/\/nesugalvotinorai.lt\/#organization\",\"name\":\"Nesugalvotinorai\",\"url\":\"https:\/\/nesugalvotinorai.lt\/\",\"logo\":{\"@type\":\"ImageObject\",\"inLanguage\":\"lt-LT\",\"@id\":\"https:\/\/nesugalvotinorai.lt\/#\/schema\/logo\/image\/\",\"url\":\"https:\/\/nesugalvotinorai.lt\/wp-content\/uploads\/2023\/05\/cropped-nesugalvoti-norai-vector.png\",\"contentUrl\":\"https:\/\/nesugalvotinorai.lt\/wp-content\/uploads\/2023\/05\/cropped-nesugalvoti-norai-vector.png\",\"width\":1483,\"height\":1371,\"caption\":\"Nesugalvotinorai\"},\"image\":{\"@id\":\"https:\/\/nesugalvotinorai.lt\/#\/schema\/logo\/image\/\"},\"sameAs\":[\"https:\/\/www.facebook.com\/nesugalvotinorai\",\"https:\/\/www.instagram.com\/nesugalvoti_norai\/\"]}]}<\/script>\n<!-- \/ Yoast SEO plugin. -->","yoast_head_json":{"title":"Rinkinys plauk\u0173 aksesarams \u201eBok\u0161tai\u201c - Nesugalvotinorai","description":"Rinkinys plauk\u0173 aksesuarams, makia\u017eo \u0161epet\u0117liams ar kitiems j\u016bs\u0173 pam\u0117gtiems daiktams laikyti. Puikus sprendimas ie\u0161kantiems dovanos.","robots":{"index":"index","follow":"follow","max-snippet":"max-snippet:-1","max-image-preview":"max-image-preview:large","max-video-preview":"max-video-preview:-1"},"canonical":"https:\/\/nesugalvotinorai.lt\/index.php\/product\/rinkinys-plauku-aksesuarams-bokstai\/","og_locale":"lt_LT","og_type":"article","og_title":"Rinkinys plauk\u0173 aksesarams \u201eBok\u0161tai\u201c - Nesugalvotinorai","og_description":"Rinkinys plauk\u0173 aksesuarams, makia\u017eo \u0161epet\u0117liams ar kitiems j\u016bs\u0173 pam\u0117gtiems daiktams laikyti. Puikus sprendimas ie\u0161kantiems dovanos.","og_url":"https:\/\/nesugalvotinorai.lt\/index.php\/product\/rinkinys-plauku-aksesuarams-bokstai\/","og_site_name":"Nesugalvotinorai","article_publisher":"https:\/\/www.facebook.com\/nesugalvotinorai","article_modified_time":"2023-09-19T18:03:37+00:00","og_image":[{"width":1920,"height":2560,"url":"https:\/\/nesugalvotinorai.lt\/wp-content\/uploads\/2023\/08\/IMG_20230817_132855_11zon-scaled.jpg","type":"image\/jpeg"}],"twitter_card":"summary_large_image","twitter_misc":{"Est. reading time":"1 minut\u0117"},"schema":{"@context":"https:\/\/schema.org","@graph":[{"@type":"WebPage","@id":"https:\/\/nesugalvotinorai.lt\/index.php\/product\/rinkinys-plauku-aksesuarams-bokstai\/","url":"https:\/\/nesugalvotinorai.lt\/index.php\/product\/rinkinys-plauku-aksesuarams-bokstai\/","name":"Rinkinys plauk\u0173 aksesarams \u201eBok\u0161tai\u201c - Nesugalvotinorai","isPartOf":{"@id":"https:\/\/nesugalvotinorai.lt\/#website"},"primaryImageOfPage":{"@id":"https:\/\/nesugalvotinorai.lt\/index.php\/product\/rinkinys-plauku-aksesuarams-bokstai\/#primaryimage"},"image":{"@id":"https:\/\/nesugalvotinorai.lt\/index.php\/product\/rinkinys-plauku-aksesuarams-bokstai\/#primaryimage"},"thumbnailUrl":"https:\/\/nesugalvotinorai.lt\/wp-content\/uploads\/2023\/08\/IMG_20230817_132855_11zon-scaled.jpg","datePublished":"2023-08-18T05:13:08+00:00","dateModified":"2023-09-19T18:03:37+00:00","description":"Rinkinys plauk\u0173 aksesuarams, makia\u017eo \u0161epet\u0117liams ar kitiems j\u016bs\u0173 pam\u0117gtiems daiktams laikyti. Puikus sprendimas ie\u0161kantiems dovanos.","breadcrumb":{"@id":"https:\/\/nesugalvotinorai.lt\/index.php\/product\/rinkinys-plauku-aksesuarams-bokstai\/#breadcrumb"},"inLanguage":"lt-LT","potentialAction":[{"@type":"ReadAction","target":["https:\/\/nesugalvotinorai.lt\/index.php\/product\/rinkinys-plauku-aksesuarams-bokstai\/"]}]},{"@type":"ImageObject","inLanguage":"lt-LT","@id":"https:\/\/nesugalvotinorai.lt\/index.php\/product\/rinkinys-plauku-aksesuarams-bokstai\/#primaryimage","url":"https:\/\/nesugalvotinorai.lt\/wp-content\/uploads\/2023\/08\/IMG_20230817_132855_11zon-scaled.jpg","contentUrl":"https:\/\/nesugalvotinorai.lt\/wp-content\/uploads\/2023\/08\/IMG_20230817_132855_11zon-scaled.jpg","width":1920,"height":2560,"caption":"dekoro detal\u0117s plauk\u0173 aksesuarams"},{"@type":"BreadcrumbList","@id":"https:\/\/nesugalvotinorai.lt\/index.php\/product\/rinkinys-plauku-aksesuarams-bokstai\/#breadcrumb","itemListElement":[{"@type":"ListItem","position":1,"name":"Home","item":"https:\/\/nesugalvotinorai.lt\/"},{"@type":"ListItem","position":2,"name":"Parduotuv\u0117","item":"https:\/\/nesugalvotinorai.lt\/index.php\/parduotuve\/"},{"@type":"ListItem","position":3,"name":"Rinkinys plauk\u0173 aksesarams \u201eBok\u0161tai\u201c"}]},{"@type":"WebSite","@id":"https:\/\/nesugalvotinorai.lt\/#website","url":"https:\/\/nesugalvotinorai.lt\/","name":"Nesugalvotinorai","description":"\u017evak\u0117s, nam\u0173 kvapai, pad\u0117kliukai, d\u0117\u017eut\u0117s, dekoracijos, dovan\u0173 id\u0117jos, papuo\u0161alai","publisher":{"@id":"https:\/\/nesugalvotinorai.lt\/#organization"},"potentialAction":[{"@type":"SearchAction","target":{"@type":"EntryPoint","urlTemplate":"https:\/\/nesugalvotinorai.lt\/?s={search_term_string}"},"query-input":{"@type":"PropertyValueSpecification","valueRequired":true,"valueName":"search_term_string"}}],"inLanguage":"lt-LT"},{"@type":"Organization","@id":"https:\/\/nesugalvotinorai.lt\/#organization","name":"Nesugalvotinorai","url":"https:\/\/nesugalvotinorai.lt\/","logo":{"@type":"ImageObject","inLanguage":"lt-LT","@id":"https:\/\/nesugalvotinorai.lt\/#\/schema\/logo\/image\/","url":"https:\/\/nesugalvotinorai.lt\/wp-content\/uploads\/2023\/05\/cropped-nesugalvoti-norai-vector.png","contentUrl":"https:\/\/nesugalvotinorai.lt\/wp-content\/uploads\/2023\/05\/cropped-nesugalvoti-norai-vector.png","width":1483,"height":1371,"caption":"Nesugalvotinorai"},"image":{"@id":"https:\/\/nesugalvotinorai.lt\/#\/schema\/logo\/image\/"},"sameAs":["https:\/\/www.facebook.com\/nesugalvotinorai","https:\/\/www.instagram.com\/nesugalvoti_norai\/"]}]}},"_links":{"self":[{"href":"https:\/\/nesugalvotinorai.lt\/index.php\/wp-json\/wp\/v2\/product\/2360","targetHints":{"allow":["GET"]}}],"collection":[{"href":"https:\/\/nesugalvotinorai.lt\/index.php\/wp-json\/wp\/v2\/product"}],"about":[{"href":"https:\/\/nesugalvotinorai.lt\/index.php\/wp-json\/wp\/v2\/types\/product"}],"replies":[{"embeddable":true,"href":"https:\/\/nesugalvotinorai.lt\/index.php\/wp-json\/wp\/v2\/comments?post=2360"}],"wp:featuredmedia":[{"embeddable":true,"href":"https:\/\/nesugalvotinorai.lt\/index.php\/wp-json\/wp\/v2\/media\/2361"}],"wp:attachment":[{"href":"https:\/\/nesugalvotinorai.lt\/index.php\/wp-json\/wp\/v2\/media?parent=2360"}],"wp:term":[{"taxonomy":"product_cat","embeddable":true,"href":"https:\/\/nesugalvotinorai.lt\/index.php\/wp-json\/wp\/v2\/product_cat?post=2360"},{"taxonomy":"product_tag","embeddable":true,"href":"https:\/\/nesugalvotinorai.lt\/index.php\/wp-json\/wp\/v2\/product_tag?post=2360"}],"curies":[{"name":"wp","href":"https:\/\/api.w.org\/{rel}","templated":true}]}}