{"id":2759,"date":"2023-10-14T18:17:58","date_gmt":"2023-10-14T15:17:58","guid":{"rendered":"https:\/\/nesugalvotinorai.lt\/?post_type=product&#038;p=2759"},"modified":"2023-10-14T18:40:47","modified_gmt":"2023-10-14T15:40:47","slug":"papuosalu-rinkinys-gaivi-rasa","status":"publish","type":"product","link":"https:\/\/nesugalvotinorai.lt\/index.php\/product\/papuosalu-rinkinys-gaivi-rasa\/","title":{"rendered":"Papuo\u0161al\u0173 rinkinys \u201eGaivi rasa\u201c"},"content":{"rendered":"<p>Subtilus kaklo v\u0117rinys ir prie jo deranti apyrank\u0117.<\/p>\n<p>Papuo\u0161alai sukurti i\u0161 smulki\u0173 stiklo kristal\u0173 ir dekoruoti aukso spalvos hematito detal\u0117mis. Papuo\u0161al\u0173 sujungimams panaudotos ner\u016bdijan\u010dio plieno detal\u0117s.<\/p>\n<p>Aksesuarai pagyvinantys tavo aprangos stili\u0173 ir sukuriantys nepriekai\u0161ting\u0105 visum\u0105. Tiks kasdienai ir \u0161ventei, prie klasikinio ir laisvalaikio stiliaus.<\/p>\n<p>&nbsp;<\/p>\n<p>&nbsp;<\/p>\n<p>&nbsp;<\/p>\n","protected":false},"excerpt":{"rendered":"<p>Subtilus kaklo v\u0117rinys ir prie jo deranti apyrank\u0117.<\/p>\n<p>&nbsp;<\/p>\n","protected":false},"featured_media":2760,"comment_status":"open","ping_status":"closed","template":"","meta":{"site-sidebar-layout":"default","site-content-layout":"content-boxed-container","ast-site-content-layout":"normal-width-container","site-content-style":"boxed","site-sidebar-style":"unboxed","ast-global-header-display":"","ast-banner-title-visibility":"","ast-main-header-display":"","ast-hfb-above-header-display":"","ast-hfb-below-header-display":"","ast-hfb-mobile-header-display":"","site-post-title":"","ast-breadcrumbs-content":"","ast-featured-img":"","footer-sml-layout":"","theme-transparent-header-meta":"default","adv-header-id-meta":"","stick-header-meta":"","header-above-stick-meta":"","header-main-stick-meta":"","header-below-stick-meta":"","astra-migrate-meta-layouts":"set"},"product_cat":[34],"product_tag":[],"class_list":{"0":"post-2759","1":"product","2":"type-product","3":"status-publish","4":"has-post-thumbnail","6":"product_cat-papuosalai","7":"desktop-align-left","8":"tablet-align-left","9":"mobile-align-left","10":"ast-product-gallery-layout-horizontal-slider","11":"ast-product-tabs-layout-horizontal","13":"first","14":"instock","15":"featured","16":"shipping-taxable","17":"purchasable","18":"product-type-simple"},"yoast_head":"<!-- This site is optimized with the Yoast SEO plugin v24.1 - https:\/\/yoast.com\/wordpress\/plugins\/seo\/ -->\n<title>Papuo\u0161al\u0173 rinkinys \u201eGaivi rasa\u201c - Nesugalvotinorai<\/title>\n<meta name=\"description\" content=\"Aksesuarai, pagyvinantys tavo aprangos stili\u0173 ir sukuriantys nepriekai\u0161ting\u0105 visum\u0105. Tiks kasdienai ir \u0161ventei, prie klasikinio ir laisvalaikio stiliaus.\" \/>\n<meta name=\"robots\" content=\"index, follow, max-snippet:-1, max-image-preview:large, max-video-preview:-1\" \/>\n<link rel=\"canonical\" href=\"https:\/\/nesugalvotinorai.lt\/index.php\/product\/papuosalu-rinkinys-gaivi-rasa\/\" \/>\n<meta property=\"og:locale\" content=\"lt_LT\" \/>\n<meta property=\"og:type\" content=\"article\" \/>\n<meta property=\"og:title\" content=\"Papuo\u0161al\u0173 rinkinys \u201eGaivi rasa\u201c - Nesugalvotinorai\" \/>\n<meta property=\"og:description\" content=\"Aksesuarai, pagyvinantys tavo aprangos stili\u0173 ir sukuriantys nepriekai\u0161ting\u0105 visum\u0105. Tiks kasdienai ir \u0161ventei, prie klasikinio ir laisvalaikio stiliaus.\" \/>\n<meta property=\"og:url\" content=\"https:\/\/nesugalvotinorai.lt\/index.php\/product\/papuosalu-rinkinys-gaivi-rasa\/\" \/>\n<meta property=\"og:site_name\" content=\"Nesugalvotinorai\" \/>\n<meta property=\"article:publisher\" content=\"https:\/\/www.facebook.com\/nesugalvotinorai\" \/>\n<meta property=\"article:modified_time\" content=\"2023-10-14T15:40:47+00:00\" \/>\n<meta property=\"og:image\" content=\"https:\/\/nesugalvotinorai.lt\/wp-content\/uploads\/2023\/10\/8verinys_11zon-scaled.jpg\" \/>\n\t<meta property=\"og:image:width\" content=\"1920\" \/>\n\t<meta property=\"og:image:height\" content=\"2560\" \/>\n\t<meta property=\"og:image:type\" content=\"image\/jpeg\" \/>\n<meta name=\"twitter:card\" content=\"summary_large_image\" \/>\n<meta name=\"twitter:label1\" content=\"Est. reading time\" \/>\n\t<meta name=\"twitter:data1\" content=\"1 minut\u0117\" \/>\n<script type=\"application\/ld+json\" class=\"yoast-schema-graph\">{\"@context\":\"https:\/\/schema.org\",\"@graph\":[{\"@type\":\"WebPage\",\"@id\":\"https:\/\/nesugalvotinorai.lt\/index.php\/product\/papuosalu-rinkinys-gaivi-rasa\/\",\"url\":\"https:\/\/nesugalvotinorai.lt\/index.php\/product\/papuosalu-rinkinys-gaivi-rasa\/\",\"name\":\"Papuo\u0161al\u0173 rinkinys \u201eGaivi rasa\u201c - Nesugalvotinorai\",\"isPartOf\":{\"@id\":\"https:\/\/nesugalvotinorai.lt\/#website\"},\"primaryImageOfPage\":{\"@id\":\"https:\/\/nesugalvotinorai.lt\/index.php\/product\/papuosalu-rinkinys-gaivi-rasa\/#primaryimage\"},\"image\":{\"@id\":\"https:\/\/nesugalvotinorai.lt\/index.php\/product\/papuosalu-rinkinys-gaivi-rasa\/#primaryimage\"},\"thumbnailUrl\":\"https:\/\/nesugalvotinorai.lt\/wp-content\/uploads\/2023\/10\/8verinys_11zon-scaled.jpg\",\"datePublished\":\"2023-10-14T15:17:58+00:00\",\"dateModified\":\"2023-10-14T15:40:47+00:00\",\"description\":\"Aksesuarai, pagyvinantys tavo aprangos stili\u0173 ir sukuriantys nepriekai\u0161ting\u0105 visum\u0105. Tiks kasdienai ir \u0161ventei, prie klasikinio ir laisvalaikio stiliaus.\",\"breadcrumb\":{\"@id\":\"https:\/\/nesugalvotinorai.lt\/index.php\/product\/papuosalu-rinkinys-gaivi-rasa\/#breadcrumb\"},\"inLanguage\":\"lt-LT\",\"potentialAction\":[{\"@type\":\"ReadAction\",\"target\":[\"https:\/\/nesugalvotinorai.lt\/index.php\/product\/papuosalu-rinkinys-gaivi-rasa\/\"]}]},{\"@type\":\"ImageObject\",\"inLanguage\":\"lt-LT\",\"@id\":\"https:\/\/nesugalvotinorai.lt\/index.php\/product\/papuosalu-rinkinys-gaivi-rasa\/#primaryimage\",\"url\":\"https:\/\/nesugalvotinorai.lt\/wp-content\/uploads\/2023\/10\/8verinys_11zon-scaled.jpg\",\"contentUrl\":\"https:\/\/nesugalvotinorai.lt\/wp-content\/uploads\/2023\/10\/8verinys_11zon-scaled.jpg\",\"width\":1920,\"height\":2560,\"caption\":\"Papuo\u0161al\u0173 rinkinys\"},{\"@type\":\"BreadcrumbList\",\"@id\":\"https:\/\/nesugalvotinorai.lt\/index.php\/product\/papuosalu-rinkinys-gaivi-rasa\/#breadcrumb\",\"itemListElement\":[{\"@type\":\"ListItem\",\"position\":1,\"name\":\"Home\",\"item\":\"https:\/\/nesugalvotinorai.lt\/\"},{\"@type\":\"ListItem\",\"position\":2,\"name\":\"Parduotuv\u0117\",\"item\":\"https:\/\/nesugalvotinorai.lt\/index.php\/parduotuve\/\"},{\"@type\":\"ListItem\",\"position\":3,\"name\":\"Papuo\u0161al\u0173 rinkinys \u201eGaivi rasa\u201c\"}]},{\"@type\":\"WebSite\",\"@id\":\"https:\/\/nesugalvotinorai.lt\/#website\",\"url\":\"https:\/\/nesugalvotinorai.lt\/\",\"name\":\"Nesugalvotinorai\",\"description\":\"\u017evak\u0117s, nam\u0173 kvapai, pad\u0117kliukai, d\u0117\u017eut\u0117s, dekoracijos, dovan\u0173 id\u0117jos, papuo\u0161alai\",\"publisher\":{\"@id\":\"https:\/\/nesugalvotinorai.lt\/#organization\"},\"potentialAction\":[{\"@type\":\"SearchAction\",\"target\":{\"@type\":\"EntryPoint\",\"urlTemplate\":\"https:\/\/nesugalvotinorai.lt\/?s={search_term_string}\"},\"query-input\":{\"@type\":\"PropertyValueSpecification\",\"valueRequired\":true,\"valueName\":\"search_term_string\"}}],\"inLanguage\":\"lt-LT\"},{\"@type\":\"Organization\",\"@id\":\"https:\/\/nesugalvotinorai.lt\/#organization\",\"name\":\"Nesugalvotinorai\",\"url\":\"https:\/\/nesugalvotinorai.lt\/\",\"logo\":{\"@type\":\"ImageObject\",\"inLanguage\":\"lt-LT\",\"@id\":\"https:\/\/nesugalvotinorai.lt\/#\/schema\/logo\/image\/\",\"url\":\"https:\/\/nesugalvotinorai.lt\/wp-content\/uploads\/2023\/05\/cropped-nesugalvoti-norai-vector.png\",\"contentUrl\":\"https:\/\/nesugalvotinorai.lt\/wp-content\/uploads\/2023\/05\/cropped-nesugalvoti-norai-vector.png\",\"width\":1483,\"height\":1371,\"caption\":\"Nesugalvotinorai\"},\"image\":{\"@id\":\"https:\/\/nesugalvotinorai.lt\/#\/schema\/logo\/image\/\"},\"sameAs\":[\"https:\/\/www.facebook.com\/nesugalvotinorai\",\"https:\/\/www.instagram.com\/nesugalvoti_norai\/\"]}]}<\/script>\n<!-- \/ Yoast SEO plugin. -->","yoast_head_json":{"title":"Papuo\u0161al\u0173 rinkinys \u201eGaivi rasa\u201c - Nesugalvotinorai","description":"Aksesuarai, pagyvinantys tavo aprangos stili\u0173 ir sukuriantys nepriekai\u0161ting\u0105 visum\u0105. Tiks kasdienai ir \u0161ventei, prie klasikinio ir laisvalaikio stiliaus.","robots":{"index":"index","follow":"follow","max-snippet":"max-snippet:-1","max-image-preview":"max-image-preview:large","max-video-preview":"max-video-preview:-1"},"canonical":"https:\/\/nesugalvotinorai.lt\/index.php\/product\/papuosalu-rinkinys-gaivi-rasa\/","og_locale":"lt_LT","og_type":"article","og_title":"Papuo\u0161al\u0173 rinkinys \u201eGaivi rasa\u201c - Nesugalvotinorai","og_description":"Aksesuarai, pagyvinantys tavo aprangos stili\u0173 ir sukuriantys nepriekai\u0161ting\u0105 visum\u0105. Tiks kasdienai ir \u0161ventei, prie klasikinio ir laisvalaikio stiliaus.","og_url":"https:\/\/nesugalvotinorai.lt\/index.php\/product\/papuosalu-rinkinys-gaivi-rasa\/","og_site_name":"Nesugalvotinorai","article_publisher":"https:\/\/www.facebook.com\/nesugalvotinorai","article_modified_time":"2023-10-14T15:40:47+00:00","og_image":[{"width":1920,"height":2560,"url":"https:\/\/nesugalvotinorai.lt\/wp-content\/uploads\/2023\/10\/8verinys_11zon-scaled.jpg","type":"image\/jpeg"}],"twitter_card":"summary_large_image","twitter_misc":{"Est. reading time":"1 minut\u0117"},"schema":{"@context":"https:\/\/schema.org","@graph":[{"@type":"WebPage","@id":"https:\/\/nesugalvotinorai.lt\/index.php\/product\/papuosalu-rinkinys-gaivi-rasa\/","url":"https:\/\/nesugalvotinorai.lt\/index.php\/product\/papuosalu-rinkinys-gaivi-rasa\/","name":"Papuo\u0161al\u0173 rinkinys \u201eGaivi rasa\u201c - Nesugalvotinorai","isPartOf":{"@id":"https:\/\/nesugalvotinorai.lt\/#website"},"primaryImageOfPage":{"@id":"https:\/\/nesugalvotinorai.lt\/index.php\/product\/papuosalu-rinkinys-gaivi-rasa\/#primaryimage"},"image":{"@id":"https:\/\/nesugalvotinorai.lt\/index.php\/product\/papuosalu-rinkinys-gaivi-rasa\/#primaryimage"},"thumbnailUrl":"https:\/\/nesugalvotinorai.lt\/wp-content\/uploads\/2023\/10\/8verinys_11zon-scaled.jpg","datePublished":"2023-10-14T15:17:58+00:00","dateModified":"2023-10-14T15:40:47+00:00","description":"Aksesuarai, pagyvinantys tavo aprangos stili\u0173 ir sukuriantys nepriekai\u0161ting\u0105 visum\u0105. Tiks kasdienai ir \u0161ventei, prie klasikinio ir laisvalaikio stiliaus.","breadcrumb":{"@id":"https:\/\/nesugalvotinorai.lt\/index.php\/product\/papuosalu-rinkinys-gaivi-rasa\/#breadcrumb"},"inLanguage":"lt-LT","potentialAction":[{"@type":"ReadAction","target":["https:\/\/nesugalvotinorai.lt\/index.php\/product\/papuosalu-rinkinys-gaivi-rasa\/"]}]},{"@type":"ImageObject","inLanguage":"lt-LT","@id":"https:\/\/nesugalvotinorai.lt\/index.php\/product\/papuosalu-rinkinys-gaivi-rasa\/#primaryimage","url":"https:\/\/nesugalvotinorai.lt\/wp-content\/uploads\/2023\/10\/8verinys_11zon-scaled.jpg","contentUrl":"https:\/\/nesugalvotinorai.lt\/wp-content\/uploads\/2023\/10\/8verinys_11zon-scaled.jpg","width":1920,"height":2560,"caption":"Papuo\u0161al\u0173 rinkinys"},{"@type":"BreadcrumbList","@id":"https:\/\/nesugalvotinorai.lt\/index.php\/product\/papuosalu-rinkinys-gaivi-rasa\/#breadcrumb","itemListElement":[{"@type":"ListItem","position":1,"name":"Home","item":"https:\/\/nesugalvotinorai.lt\/"},{"@type":"ListItem","position":2,"name":"Parduotuv\u0117","item":"https:\/\/nesugalvotinorai.lt\/index.php\/parduotuve\/"},{"@type":"ListItem","position":3,"name":"Papuo\u0161al\u0173 rinkinys \u201eGaivi rasa\u201c"}]},{"@type":"WebSite","@id":"https:\/\/nesugalvotinorai.lt\/#website","url":"https:\/\/nesugalvotinorai.lt\/","name":"Nesugalvotinorai","description":"\u017evak\u0117s, nam\u0173 kvapai, pad\u0117kliukai, d\u0117\u017eut\u0117s, dekoracijos, dovan\u0173 id\u0117jos, papuo\u0161alai","publisher":{"@id":"https:\/\/nesugalvotinorai.lt\/#organization"},"potentialAction":[{"@type":"SearchAction","target":{"@type":"EntryPoint","urlTemplate":"https:\/\/nesugalvotinorai.lt\/?s={search_term_string}"},"query-input":{"@type":"PropertyValueSpecification","valueRequired":true,"valueName":"search_term_string"}}],"inLanguage":"lt-LT"},{"@type":"Organization","@id":"https:\/\/nesugalvotinorai.lt\/#organization","name":"Nesugalvotinorai","url":"https:\/\/nesugalvotinorai.lt\/","logo":{"@type":"ImageObject","inLanguage":"lt-LT","@id":"https:\/\/nesugalvotinorai.lt\/#\/schema\/logo\/image\/","url":"https:\/\/nesugalvotinorai.lt\/wp-content\/uploads\/2023\/05\/cropped-nesugalvoti-norai-vector.png","contentUrl":"https:\/\/nesugalvotinorai.lt\/wp-content\/uploads\/2023\/05\/cropped-nesugalvoti-norai-vector.png","width":1483,"height":1371,"caption":"Nesugalvotinorai"},"image":{"@id":"https:\/\/nesugalvotinorai.lt\/#\/schema\/logo\/image\/"},"sameAs":["https:\/\/www.facebook.com\/nesugalvotinorai","https:\/\/www.instagram.com\/nesugalvoti_norai\/"]}]}},"_links":{"self":[{"href":"https:\/\/nesugalvotinorai.lt\/index.php\/wp-json\/wp\/v2\/product\/2759","targetHints":{"allow":["GET"]}}],"collection":[{"href":"https:\/\/nesugalvotinorai.lt\/index.php\/wp-json\/wp\/v2\/product"}],"about":[{"href":"https:\/\/nesugalvotinorai.lt\/index.php\/wp-json\/wp\/v2\/types\/product"}],"replies":[{"embeddable":true,"href":"https:\/\/nesugalvotinorai.lt\/index.php\/wp-json\/wp\/v2\/comments?post=2759"}],"wp:featuredmedia":[{"embeddable":true,"href":"https:\/\/nesugalvotinorai.lt\/index.php\/wp-json\/wp\/v2\/media\/2760"}],"wp:attachment":[{"href":"https:\/\/nesugalvotinorai.lt\/index.php\/wp-json\/wp\/v2\/media?parent=2759"}],"wp:term":[{"taxonomy":"product_cat","embeddable":true,"href":"https:\/\/nesugalvotinorai.lt\/index.php\/wp-json\/wp\/v2\/product_cat?post=2759"},{"taxonomy":"product_tag","embeddable":true,"href":"https:\/\/nesugalvotinorai.lt\/index.php\/wp-json\/wp\/v2\/product_tag?post=2759"}],"curies":[{"name":"wp","href":"https:\/\/api.w.org\/{rel}","templated":true}]}}