{"id":3079,"date":"2024-02-04T21:43:33","date_gmt":"2024-02-04T18:43:33","guid":{"rendered":"https:\/\/nesugalvotinorai.lt\/?post_type=product&#038;p=3079"},"modified":"2024-02-04T22:36:13","modified_gmt":"2024-02-04T19:36:13","slug":"rinkinys-jaukus-pusryciai","status":"publish","type":"product","link":"https:\/\/nesugalvotinorai.lt\/index.php\/product\/rinkinys-jaukus-pusryciai\/","title":{"rendered":"Rinkinys \u201eJauk\u016bs pusry\u010diai\u201c"},"content":{"rendered":"<div class=\"m8h3af8h l7ghb35v kjdc1dyq kmwttqpk gh25dzvf\">\n<div class=\"m8h3af8h l7ghb35v kjdc1dyq kmwttqpk gh25dzvf\">\n<div class=\"m8h3af8h l7ghb35v kjdc1dyq kmwttqpk gh25dzvf\">Keramikinis kiau\u0161ini\u0173 d\u0117klas, kuriame patogiai \u012fsitaiso ne tik kietai, mink\u0161tai virti, bet ir va\u0161ko kiau\u0161iniai, kad savaitgalio pusry\u010diai b\u016bt\u0173 eleganti\u0161ki ir dar jaukesni.<\/div>\n<div>Kiau\u0161ini\u0173 formos \u017evak\u0117s pagamintos i\u0161 nat\u016bralaus soj\u0173 va\u0161ko.<\/div>\n<div><span style=\"font-size: 16px;\">Rinkin\u012f sudaro:<\/span><\/div>\n<ul>\n<li>keramikinis d\u0117klas;<\/li>\n<li>2 vnt. soj\u0173 va\u0161ko \u017evaki\u0173 lygiu pavir\u0161iumi;<\/li>\n<li>2 vnt. soj\u0173 va\u0161ko \u017evaki\u0173 tekst\u016briniu pavir\u0161iumi.<\/li>\n<\/ul>\n<p>Art\u0117jant pavasariui ir \u0160v. Velykom, tai gali tapti puikia dovana ir \u0161ventinio stalo akcentu.<\/p>\n<p>Rinkinius galite pasirinkti, pagal norim\u0105 kiau\u0161ini\u0173 d\u0117klo atspalv\u012f.<\/p>\n<\/div>\n<\/div>\n","protected":false},"excerpt":{"rendered":"<div class=\"m8h3af8h l7ghb35v kjdc1dyq kmwttqpk gh25dzvf\">\n<div class=\"m8h3af8h l7ghb35v kjdc1dyq kmwttqpk gh25dzvf\">\n<div class=\"m8h3af8h l7ghb35v kjdc1dyq kmwttqpk gh25dzvf\">\n<div class=\"m8h3af8h l7ghb35v kjdc1dyq kmwttqpk gh25dzvf\">Rinkinys: keramikinis kiau\u0161ini\u0173 d\u0117klas ir nat\u016bralaus soj\u0173 va\u0161ko \u017evak\u0117s.<\/div>\n<div><\/div>\n<\/div>\n<\/div>\n<\/div>\n","protected":false},"featured_media":3088,"comment_status":"open","ping_status":"closed","template":"","meta":{"site-sidebar-layout":"default","site-content-layout":"content-boxed-container","ast-site-content-layout":"normal-width-container","site-content-style":"boxed","site-sidebar-style":"unboxed","ast-global-header-display":"","ast-banner-title-visibility":"","ast-main-header-display":"","ast-hfb-above-header-display":"","ast-hfb-below-header-display":"","ast-hfb-mobile-header-display":"","site-post-title":"","ast-breadcrumbs-content":"","ast-featured-img":"","footer-sml-layout":"","theme-transparent-header-meta":"default","adv-header-id-meta":"","stick-header-meta":"","header-above-stick-meta":"","header-main-stick-meta":"","header-below-stick-meta":"","astra-migrate-meta-layouts":"set"},"product_cat":[33,28],"product_tag":[],"class_list":{"0":"post-3079","1":"product","2":"type-product","3":"status-publish","4":"has-post-thumbnail","6":"product_cat-dovanu-idejos","7":"product_cat-zvakes","8":"desktop-align-left","9":"tablet-align-left","10":"mobile-align-left","11":"ast-product-gallery-layout-horizontal-slider","12":"ast-product-single-variable","13":"ast-product-tabs-layout-horizontal","15":"first","16":"instock","17":"featured","18":"shipping-taxable","19":"purchasable","20":"product-type-variable"},"yoast_head":"<!-- This site is optimized with the Yoast SEO plugin v24.1 - https:\/\/yoast.com\/wordpress\/plugins\/seo\/ -->\n<title>Rinkinys \u201eJauk\u016bs pusry\u010diai\u201c - Nesugalvotinorai<\/title>\n<meta name=\"description\" content=\"Keramikinis kiau\u0161ini\u0173 d\u0117klas, kuriame patogiai \u012fsitaiso ne tik kietai, mink\u0161tai virti, bet ir va\u0161ko kiau\u0161iniai, kad savaitgalio pusry\u010diai b\u016bt\u0173 dar jaukesni.\" \/>\n<meta name=\"robots\" content=\"index, follow, max-snippet:-1, max-image-preview:large, max-video-preview:-1\" \/>\n<link rel=\"canonical\" href=\"https:\/\/nesugalvotinorai.lt\/index.php\/product\/rinkinys-jaukus-pusryciai\/\" \/>\n<meta property=\"og:locale\" content=\"lt_LT\" \/>\n<meta property=\"og:type\" content=\"article\" \/>\n<meta property=\"og:title\" content=\"Rinkinys \u201eJauk\u016bs pusry\u010diai\u201c - Nesugalvotinorai\" \/>\n<meta property=\"og:description\" content=\"Keramikinis kiau\u0161ini\u0173 d\u0117klas, kuriame patogiai \u012fsitaiso ne tik kietai, mink\u0161tai virti, bet ir va\u0161ko kiau\u0161iniai, kad savaitgalio pusry\u010diai b\u016bt\u0173 dar jaukesni.\" \/>\n<meta property=\"og:url\" content=\"https:\/\/nesugalvotinorai.lt\/index.php\/product\/rinkinys-jaukus-pusryciai\/\" \/>\n<meta property=\"og:site_name\" content=\"Nesugalvotinorai\" \/>\n<meta property=\"article:publisher\" content=\"https:\/\/www.facebook.com\/nesugalvotinorai\" \/>\n<meta property=\"article:modified_time\" content=\"2024-02-04T19:36:13+00:00\" \/>\n<meta property=\"og:image\" content=\"https:\/\/nesugalvotinorai.lt\/wp-content\/uploads\/2024\/02\/IMG_20240125_121147_382.webp\" \/>\n\t<meta property=\"og:image:width\" content=\"1440\" \/>\n\t<meta property=\"og:image:height\" content=\"1440\" \/>\n\t<meta property=\"og:image:type\" content=\"image\/webp\" \/>\n<meta name=\"twitter:card\" content=\"summary_large_image\" \/>\n<meta name=\"twitter:label1\" content=\"Est. reading time\" \/>\n\t<meta name=\"twitter:data1\" content=\"1 minut\u0117\" \/>\n<script type=\"application\/ld+json\" class=\"yoast-schema-graph\">{\"@context\":\"https:\/\/schema.org\",\"@graph\":[{\"@type\":\"WebPage\",\"@id\":\"https:\/\/nesugalvotinorai.lt\/index.php\/product\/rinkinys-jaukus-pusryciai\/\",\"url\":\"https:\/\/nesugalvotinorai.lt\/index.php\/product\/rinkinys-jaukus-pusryciai\/\",\"name\":\"Rinkinys \u201eJauk\u016bs pusry\u010diai\u201c - Nesugalvotinorai\",\"isPartOf\":{\"@id\":\"https:\/\/nesugalvotinorai.lt\/#website\"},\"primaryImageOfPage\":{\"@id\":\"https:\/\/nesugalvotinorai.lt\/index.php\/product\/rinkinys-jaukus-pusryciai\/#primaryimage\"},\"image\":{\"@id\":\"https:\/\/nesugalvotinorai.lt\/index.php\/product\/rinkinys-jaukus-pusryciai\/#primaryimage\"},\"thumbnailUrl\":\"https:\/\/nesugalvotinorai.lt\/wp-content\/uploads\/2024\/02\/IMG_20240125_121147_382.webp\",\"datePublished\":\"2024-02-04T18:43:33+00:00\",\"dateModified\":\"2024-02-04T19:36:13+00:00\",\"description\":\"Keramikinis kiau\u0161ini\u0173 d\u0117klas, kuriame patogiai \u012fsitaiso ne tik kietai, mink\u0161tai virti, bet ir va\u0161ko kiau\u0161iniai, kad savaitgalio pusry\u010diai b\u016bt\u0173 dar jaukesni.\",\"breadcrumb\":{\"@id\":\"https:\/\/nesugalvotinorai.lt\/index.php\/product\/rinkinys-jaukus-pusryciai\/#breadcrumb\"},\"inLanguage\":\"lt-LT\",\"potentialAction\":[{\"@type\":\"ReadAction\",\"target\":[\"https:\/\/nesugalvotinorai.lt\/index.php\/product\/rinkinys-jaukus-pusryciai\/\"]}]},{\"@type\":\"ImageObject\",\"inLanguage\":\"lt-LT\",\"@id\":\"https:\/\/nesugalvotinorai.lt\/index.php\/product\/rinkinys-jaukus-pusryciai\/#primaryimage\",\"url\":\"https:\/\/nesugalvotinorai.lt\/wp-content\/uploads\/2024\/02\/IMG_20240125_121147_382.webp\",\"contentUrl\":\"https:\/\/nesugalvotinorai.lt\/wp-content\/uploads\/2024\/02\/IMG_20240125_121147_382.webp\",\"width\":1440,\"height\":1440,\"caption\":\"Rinkinys\"},{\"@type\":\"BreadcrumbList\",\"@id\":\"https:\/\/nesugalvotinorai.lt\/index.php\/product\/rinkinys-jaukus-pusryciai\/#breadcrumb\",\"itemListElement\":[{\"@type\":\"ListItem\",\"position\":1,\"name\":\"Home\",\"item\":\"https:\/\/nesugalvotinorai.lt\/\"},{\"@type\":\"ListItem\",\"position\":2,\"name\":\"Parduotuv\u0117\",\"item\":\"https:\/\/nesugalvotinorai.lt\/index.php\/parduotuve\/\"},{\"@type\":\"ListItem\",\"position\":3,\"name\":\"Rinkinys \u201eJauk\u016bs pusry\u010diai\u201c\"}]},{\"@type\":\"WebSite\",\"@id\":\"https:\/\/nesugalvotinorai.lt\/#website\",\"url\":\"https:\/\/nesugalvotinorai.lt\/\",\"name\":\"Nesugalvotinorai\",\"description\":\"\u017evak\u0117s, nam\u0173 kvapai, pad\u0117kliukai, d\u0117\u017eut\u0117s, dekoracijos, dovan\u0173 id\u0117jos, papuo\u0161alai\",\"publisher\":{\"@id\":\"https:\/\/nesugalvotinorai.lt\/#organization\"},\"potentialAction\":[{\"@type\":\"SearchAction\",\"target\":{\"@type\":\"EntryPoint\",\"urlTemplate\":\"https:\/\/nesugalvotinorai.lt\/?s={search_term_string}\"},\"query-input\":{\"@type\":\"PropertyValueSpecification\",\"valueRequired\":true,\"valueName\":\"search_term_string\"}}],\"inLanguage\":\"lt-LT\"},{\"@type\":\"Organization\",\"@id\":\"https:\/\/nesugalvotinorai.lt\/#organization\",\"name\":\"Nesugalvotinorai\",\"url\":\"https:\/\/nesugalvotinorai.lt\/\",\"logo\":{\"@type\":\"ImageObject\",\"inLanguage\":\"lt-LT\",\"@id\":\"https:\/\/nesugalvotinorai.lt\/#\/schema\/logo\/image\/\",\"url\":\"https:\/\/nesugalvotinorai.lt\/wp-content\/uploads\/2023\/05\/cropped-nesugalvoti-norai-vector.png\",\"contentUrl\":\"https:\/\/nesugalvotinorai.lt\/wp-content\/uploads\/2023\/05\/cropped-nesugalvoti-norai-vector.png\",\"width\":1483,\"height\":1371,\"caption\":\"Nesugalvotinorai\"},\"image\":{\"@id\":\"https:\/\/nesugalvotinorai.lt\/#\/schema\/logo\/image\/\"},\"sameAs\":[\"https:\/\/www.facebook.com\/nesugalvotinorai\",\"https:\/\/www.instagram.com\/nesugalvoti_norai\/\"]}]}<\/script>\n<!-- \/ Yoast SEO plugin. -->","yoast_head_json":{"title":"Rinkinys \u201eJauk\u016bs pusry\u010diai\u201c - Nesugalvotinorai","description":"Keramikinis kiau\u0161ini\u0173 d\u0117klas, kuriame patogiai \u012fsitaiso ne tik kietai, mink\u0161tai virti, bet ir va\u0161ko kiau\u0161iniai, kad savaitgalio pusry\u010diai b\u016bt\u0173 dar jaukesni.","robots":{"index":"index","follow":"follow","max-snippet":"max-snippet:-1","max-image-preview":"max-image-preview:large","max-video-preview":"max-video-preview:-1"},"canonical":"https:\/\/nesugalvotinorai.lt\/index.php\/product\/rinkinys-jaukus-pusryciai\/","og_locale":"lt_LT","og_type":"article","og_title":"Rinkinys \u201eJauk\u016bs pusry\u010diai\u201c - Nesugalvotinorai","og_description":"Keramikinis kiau\u0161ini\u0173 d\u0117klas, kuriame patogiai \u012fsitaiso ne tik kietai, mink\u0161tai virti, bet ir va\u0161ko kiau\u0161iniai, kad savaitgalio pusry\u010diai b\u016bt\u0173 dar jaukesni.","og_url":"https:\/\/nesugalvotinorai.lt\/index.php\/product\/rinkinys-jaukus-pusryciai\/","og_site_name":"Nesugalvotinorai","article_publisher":"https:\/\/www.facebook.com\/nesugalvotinorai","article_modified_time":"2024-02-04T19:36:13+00:00","og_image":[{"width":1440,"height":1440,"url":"https:\/\/nesugalvotinorai.lt\/wp-content\/uploads\/2024\/02\/IMG_20240125_121147_382.webp","type":"image\/webp"}],"twitter_card":"summary_large_image","twitter_misc":{"Est. reading time":"1 minut\u0117"},"schema":{"@context":"https:\/\/schema.org","@graph":[{"@type":"WebPage","@id":"https:\/\/nesugalvotinorai.lt\/index.php\/product\/rinkinys-jaukus-pusryciai\/","url":"https:\/\/nesugalvotinorai.lt\/index.php\/product\/rinkinys-jaukus-pusryciai\/","name":"Rinkinys \u201eJauk\u016bs pusry\u010diai\u201c - Nesugalvotinorai","isPartOf":{"@id":"https:\/\/nesugalvotinorai.lt\/#website"},"primaryImageOfPage":{"@id":"https:\/\/nesugalvotinorai.lt\/index.php\/product\/rinkinys-jaukus-pusryciai\/#primaryimage"},"image":{"@id":"https:\/\/nesugalvotinorai.lt\/index.php\/product\/rinkinys-jaukus-pusryciai\/#primaryimage"},"thumbnailUrl":"https:\/\/nesugalvotinorai.lt\/wp-content\/uploads\/2024\/02\/IMG_20240125_121147_382.webp","datePublished":"2024-02-04T18:43:33+00:00","dateModified":"2024-02-04T19:36:13+00:00","description":"Keramikinis kiau\u0161ini\u0173 d\u0117klas, kuriame patogiai \u012fsitaiso ne tik kietai, mink\u0161tai virti, bet ir va\u0161ko kiau\u0161iniai, kad savaitgalio pusry\u010diai b\u016bt\u0173 dar jaukesni.","breadcrumb":{"@id":"https:\/\/nesugalvotinorai.lt\/index.php\/product\/rinkinys-jaukus-pusryciai\/#breadcrumb"},"inLanguage":"lt-LT","potentialAction":[{"@type":"ReadAction","target":["https:\/\/nesugalvotinorai.lt\/index.php\/product\/rinkinys-jaukus-pusryciai\/"]}]},{"@type":"ImageObject","inLanguage":"lt-LT","@id":"https:\/\/nesugalvotinorai.lt\/index.php\/product\/rinkinys-jaukus-pusryciai\/#primaryimage","url":"https:\/\/nesugalvotinorai.lt\/wp-content\/uploads\/2024\/02\/IMG_20240125_121147_382.webp","contentUrl":"https:\/\/nesugalvotinorai.lt\/wp-content\/uploads\/2024\/02\/IMG_20240125_121147_382.webp","width":1440,"height":1440,"caption":"Rinkinys"},{"@type":"BreadcrumbList","@id":"https:\/\/nesugalvotinorai.lt\/index.php\/product\/rinkinys-jaukus-pusryciai\/#breadcrumb","itemListElement":[{"@type":"ListItem","position":1,"name":"Home","item":"https:\/\/nesugalvotinorai.lt\/"},{"@type":"ListItem","position":2,"name":"Parduotuv\u0117","item":"https:\/\/nesugalvotinorai.lt\/index.php\/parduotuve\/"},{"@type":"ListItem","position":3,"name":"Rinkinys \u201eJauk\u016bs pusry\u010diai\u201c"}]},{"@type":"WebSite","@id":"https:\/\/nesugalvotinorai.lt\/#website","url":"https:\/\/nesugalvotinorai.lt\/","name":"Nesugalvotinorai","description":"\u017evak\u0117s, nam\u0173 kvapai, pad\u0117kliukai, d\u0117\u017eut\u0117s, dekoracijos, dovan\u0173 id\u0117jos, papuo\u0161alai","publisher":{"@id":"https:\/\/nesugalvotinorai.lt\/#organization"},"potentialAction":[{"@type":"SearchAction","target":{"@type":"EntryPoint","urlTemplate":"https:\/\/nesugalvotinorai.lt\/?s={search_term_string}"},"query-input":{"@type":"PropertyValueSpecification","valueRequired":true,"valueName":"search_term_string"}}],"inLanguage":"lt-LT"},{"@type":"Organization","@id":"https:\/\/nesugalvotinorai.lt\/#organization","name":"Nesugalvotinorai","url":"https:\/\/nesugalvotinorai.lt\/","logo":{"@type":"ImageObject","inLanguage":"lt-LT","@id":"https:\/\/nesugalvotinorai.lt\/#\/schema\/logo\/image\/","url":"https:\/\/nesugalvotinorai.lt\/wp-content\/uploads\/2023\/05\/cropped-nesugalvoti-norai-vector.png","contentUrl":"https:\/\/nesugalvotinorai.lt\/wp-content\/uploads\/2023\/05\/cropped-nesugalvoti-norai-vector.png","width":1483,"height":1371,"caption":"Nesugalvotinorai"},"image":{"@id":"https:\/\/nesugalvotinorai.lt\/#\/schema\/logo\/image\/"},"sameAs":["https:\/\/www.facebook.com\/nesugalvotinorai","https:\/\/www.instagram.com\/nesugalvoti_norai\/"]}]}},"_links":{"self":[{"href":"https:\/\/nesugalvotinorai.lt\/index.php\/wp-json\/wp\/v2\/product\/3079","targetHints":{"allow":["GET"]}}],"collection":[{"href":"https:\/\/nesugalvotinorai.lt\/index.php\/wp-json\/wp\/v2\/product"}],"about":[{"href":"https:\/\/nesugalvotinorai.lt\/index.php\/wp-json\/wp\/v2\/types\/product"}],"replies":[{"embeddable":true,"href":"https:\/\/nesugalvotinorai.lt\/index.php\/wp-json\/wp\/v2\/comments?post=3079"}],"wp:featuredmedia":[{"embeddable":true,"href":"https:\/\/nesugalvotinorai.lt\/index.php\/wp-json\/wp\/v2\/media\/3088"}],"wp:attachment":[{"href":"https:\/\/nesugalvotinorai.lt\/index.php\/wp-json\/wp\/v2\/media?parent=3079"}],"wp:term":[{"taxonomy":"product_cat","embeddable":true,"href":"https:\/\/nesugalvotinorai.lt\/index.php\/wp-json\/wp\/v2\/product_cat?post=3079"},{"taxonomy":"product_tag","embeddable":true,"href":"https:\/\/nesugalvotinorai.lt\/index.php\/wp-json\/wp\/v2\/product_tag?post=3079"}],"curies":[{"name":"wp","href":"https:\/\/api.w.org\/{rel}","templated":true}]}}