{"id":3141,"date":"2024-02-19T10:43:58","date_gmt":"2024-02-19T07:43:58","guid":{"rendered":"https:\/\/nesugalvotinorai.lt\/?post_type=product&#038;p=3141"},"modified":"2024-02-19T11:13:42","modified_gmt":"2024-02-19T08:13:42","slug":"aromatine-zvake-su-gaubtu","status":"publish","type":"product","link":"https:\/\/nesugalvotinorai.lt\/index.php\/product\/aromatine-zvake-su-gaubtu\/","title":{"rendered":"Aromatin\u0117 \u017evak\u0117 su gaubtu"},"content":{"rendered":"<div class=\"m8h3af8h l7ghb35v kjdc1dyq kmwttqpk gh25dzvf\">\n<div class=\"m8h3af8h l7ghb35v kjdc1dyq kmwttqpk gh25dzvf\">\n<div class=\"m8h3af8h l7ghb35v kjdc1dyq kmwttqpk gh25dzvf\">Aromatin\u0117 soj\u0173 va\u0161ko \u017evak\u0117, stkliniame inde su gaubtu.<\/div>\n<div>\u017dvak\u0117 pagaminta i\u0161 nat\u016bralaus soj\u0173 va\u0161ko, prisodrinta aromatiniu aliejumi.<\/div>\n<div>Vir\u0161utin\u0117s natos: mandarinai.<\/div>\n<div>Vidurin\u0117s natos: pakalnut\u0117s, jasminai.<\/div>\n<div>Bazin\u0117s natos:\u00a0 vanil\u0117, tonka, sandalmedis.<\/div>\n<div><\/div>\n<div>\n<p>Kiekviena \u017evak\u0117 pagaminta su meile ir yra unikali. D\u0117l nat\u016brali\u0173 ingredient\u0173 sud\u0117ties, va\u0161kas gali \u012fgauti skirtingus atspalvius, gali atsirasti oro tarp\u0173, ar va\u0161kas pasidengti \u201e\u0161erk\u0161nu\u201c. Tai visi\u0161kai nat\u016bralus procesas, naudojant nat\u016bral\u0173 soj\u0173 va\u0161k\u0105.<\/p>\n<\/div>\n<div>\n<p>Indo skersmuo \u2013 10,0 cm, auk\u0161tis be gaubto \u2013 7,0 cm, auk\u0161tis su gaubtu \u2013 20,0 cm.<\/p>\n<\/div>\n<\/div>\n<\/div>\n<div>\n<p>&nbsp;<\/p>\n<\/div>\n","protected":false},"excerpt":{"rendered":"<div class=\"m8h3af8h l7ghb35v kjdc1dyq kmwttqpk gh25dzvf\">\n<div class=\"m8h3af8h l7ghb35v kjdc1dyq kmwttqpk gh25dzvf\">\n<div class=\"m8h3af8h l7ghb35v kjdc1dyq kmwttqpk gh25dzvf\">\n<div class=\"m8h3af8h l7ghb35v kjdc1dyq kmwttqpk gh25dzvf\">Aromatin\u0117 soj\u0173 va\u0161ko \u017evak\u0117 stikliniame inde su gaubtu.<\/div>\n<div><\/div>\n<\/div>\n<\/div>\n<\/div>\n","protected":false},"featured_media":3142,"comment_status":"open","ping_status":"closed","template":"","meta":{"site-sidebar-layout":"default","site-content-layout":"content-boxed-container","ast-site-content-layout":"normal-width-container","site-content-style":"boxed","site-sidebar-style":"unboxed","ast-global-header-display":"","ast-banner-title-visibility":"","ast-main-header-display":"","ast-hfb-above-header-display":"","ast-hfb-below-header-display":"","ast-hfb-mobile-header-display":"","site-post-title":"","ast-breadcrumbs-content":"","ast-featured-img":"","footer-sml-layout":"","theme-transparent-header-meta":"default","adv-header-id-meta":"","stick-header-meta":"","header-above-stick-meta":"","header-main-stick-meta":"","header-below-stick-meta":"","astra-migrate-meta-layouts":"set"},"product_cat":[28],"product_tag":[],"class_list":{"0":"post-3141","1":"product","2":"type-product","3":"status-publish","4":"has-post-thumbnail","6":"product_cat-zvakes","7":"desktop-align-left","8":"tablet-align-left","9":"mobile-align-left","10":"ast-product-gallery-layout-horizontal-slider","11":"ast-product-tabs-layout-horizontal","13":"first","14":"instock","15":"featured","16":"shipping-taxable","17":"purchasable","18":"product-type-simple"},"yoast_head":"<!-- This site is optimized with the Yoast SEO plugin v24.1 - https:\/\/yoast.com\/wordpress\/plugins\/seo\/ -->\n<title>Aromatin\u0117 \u017evak\u0117 su gaubtu - Nesugalvotinorai<\/title>\n<meta name=\"description\" content=\"Aromatin\u0117 soj\u0173 va\u0161ko \u017evak\u0117, stkliniame inde su gaubtu.\u00a0\u017dvak\u0117 pagaminta i\u0161 nat\u016bralaus soj\u0173 va\u0161ko, prisodrinta aromatiniu aliejumi.\" \/>\n<meta name=\"robots\" content=\"index, follow, max-snippet:-1, max-image-preview:large, max-video-preview:-1\" \/>\n<link rel=\"canonical\" href=\"https:\/\/nesugalvotinorai.lt\/index.php\/product\/aromatine-zvake-su-gaubtu\/\" \/>\n<meta property=\"og:locale\" content=\"lt_LT\" \/>\n<meta property=\"og:type\" content=\"article\" \/>\n<meta property=\"og:title\" content=\"Aromatin\u0117 \u017evak\u0117 su gaubtu - Nesugalvotinorai\" \/>\n<meta property=\"og:description\" content=\"Aromatin\u0117 soj\u0173 va\u0161ko \u017evak\u0117, stkliniame inde su gaubtu.\u00a0\u017dvak\u0117 pagaminta i\u0161 nat\u016bralaus soj\u0173 va\u0161ko, prisodrinta aromatiniu aliejumi.\" \/>\n<meta property=\"og:url\" content=\"https:\/\/nesugalvotinorai.lt\/index.php\/product\/aromatine-zvake-su-gaubtu\/\" \/>\n<meta property=\"og:site_name\" content=\"Nesugalvotinorai\" \/>\n<meta property=\"article:publisher\" content=\"https:\/\/www.facebook.com\/nesugalvotinorai\" \/>\n<meta property=\"article:modified_time\" content=\"2024-02-19T08:13:42+00:00\" \/>\n<meta property=\"og:image\" content=\"https:\/\/nesugalvotinorai.lt\/wp-content\/uploads\/2024\/02\/zvake1_11zon-scaled.jpg\" \/>\n\t<meta property=\"og:image:width\" content=\"1920\" \/>\n\t<meta property=\"og:image:height\" content=\"2560\" \/>\n\t<meta property=\"og:image:type\" content=\"image\/jpeg\" \/>\n<meta name=\"twitter:card\" content=\"summary_large_image\" \/>\n<meta name=\"twitter:label1\" content=\"Est. reading time\" \/>\n\t<meta name=\"twitter:data1\" content=\"1 minut\u0117\" \/>\n<script type=\"application\/ld+json\" class=\"yoast-schema-graph\">{\"@context\":\"https:\/\/schema.org\",\"@graph\":[{\"@type\":\"WebPage\",\"@id\":\"https:\/\/nesugalvotinorai.lt\/index.php\/product\/aromatine-zvake-su-gaubtu\/\",\"url\":\"https:\/\/nesugalvotinorai.lt\/index.php\/product\/aromatine-zvake-su-gaubtu\/\",\"name\":\"Aromatin\u0117 \u017evak\u0117 su gaubtu - Nesugalvotinorai\",\"isPartOf\":{\"@id\":\"https:\/\/nesugalvotinorai.lt\/#website\"},\"primaryImageOfPage\":{\"@id\":\"https:\/\/nesugalvotinorai.lt\/index.php\/product\/aromatine-zvake-su-gaubtu\/#primaryimage\"},\"image\":{\"@id\":\"https:\/\/nesugalvotinorai.lt\/index.php\/product\/aromatine-zvake-su-gaubtu\/#primaryimage\"},\"thumbnailUrl\":\"https:\/\/nesugalvotinorai.lt\/wp-content\/uploads\/2024\/02\/zvake1_11zon-scaled.jpg\",\"datePublished\":\"2024-02-19T07:43:58+00:00\",\"dateModified\":\"2024-02-19T08:13:42+00:00\",\"description\":\"Aromatin\u0117 soj\u0173 va\u0161ko \u017evak\u0117, stkliniame inde su gaubtu.\u00a0\u017dvak\u0117 pagaminta i\u0161 nat\u016bralaus soj\u0173 va\u0161ko, prisodrinta aromatiniu aliejumi.\",\"breadcrumb\":{\"@id\":\"https:\/\/nesugalvotinorai.lt\/index.php\/product\/aromatine-zvake-su-gaubtu\/#breadcrumb\"},\"inLanguage\":\"lt-LT\",\"potentialAction\":[{\"@type\":\"ReadAction\",\"target\":[\"https:\/\/nesugalvotinorai.lt\/index.php\/product\/aromatine-zvake-su-gaubtu\/\"]}]},{\"@type\":\"ImageObject\",\"inLanguage\":\"lt-LT\",\"@id\":\"https:\/\/nesugalvotinorai.lt\/index.php\/product\/aromatine-zvake-su-gaubtu\/#primaryimage\",\"url\":\"https:\/\/nesugalvotinorai.lt\/wp-content\/uploads\/2024\/02\/zvake1_11zon-scaled.jpg\",\"contentUrl\":\"https:\/\/nesugalvotinorai.lt\/wp-content\/uploads\/2024\/02\/zvake1_11zon-scaled.jpg\",\"width\":1920,\"height\":2560,\"caption\":\"Aromatin\u0117 \u017evak\u0117\"},{\"@type\":\"BreadcrumbList\",\"@id\":\"https:\/\/nesugalvotinorai.lt\/index.php\/product\/aromatine-zvake-su-gaubtu\/#breadcrumb\",\"itemListElement\":[{\"@type\":\"ListItem\",\"position\":1,\"name\":\"Home\",\"item\":\"https:\/\/nesugalvotinorai.lt\/\"},{\"@type\":\"ListItem\",\"position\":2,\"name\":\"Parduotuv\u0117\",\"item\":\"https:\/\/nesugalvotinorai.lt\/index.php\/parduotuve\/\"},{\"@type\":\"ListItem\",\"position\":3,\"name\":\"Aromatin\u0117 \u017evak\u0117 su gaubtu\"}]},{\"@type\":\"WebSite\",\"@id\":\"https:\/\/nesugalvotinorai.lt\/#website\",\"url\":\"https:\/\/nesugalvotinorai.lt\/\",\"name\":\"Nesugalvotinorai\",\"description\":\"\u017evak\u0117s, nam\u0173 kvapai, pad\u0117kliukai, d\u0117\u017eut\u0117s, dekoracijos, dovan\u0173 id\u0117jos, papuo\u0161alai\",\"publisher\":{\"@id\":\"https:\/\/nesugalvotinorai.lt\/#organization\"},\"potentialAction\":[{\"@type\":\"SearchAction\",\"target\":{\"@type\":\"EntryPoint\",\"urlTemplate\":\"https:\/\/nesugalvotinorai.lt\/?s={search_term_string}\"},\"query-input\":{\"@type\":\"PropertyValueSpecification\",\"valueRequired\":true,\"valueName\":\"search_term_string\"}}],\"inLanguage\":\"lt-LT\"},{\"@type\":\"Organization\",\"@id\":\"https:\/\/nesugalvotinorai.lt\/#organization\",\"name\":\"Nesugalvotinorai\",\"url\":\"https:\/\/nesugalvotinorai.lt\/\",\"logo\":{\"@type\":\"ImageObject\",\"inLanguage\":\"lt-LT\",\"@id\":\"https:\/\/nesugalvotinorai.lt\/#\/schema\/logo\/image\/\",\"url\":\"https:\/\/nesugalvotinorai.lt\/wp-content\/uploads\/2023\/05\/cropped-nesugalvoti-norai-vector.png\",\"contentUrl\":\"https:\/\/nesugalvotinorai.lt\/wp-content\/uploads\/2023\/05\/cropped-nesugalvoti-norai-vector.png\",\"width\":1483,\"height\":1371,\"caption\":\"Nesugalvotinorai\"},\"image\":{\"@id\":\"https:\/\/nesugalvotinorai.lt\/#\/schema\/logo\/image\/\"},\"sameAs\":[\"https:\/\/www.facebook.com\/nesugalvotinorai\",\"https:\/\/www.instagram.com\/nesugalvoti_norai\/\"]}]}<\/script>\n<!-- \/ Yoast SEO plugin. -->","yoast_head_json":{"title":"Aromatin\u0117 \u017evak\u0117 su gaubtu - Nesugalvotinorai","description":"Aromatin\u0117 soj\u0173 va\u0161ko \u017evak\u0117, stkliniame inde su gaubtu.\u00a0\u017dvak\u0117 pagaminta i\u0161 nat\u016bralaus soj\u0173 va\u0161ko, prisodrinta aromatiniu aliejumi.","robots":{"index":"index","follow":"follow","max-snippet":"max-snippet:-1","max-image-preview":"max-image-preview:large","max-video-preview":"max-video-preview:-1"},"canonical":"https:\/\/nesugalvotinorai.lt\/index.php\/product\/aromatine-zvake-su-gaubtu\/","og_locale":"lt_LT","og_type":"article","og_title":"Aromatin\u0117 \u017evak\u0117 su gaubtu - Nesugalvotinorai","og_description":"Aromatin\u0117 soj\u0173 va\u0161ko \u017evak\u0117, stkliniame inde su gaubtu.\u00a0\u017dvak\u0117 pagaminta i\u0161 nat\u016bralaus soj\u0173 va\u0161ko, prisodrinta aromatiniu aliejumi.","og_url":"https:\/\/nesugalvotinorai.lt\/index.php\/product\/aromatine-zvake-su-gaubtu\/","og_site_name":"Nesugalvotinorai","article_publisher":"https:\/\/www.facebook.com\/nesugalvotinorai","article_modified_time":"2024-02-19T08:13:42+00:00","og_image":[{"width":1920,"height":2560,"url":"https:\/\/nesugalvotinorai.lt\/wp-content\/uploads\/2024\/02\/zvake1_11zon-scaled.jpg","type":"image\/jpeg"}],"twitter_card":"summary_large_image","twitter_misc":{"Est. reading time":"1 minut\u0117"},"schema":{"@context":"https:\/\/schema.org","@graph":[{"@type":"WebPage","@id":"https:\/\/nesugalvotinorai.lt\/index.php\/product\/aromatine-zvake-su-gaubtu\/","url":"https:\/\/nesugalvotinorai.lt\/index.php\/product\/aromatine-zvake-su-gaubtu\/","name":"Aromatin\u0117 \u017evak\u0117 su gaubtu - Nesugalvotinorai","isPartOf":{"@id":"https:\/\/nesugalvotinorai.lt\/#website"},"primaryImageOfPage":{"@id":"https:\/\/nesugalvotinorai.lt\/index.php\/product\/aromatine-zvake-su-gaubtu\/#primaryimage"},"image":{"@id":"https:\/\/nesugalvotinorai.lt\/index.php\/product\/aromatine-zvake-su-gaubtu\/#primaryimage"},"thumbnailUrl":"https:\/\/nesugalvotinorai.lt\/wp-content\/uploads\/2024\/02\/zvake1_11zon-scaled.jpg","datePublished":"2024-02-19T07:43:58+00:00","dateModified":"2024-02-19T08:13:42+00:00","description":"Aromatin\u0117 soj\u0173 va\u0161ko \u017evak\u0117, stkliniame inde su gaubtu.\u00a0\u017dvak\u0117 pagaminta i\u0161 nat\u016bralaus soj\u0173 va\u0161ko, prisodrinta aromatiniu aliejumi.","breadcrumb":{"@id":"https:\/\/nesugalvotinorai.lt\/index.php\/product\/aromatine-zvake-su-gaubtu\/#breadcrumb"},"inLanguage":"lt-LT","potentialAction":[{"@type":"ReadAction","target":["https:\/\/nesugalvotinorai.lt\/index.php\/product\/aromatine-zvake-su-gaubtu\/"]}]},{"@type":"ImageObject","inLanguage":"lt-LT","@id":"https:\/\/nesugalvotinorai.lt\/index.php\/product\/aromatine-zvake-su-gaubtu\/#primaryimage","url":"https:\/\/nesugalvotinorai.lt\/wp-content\/uploads\/2024\/02\/zvake1_11zon-scaled.jpg","contentUrl":"https:\/\/nesugalvotinorai.lt\/wp-content\/uploads\/2024\/02\/zvake1_11zon-scaled.jpg","width":1920,"height":2560,"caption":"Aromatin\u0117 \u017evak\u0117"},{"@type":"BreadcrumbList","@id":"https:\/\/nesugalvotinorai.lt\/index.php\/product\/aromatine-zvake-su-gaubtu\/#breadcrumb","itemListElement":[{"@type":"ListItem","position":1,"name":"Home","item":"https:\/\/nesugalvotinorai.lt\/"},{"@type":"ListItem","position":2,"name":"Parduotuv\u0117","item":"https:\/\/nesugalvotinorai.lt\/index.php\/parduotuve\/"},{"@type":"ListItem","position":3,"name":"Aromatin\u0117 \u017evak\u0117 su gaubtu"}]},{"@type":"WebSite","@id":"https:\/\/nesugalvotinorai.lt\/#website","url":"https:\/\/nesugalvotinorai.lt\/","name":"Nesugalvotinorai","description":"\u017evak\u0117s, nam\u0173 kvapai, pad\u0117kliukai, d\u0117\u017eut\u0117s, dekoracijos, dovan\u0173 id\u0117jos, papuo\u0161alai","publisher":{"@id":"https:\/\/nesugalvotinorai.lt\/#organization"},"potentialAction":[{"@type":"SearchAction","target":{"@type":"EntryPoint","urlTemplate":"https:\/\/nesugalvotinorai.lt\/?s={search_term_string}"},"query-input":{"@type":"PropertyValueSpecification","valueRequired":true,"valueName":"search_term_string"}}],"inLanguage":"lt-LT"},{"@type":"Organization","@id":"https:\/\/nesugalvotinorai.lt\/#organization","name":"Nesugalvotinorai","url":"https:\/\/nesugalvotinorai.lt\/","logo":{"@type":"ImageObject","inLanguage":"lt-LT","@id":"https:\/\/nesugalvotinorai.lt\/#\/schema\/logo\/image\/","url":"https:\/\/nesugalvotinorai.lt\/wp-content\/uploads\/2023\/05\/cropped-nesugalvoti-norai-vector.png","contentUrl":"https:\/\/nesugalvotinorai.lt\/wp-content\/uploads\/2023\/05\/cropped-nesugalvoti-norai-vector.png","width":1483,"height":1371,"caption":"Nesugalvotinorai"},"image":{"@id":"https:\/\/nesugalvotinorai.lt\/#\/schema\/logo\/image\/"},"sameAs":["https:\/\/www.facebook.com\/nesugalvotinorai","https:\/\/www.instagram.com\/nesugalvoti_norai\/"]}]}},"_links":{"self":[{"href":"https:\/\/nesugalvotinorai.lt\/index.php\/wp-json\/wp\/v2\/product\/3141","targetHints":{"allow":["GET"]}}],"collection":[{"href":"https:\/\/nesugalvotinorai.lt\/index.php\/wp-json\/wp\/v2\/product"}],"about":[{"href":"https:\/\/nesugalvotinorai.lt\/index.php\/wp-json\/wp\/v2\/types\/product"}],"replies":[{"embeddable":true,"href":"https:\/\/nesugalvotinorai.lt\/index.php\/wp-json\/wp\/v2\/comments?post=3141"}],"wp:featuredmedia":[{"embeddable":true,"href":"https:\/\/nesugalvotinorai.lt\/index.php\/wp-json\/wp\/v2\/media\/3142"}],"wp:attachment":[{"href":"https:\/\/nesugalvotinorai.lt\/index.php\/wp-json\/wp\/v2\/media?parent=3141"}],"wp:term":[{"taxonomy":"product_cat","embeddable":true,"href":"https:\/\/nesugalvotinorai.lt\/index.php\/wp-json\/wp\/v2\/product_cat?post=3141"},{"taxonomy":"product_tag","embeddable":true,"href":"https:\/\/nesugalvotinorai.lt\/index.php\/wp-json\/wp\/v2\/product_tag?post=3141"}],"curies":[{"name":"wp","href":"https:\/\/api.w.org\/{rel}","templated":true}]}}