{"id":3261,"date":"2024-04-20T19:13:52","date_gmt":"2024-04-20T16:13:52","guid":{"rendered":"https:\/\/nesugalvotinorai.lt\/?post_type=product&#038;p=3261"},"modified":"2024-04-20T19:26:10","modified_gmt":"2024-04-20T16:26:10","slug":"rinkinys-meta","status":"publish","type":"product","link":"https:\/\/nesugalvotinorai.lt\/index.php\/product\/rinkinys-meta\/","title":{"rendered":"Rinkinys \u201eM\u0117ta\u201c"},"content":{"rendered":"<div class=\"m8h3af8h l7ghb35v kjdc1dyq kmwttqpk gh25dzvf\"><span style=\"font-size: 16px;\">Nam\u0173 dekoro detal\u0117s, kurios gali b\u016bti komplekuojamos \u012f \u012fvairi\u0173 spalv\u0173 ir form\u0173 derinius. Susikurk savo jauk\u0173 poilsio kampel\u012f namuose, kuriame atrasi nusiraminim\u0105, ramyb\u0119 ir v\u0117l nor\u0117si \u0161ypsotis.\u00a0<\/span><\/div>\n<div class=\"m8h3af8h l7ghb35v kjdc1dyq kmwttqpk gh25dzvf\"><span style=\"font-size: 16px;\">Minimalistinio stiliaus pad\u0117klas,\u00a0 gali tapti\u00a0 nam\u0173 dekoro akcentu, kuriame subtiliai der\u0117s \u017evak\u0117s, nam\u0173 kvapai su lazdel\u0117mis, kosmetikos priemon\u0117s ar kitos jaukios detal\u0117s.\u00a0 <\/span><span style=\"font-size: 16px;\">Jis ne tik puo\u0161ia, bet ir atlieka apsaugin\u0119 funkcij\u0105. Ant pad\u0117klo laikydami \u017evakes, nam\u0173\u00a0 kvapus, kosmetikos priemones ar kitus daiktus, apsaugosite savo baldus nuo \u012fbr\u0117\u017eim\u0173 ar nepageidaujam\u0173 d\u0117mi\u0173.<\/span><\/div>\n<div>Puiki dovana, vertinantiems rank\u0173 darbo gaminius, unikalum\u0105, i\u0161skirtines interjero detales ir kuriantiems savo namuose jauki\u0105 aplink\u0105.<\/div>\n<div>Rinkin\u012f sudaro:<\/div>\n<div>\n<ul>\n<li class=\"m8h3af8h l7ghb35v kjdc1dyq kmwttqpk gh25dzvf\">pad\u0117klas (16,0 cm x 28,0 cm);<\/li>\n<li>\u017evak\u0117 (si\u016bl\u0173 kamuoliukas);<\/li>\n<li>degtuk\u0173 d\u0117\u017eut\u0117 (trobel\u0117).<\/li>\n<\/ul>\n<div><\/div>\n<\/div>\n","protected":false},"excerpt":{"rendered":"<div class=\"m8h3af8h l7ghb35v kjdc1dyq kmwttqpk gh25dzvf\">\n<div class=\"m8h3af8h l7ghb35v kjdc1dyq kmwttqpk gh25dzvf\">\n<div class=\"m8h3af8h l7ghb35v kjdc1dyq kmwttqpk gh25dzvf\">\n<div class=\"m8h3af8h l7ghb35v kjdc1dyq kmwttqpk gh25dzvf\">\n<div class=\"m8h3af8h l7ghb35v kjdc1dyq kmwttqpk gh25dzvf\">\n<div class=\"m8h3af8h l7ghb35v kjdc1dyq kmwttqpk gh25dzvf\"><span style=\"font-size: 16px;\">Nam\u0173 dekoro detal\u0117s, tavo jaukiai poilsio erdvei namuose.<\/span><\/div>\n<div><\/div>\n<\/div>\n<\/div>\n<\/div>\n<\/div>\n<\/div>\n","protected":false},"featured_media":3265,"comment_status":"open","ping_status":"closed","template":"","meta":{"site-sidebar-layout":"default","site-content-layout":"content-boxed-container","ast-site-content-layout":"normal-width-container","site-content-style":"boxed","site-sidebar-style":"unboxed","ast-global-header-display":"","ast-banner-title-visibility":"","ast-main-header-display":"","ast-hfb-above-header-display":"","ast-hfb-below-header-display":"","ast-hfb-mobile-header-display":"","site-post-title":"","ast-breadcrumbs-content":"","ast-featured-img":"","footer-sml-layout":"","theme-transparent-header-meta":"default","adv-header-id-meta":"","stick-header-meta":"","header-above-stick-meta":"","header-main-stick-meta":"","header-below-stick-meta":"","astra-migrate-meta-layouts":"set"},"product_cat":[33,30],"product_tag":[],"class_list":{"0":"post-3261","1":"product","2":"type-product","3":"status-publish","4":"has-post-thumbnail","6":"product_cat-dovanu-idejos","7":"product_cat-namu-dekoro-detales","8":"desktop-align-left","9":"tablet-align-left","10":"mobile-align-left","11":"ast-product-gallery-layout-horizontal-slider","12":"ast-product-tabs-layout-horizontal","14":"first","15":"instock","16":"shipping-taxable","17":"purchasable","18":"product-type-simple"},"yoast_head":"<!-- This site is optimized with the Yoast SEO plugin v24.1 - https:\/\/yoast.com\/wordpress\/plugins\/seo\/ -->\n<title>Rinkinys \u201eM\u0117ta\u201c - Nesugalvotinorai<\/title>\n<meta name=\"description\" content=\"Nam\u0173 dekoro detali\u0173 rinkinys - puiki dovana, vertinantiems rank\u0173 darbo gaminius, subtilum\u0105 ir kuriantiems jauki\u0105 erdv\u0119 namuose.\" \/>\n<meta name=\"robots\" content=\"index, follow, max-snippet:-1, max-image-preview:large, max-video-preview:-1\" \/>\n<link rel=\"canonical\" href=\"https:\/\/nesugalvotinorai.lt\/index.php\/product\/rinkinys-meta\/\" \/>\n<meta property=\"og:locale\" content=\"lt_LT\" \/>\n<meta property=\"og:type\" content=\"article\" \/>\n<meta property=\"og:title\" content=\"Rinkinys \u201eM\u0117ta\u201c - Nesugalvotinorai\" \/>\n<meta property=\"og:description\" content=\"Nam\u0173 dekoro detali\u0173 rinkinys - puiki dovana, vertinantiems rank\u0173 darbo gaminius, subtilum\u0105 ir kuriantiems jauki\u0105 erdv\u0119 namuose.\" \/>\n<meta property=\"og:url\" content=\"https:\/\/nesugalvotinorai.lt\/index.php\/product\/rinkinys-meta\/\" \/>\n<meta property=\"og:site_name\" content=\"Nesugalvotinorai\" \/>\n<meta property=\"article:publisher\" content=\"https:\/\/www.facebook.com\/nesugalvotinorai\" \/>\n<meta property=\"article:modified_time\" content=\"2024-04-20T16:26:10+00:00\" \/>\n<meta property=\"og:image\" content=\"https:\/\/nesugalvotinorai.lt\/wp-content\/uploads\/2024\/04\/20240420_150329-scaled.jpg\" \/>\n\t<meta property=\"og:image:width\" content=\"1920\" \/>\n\t<meta property=\"og:image:height\" content=\"2560\" \/>\n\t<meta property=\"og:image:type\" content=\"image\/jpeg\" \/>\n<meta name=\"twitter:card\" content=\"summary_large_image\" \/>\n<meta name=\"twitter:label1\" content=\"Est. reading time\" \/>\n\t<meta name=\"twitter:data1\" content=\"1 minut\u0117\" \/>\n<script type=\"application\/ld+json\" class=\"yoast-schema-graph\">{\"@context\":\"https:\/\/schema.org\",\"@graph\":[{\"@type\":\"WebPage\",\"@id\":\"https:\/\/nesugalvotinorai.lt\/index.php\/product\/rinkinys-meta\/\",\"url\":\"https:\/\/nesugalvotinorai.lt\/index.php\/product\/rinkinys-meta\/\",\"name\":\"Rinkinys \u201eM\u0117ta\u201c - Nesugalvotinorai\",\"isPartOf\":{\"@id\":\"https:\/\/nesugalvotinorai.lt\/#website\"},\"primaryImageOfPage\":{\"@id\":\"https:\/\/nesugalvotinorai.lt\/index.php\/product\/rinkinys-meta\/#primaryimage\"},\"image\":{\"@id\":\"https:\/\/nesugalvotinorai.lt\/index.php\/product\/rinkinys-meta\/#primaryimage\"},\"thumbnailUrl\":\"https:\/\/nesugalvotinorai.lt\/wp-content\/uploads\/2024\/04\/20240420_150329-scaled.jpg\",\"datePublished\":\"2024-04-20T16:13:52+00:00\",\"dateModified\":\"2024-04-20T16:26:10+00:00\",\"description\":\"Nam\u0173 dekoro detali\u0173 rinkinys - puiki dovana, vertinantiems rank\u0173 darbo gaminius, subtilum\u0105 ir kuriantiems jauki\u0105 erdv\u0119 namuose.\",\"breadcrumb\":{\"@id\":\"https:\/\/nesugalvotinorai.lt\/index.php\/product\/rinkinys-meta\/#breadcrumb\"},\"inLanguage\":\"lt-LT\",\"potentialAction\":[{\"@type\":\"ReadAction\",\"target\":[\"https:\/\/nesugalvotinorai.lt\/index.php\/product\/rinkinys-meta\/\"]}]},{\"@type\":\"ImageObject\",\"inLanguage\":\"lt-LT\",\"@id\":\"https:\/\/nesugalvotinorai.lt\/index.php\/product\/rinkinys-meta\/#primaryimage\",\"url\":\"https:\/\/nesugalvotinorai.lt\/wp-content\/uploads\/2024\/04\/20240420_150329-scaled.jpg\",\"contentUrl\":\"https:\/\/nesugalvotinorai.lt\/wp-content\/uploads\/2024\/04\/20240420_150329-scaled.jpg\",\"width\":1920,\"height\":2560,\"caption\":\"Rinkinys\"},{\"@type\":\"BreadcrumbList\",\"@id\":\"https:\/\/nesugalvotinorai.lt\/index.php\/product\/rinkinys-meta\/#breadcrumb\",\"itemListElement\":[{\"@type\":\"ListItem\",\"position\":1,\"name\":\"Home\",\"item\":\"https:\/\/nesugalvotinorai.lt\/\"},{\"@type\":\"ListItem\",\"position\":2,\"name\":\"Parduotuv\u0117\",\"item\":\"https:\/\/nesugalvotinorai.lt\/index.php\/parduotuve\/\"},{\"@type\":\"ListItem\",\"position\":3,\"name\":\"Rinkinys \u201eM\u0117ta\u201c\"}]},{\"@type\":\"WebSite\",\"@id\":\"https:\/\/nesugalvotinorai.lt\/#website\",\"url\":\"https:\/\/nesugalvotinorai.lt\/\",\"name\":\"Nesugalvotinorai\",\"description\":\"\u017evak\u0117s, nam\u0173 kvapai, pad\u0117kliukai, d\u0117\u017eut\u0117s, dekoracijos, dovan\u0173 id\u0117jos, papuo\u0161alai\",\"publisher\":{\"@id\":\"https:\/\/nesugalvotinorai.lt\/#organization\"},\"potentialAction\":[{\"@type\":\"SearchAction\",\"target\":{\"@type\":\"EntryPoint\",\"urlTemplate\":\"https:\/\/nesugalvotinorai.lt\/?s={search_term_string}\"},\"query-input\":{\"@type\":\"PropertyValueSpecification\",\"valueRequired\":true,\"valueName\":\"search_term_string\"}}],\"inLanguage\":\"lt-LT\"},{\"@type\":\"Organization\",\"@id\":\"https:\/\/nesugalvotinorai.lt\/#organization\",\"name\":\"Nesugalvotinorai\",\"url\":\"https:\/\/nesugalvotinorai.lt\/\",\"logo\":{\"@type\":\"ImageObject\",\"inLanguage\":\"lt-LT\",\"@id\":\"https:\/\/nesugalvotinorai.lt\/#\/schema\/logo\/image\/\",\"url\":\"https:\/\/nesugalvotinorai.lt\/wp-content\/uploads\/2023\/05\/cropped-nesugalvoti-norai-vector.png\",\"contentUrl\":\"https:\/\/nesugalvotinorai.lt\/wp-content\/uploads\/2023\/05\/cropped-nesugalvoti-norai-vector.png\",\"width\":1483,\"height\":1371,\"caption\":\"Nesugalvotinorai\"},\"image\":{\"@id\":\"https:\/\/nesugalvotinorai.lt\/#\/schema\/logo\/image\/\"},\"sameAs\":[\"https:\/\/www.facebook.com\/nesugalvotinorai\",\"https:\/\/www.instagram.com\/nesugalvoti_norai\/\"]}]}<\/script>\n<!-- \/ Yoast SEO plugin. -->","yoast_head_json":{"title":"Rinkinys \u201eM\u0117ta\u201c - Nesugalvotinorai","description":"Nam\u0173 dekoro detali\u0173 rinkinys - puiki dovana, vertinantiems rank\u0173 darbo gaminius, subtilum\u0105 ir kuriantiems jauki\u0105 erdv\u0119 namuose.","robots":{"index":"index","follow":"follow","max-snippet":"max-snippet:-1","max-image-preview":"max-image-preview:large","max-video-preview":"max-video-preview:-1"},"canonical":"https:\/\/nesugalvotinorai.lt\/index.php\/product\/rinkinys-meta\/","og_locale":"lt_LT","og_type":"article","og_title":"Rinkinys \u201eM\u0117ta\u201c - Nesugalvotinorai","og_description":"Nam\u0173 dekoro detali\u0173 rinkinys - puiki dovana, vertinantiems rank\u0173 darbo gaminius, subtilum\u0105 ir kuriantiems jauki\u0105 erdv\u0119 namuose.","og_url":"https:\/\/nesugalvotinorai.lt\/index.php\/product\/rinkinys-meta\/","og_site_name":"Nesugalvotinorai","article_publisher":"https:\/\/www.facebook.com\/nesugalvotinorai","article_modified_time":"2024-04-20T16:26:10+00:00","og_image":[{"width":1920,"height":2560,"url":"https:\/\/nesugalvotinorai.lt\/wp-content\/uploads\/2024\/04\/20240420_150329-scaled.jpg","type":"image\/jpeg"}],"twitter_card":"summary_large_image","twitter_misc":{"Est. reading time":"1 minut\u0117"},"schema":{"@context":"https:\/\/schema.org","@graph":[{"@type":"WebPage","@id":"https:\/\/nesugalvotinorai.lt\/index.php\/product\/rinkinys-meta\/","url":"https:\/\/nesugalvotinorai.lt\/index.php\/product\/rinkinys-meta\/","name":"Rinkinys \u201eM\u0117ta\u201c - Nesugalvotinorai","isPartOf":{"@id":"https:\/\/nesugalvotinorai.lt\/#website"},"primaryImageOfPage":{"@id":"https:\/\/nesugalvotinorai.lt\/index.php\/product\/rinkinys-meta\/#primaryimage"},"image":{"@id":"https:\/\/nesugalvotinorai.lt\/index.php\/product\/rinkinys-meta\/#primaryimage"},"thumbnailUrl":"https:\/\/nesugalvotinorai.lt\/wp-content\/uploads\/2024\/04\/20240420_150329-scaled.jpg","datePublished":"2024-04-20T16:13:52+00:00","dateModified":"2024-04-20T16:26:10+00:00","description":"Nam\u0173 dekoro detali\u0173 rinkinys - puiki dovana, vertinantiems rank\u0173 darbo gaminius, subtilum\u0105 ir kuriantiems jauki\u0105 erdv\u0119 namuose.","breadcrumb":{"@id":"https:\/\/nesugalvotinorai.lt\/index.php\/product\/rinkinys-meta\/#breadcrumb"},"inLanguage":"lt-LT","potentialAction":[{"@type":"ReadAction","target":["https:\/\/nesugalvotinorai.lt\/index.php\/product\/rinkinys-meta\/"]}]},{"@type":"ImageObject","inLanguage":"lt-LT","@id":"https:\/\/nesugalvotinorai.lt\/index.php\/product\/rinkinys-meta\/#primaryimage","url":"https:\/\/nesugalvotinorai.lt\/wp-content\/uploads\/2024\/04\/20240420_150329-scaled.jpg","contentUrl":"https:\/\/nesugalvotinorai.lt\/wp-content\/uploads\/2024\/04\/20240420_150329-scaled.jpg","width":1920,"height":2560,"caption":"Rinkinys"},{"@type":"BreadcrumbList","@id":"https:\/\/nesugalvotinorai.lt\/index.php\/product\/rinkinys-meta\/#breadcrumb","itemListElement":[{"@type":"ListItem","position":1,"name":"Home","item":"https:\/\/nesugalvotinorai.lt\/"},{"@type":"ListItem","position":2,"name":"Parduotuv\u0117","item":"https:\/\/nesugalvotinorai.lt\/index.php\/parduotuve\/"},{"@type":"ListItem","position":3,"name":"Rinkinys \u201eM\u0117ta\u201c"}]},{"@type":"WebSite","@id":"https:\/\/nesugalvotinorai.lt\/#website","url":"https:\/\/nesugalvotinorai.lt\/","name":"Nesugalvotinorai","description":"\u017evak\u0117s, nam\u0173 kvapai, pad\u0117kliukai, d\u0117\u017eut\u0117s, dekoracijos, dovan\u0173 id\u0117jos, papuo\u0161alai","publisher":{"@id":"https:\/\/nesugalvotinorai.lt\/#organization"},"potentialAction":[{"@type":"SearchAction","target":{"@type":"EntryPoint","urlTemplate":"https:\/\/nesugalvotinorai.lt\/?s={search_term_string}"},"query-input":{"@type":"PropertyValueSpecification","valueRequired":true,"valueName":"search_term_string"}}],"inLanguage":"lt-LT"},{"@type":"Organization","@id":"https:\/\/nesugalvotinorai.lt\/#organization","name":"Nesugalvotinorai","url":"https:\/\/nesugalvotinorai.lt\/","logo":{"@type":"ImageObject","inLanguage":"lt-LT","@id":"https:\/\/nesugalvotinorai.lt\/#\/schema\/logo\/image\/","url":"https:\/\/nesugalvotinorai.lt\/wp-content\/uploads\/2023\/05\/cropped-nesugalvoti-norai-vector.png","contentUrl":"https:\/\/nesugalvotinorai.lt\/wp-content\/uploads\/2023\/05\/cropped-nesugalvoti-norai-vector.png","width":1483,"height":1371,"caption":"Nesugalvotinorai"},"image":{"@id":"https:\/\/nesugalvotinorai.lt\/#\/schema\/logo\/image\/"},"sameAs":["https:\/\/www.facebook.com\/nesugalvotinorai","https:\/\/www.instagram.com\/nesugalvoti_norai\/"]}]}},"_links":{"self":[{"href":"https:\/\/nesugalvotinorai.lt\/index.php\/wp-json\/wp\/v2\/product\/3261","targetHints":{"allow":["GET"]}}],"collection":[{"href":"https:\/\/nesugalvotinorai.lt\/index.php\/wp-json\/wp\/v2\/product"}],"about":[{"href":"https:\/\/nesugalvotinorai.lt\/index.php\/wp-json\/wp\/v2\/types\/product"}],"replies":[{"embeddable":true,"href":"https:\/\/nesugalvotinorai.lt\/index.php\/wp-json\/wp\/v2\/comments?post=3261"}],"wp:featuredmedia":[{"embeddable":true,"href":"https:\/\/nesugalvotinorai.lt\/index.php\/wp-json\/wp\/v2\/media\/3265"}],"wp:attachment":[{"href":"https:\/\/nesugalvotinorai.lt\/index.php\/wp-json\/wp\/v2\/media?parent=3261"}],"wp:term":[{"taxonomy":"product_cat","embeddable":true,"href":"https:\/\/nesugalvotinorai.lt\/index.php\/wp-json\/wp\/v2\/product_cat?post=3261"},{"taxonomy":"product_tag","embeddable":true,"href":"https:\/\/nesugalvotinorai.lt\/index.php\/wp-json\/wp\/v2\/product_tag?post=3261"}],"curies":[{"name":"wp","href":"https:\/\/api.w.org\/{rel}","templated":true}]}}